{"id":18612,"date":"2026-04-20T03:05:22","date_gmt":"2026-04-20T00:05:22","guid":{"rendered":"https:\/\/kasskoer.ee\/product\/freedog-maiuselelu-kuubik-koerale-10x10x10cm\/"},"modified":"2026-04-20T03:05:25","modified_gmt":"2026-04-20T00:05:25","slug":"freedog-maiuselelu-kuubik-koerale-10x10x10cm","status":"publish","type":"product","link":"https:\/\/kasskoer.ee\/en\/toode\/freedog-maiuselelu-kuubik-koerale-10x10x10cm\/","title":{"rendered":"Freedog maiuselelu kuubik koerale 10x10x10cm"},"content":{"rendered":"<p><b>Freedog vastupidavast kummist m\u00e4nguasi koerale.<\/b>&#13;<\/p>\n<li>M\u00e4nguasja disain v\u00f5imaldab sinna peita maiuseid, muutes selle veelgi p\u00f5nevamaks ja kaasahaaravamaks.<\/li>\n<p>&#13;<\/p>\n<li>Maiuste peitmise v\u00f5imalus stimuleerib koera vaimselt ja hoiab teda tegevuses.<\/li>\n<p>&#13;<\/p>\n<li>Kummist materjal sobib suurep\u00e4raselt n\u00e4rimiseks, aidates rahuldada koera loomulikku n\u00e4rimisvajadust.<\/li>\n<p>&#13;<\/p>\n<li>M\u00e4nguasi pakub mitte ainult meelelahutust, vaid aitab ka tugevdada koera l\u00f5ualihaseid ja parandada hammaste tervist.<\/li>\n","protected":false},"excerpt":{"rendered":"<p>Vastupidavast kummist valmistatud m\u00e4nguasi, mis pakub koerale nii meelelahutust kui ka vaimset stimulatsiooni.<\/p>\n","protected":false},"featured_media":18613,"template":"","meta":[],"product_cat":[1326,688],"product_tag":[],"class_list":{"0":"post-18612","1":"product","2":"type-product","3":"status-publish","4":"has-post-thumbnail","6":"product_cat-koerte-manguasjad","7":"product_cat-koerad","8":"pa_brand-freedog","9":"pa_ean-3310","10":"pa_kaal-0-200","11":"pa_tootjariik-hiina","13":"first","14":"instock","15":"taxable","16":"shipping-taxable","17":"purchasable","18":"product-type-simple"},"_links":{"self":[{"href":"https:\/\/kasskoer.ee\/en\/wp-json\/wp\/v2\/product\/18612","targetHints":{"allow":["GET"]}}],"collection":[{"href":"https:\/\/kasskoer.ee\/en\/wp-json\/wp\/v2\/product"}],"about":[{"href":"https:\/\/kasskoer.ee\/en\/wp-json\/wp\/v2\/types\/product"}],"wp:featuredmedia":[{"embeddable":true,"href":"https:\/\/kasskoer.ee\/en\/wp-json\/wp\/v2\/media\/18613"}],"wp:attachment":[{"href":"https:\/\/kasskoer.ee\/en\/wp-json\/wp\/v2\/media?parent=18612"}],"wp:term":[{"taxonomy":"product_cat","embeddable":true,"href":"https:\/\/kasskoer.ee\/en\/wp-json\/wp\/v2\/product_cat?post=18612"},{"taxonomy":"product_tag","embeddable":true,"href":"https:\/\/kasskoer.ee\/en\/wp-json\/wp\/v2\/product_tag?post=18612"}],"curies":[{"name":"wp","href":"https:\/\/api.w.org\/{rel}","templated":true}]}}