{"id":18617,"date":"2026-04-20T03:05:22","date_gmt":"2026-04-20T00:05:22","guid":{"rendered":"https:\/\/kasskoer.ee\/product\/freedog-jahutav-manguasi-kont-koerale-75x15cm\/"},"modified":"2026-04-20T03:05:25","modified_gmt":"2026-04-20T00:05:25","slug":"freedog-jahutav-manguasi-kont-koerale-75x15cm","status":"publish","type":"product","link":"https:\/\/kasskoer.ee\/en\/toode\/freedog-jahutav-manguasi-kont-koerale-75x15cm\/","title":{"rendered":"Freedog jahutav m\u00e4nguasi kont koerale 7,5x15cm"},"content":{"rendered":"<p><b>Freedog vastupidav jahutav m\u00e4nguasi koerale.<\/b>&#13;<\/p>\n<li>Ideaalne k\u00f5ikidele t\u00f5ugudele ja suurustele.<\/li>\n<p>&#13;<\/p>\n<li>Valmistatud TPR-ist, t\u00e4idetud vee ja soolaga.<\/li>\n<p>&#13;<\/p>\n<li>Lihtsalt aseta m\u00e4nguasi s\u00fcgavk\u00fclma v\u00f5i k\u00fclmikusse ning see pakub sinu lemmikule meeldivat jahutust ja n\u00e4rimisr\u00f5\u00f5mu.<\/li>\n","protected":false},"excerpt":{"rendered":"<p>Funktsionaalne m\u00e4nguasi, mis aitab hoida sinu koera aktiivsena ja jahutatuna kuumadel suvep\u00e4evadel.<\/p>\n","protected":false},"featured_media":18618,"template":"","meta":[],"product_cat":[1326,688],"product_tag":[],"class_list":{"0":"post-18617","1":"product","2":"type-product","3":"status-publish","4":"has-post-thumbnail","6":"product_cat-koerte-manguasjad","7":"product_cat-koerad","8":"pa_brand-freedog","9":"pa_ean-3312","10":"pa_kaal-0-170","11":"pa_tootjariik-hiina","13":"first","14":"instock","15":"taxable","16":"shipping-taxable","17":"purchasable","18":"product-type-simple"},"_links":{"self":[{"href":"https:\/\/kasskoer.ee\/en\/wp-json\/wp\/v2\/product\/18617","targetHints":{"allow":["GET"]}}],"collection":[{"href":"https:\/\/kasskoer.ee\/en\/wp-json\/wp\/v2\/product"}],"about":[{"href":"https:\/\/kasskoer.ee\/en\/wp-json\/wp\/v2\/types\/product"}],"wp:featuredmedia":[{"embeddable":true,"href":"https:\/\/kasskoer.ee\/en\/wp-json\/wp\/v2\/media\/18618"}],"wp:attachment":[{"href":"https:\/\/kasskoer.ee\/en\/wp-json\/wp\/v2\/media?parent=18617"}],"wp:term":[{"taxonomy":"product_cat","embeddable":true,"href":"https:\/\/kasskoer.ee\/en\/wp-json\/wp\/v2\/product_cat?post=18617"},{"taxonomy":"product_tag","embeddable":true,"href":"https:\/\/kasskoer.ee\/en\/wp-json\/wp\/v2\/product_tag?post=18617"}],"curies":[{"name":"wp","href":"https:\/\/api.w.org\/{rel}","templated":true}]}}