{"id":18622,"date":"2026-04-20T03:15:03","date_gmt":"2026-04-20T00:15:03","guid":{"rendered":"https:\/\/kasskoer.ee\/product\/flamingo-kassi-ronimispuu-kangri5-sinine-beez-35x35x102cm\/"},"modified":"2026-04-20T03:15:05","modified_gmt":"2026-04-20T00:15:05","slug":"flamingo-kassi-ronimispuu-kangri5-sinine-beez-35x35x102cm","status":"publish","type":"product","link":"https:\/\/kasskoer.ee\/en\/toode\/flamingo-kassi-ronimispuu-kangri5-sinine-beez-35x35x102cm\/","title":{"rendered":"Flamingo kassi ronimispuu Kangri5 sinine\/bee\u017e 35x35x102cm"},"content":{"rendered":"<p><b>Flamingo ronimispuu, milles \u00fchendatud mitme toote omadused &#8211; ronimis- ja kraapimispuu, tunnel ning peidumajake.<\/b>&#13;<\/p>\n<li>Ronimispuu on kassile heaks treeningvahendiks, aidates v\u00e4ltida \u00fclekaalu.<\/li>\n<p>&#13;<\/p>\n<li>Kraapimine kulutab kassi k\u00fc\u00fcsi. Niimoodi kulub vana k\u00fc\u00fcs ning annab v\u00f5imaluse uuel ja tugeval k\u00fc\u00fcnel kasvada.<\/li>\n<p>&#13;<\/p>\n<li>Ronimispuu aitab teie \u00fclej\u00e4\u00e4nud elamist tervena hoida, kuna kass saab oma energia \u00f5ige koha peal \u00e4ra kulutada.<\/li>\n<p>&#13;<\/p>\n<li>Ronimispuul on rippuv m\u00e4nguasi ja tunnel, et veelgi rohkem lemmikut tegevuses hoida.<\/li>\n","protected":false},"excerpt":{"rendered":"<p>Flamingo tugev mitme tasandi ja majakesega ronimispuu kassile.<\/p>\n","protected":false},"featured_media":18623,"template":"","meta":[],"product_cat":[1322],"product_tag":[],"class_list":{"0":"post-18622","1":"product","2":"type-product","3":"status-publish","4":"has-post-thumbnail","6":"product_cat-kasside-ronimispuud-ja-kraapimislauad","7":"pa_brand-flamingo","8":"pa_ean-3315","9":"pa_kaal-6-900","10":"pa_tootjariik-hiina","12":"first","13":"instock","14":"taxable","15":"shipping-taxable","16":"purchasable","17":"product-type-simple"},"_links":{"self":[{"href":"https:\/\/kasskoer.ee\/en\/wp-json\/wp\/v2\/product\/18622","targetHints":{"allow":["GET"]}}],"collection":[{"href":"https:\/\/kasskoer.ee\/en\/wp-json\/wp\/v2\/product"}],"about":[{"href":"https:\/\/kasskoer.ee\/en\/wp-json\/wp\/v2\/types\/product"}],"wp:featuredmedia":[{"embeddable":true,"href":"https:\/\/kasskoer.ee\/en\/wp-json\/wp\/v2\/media\/18623"}],"wp:attachment":[{"href":"https:\/\/kasskoer.ee\/en\/wp-json\/wp\/v2\/media?parent=18622"}],"wp:term":[{"taxonomy":"product_cat","embeddable":true,"href":"https:\/\/kasskoer.ee\/en\/wp-json\/wp\/v2\/product_cat?post=18622"},{"taxonomy":"product_tag","embeddable":true,"href":"https:\/\/kasskoer.ee\/en\/wp-json\/wp\/v2\/product_tag?post=18622"}],"curies":[{"name":"wp","href":"https:\/\/api.w.org\/{rel}","templated":true}]}}