{"id":18635,"date":"2026-04-20T03:05:22","date_gmt":"2026-04-20T00:05:22","guid":{"rendered":"https:\/\/kasskoer.ee\/product\/freedog-koeralelu-hai-piiksuga-24x14cm\/"},"modified":"2026-04-20T03:05:24","modified_gmt":"2026-04-20T00:05:24","slug":"freedog-koeralelu-hai-piiksuga-24x14cm","status":"publish","type":"product","link":"https:\/\/kasskoer.ee\/en\/toode\/freedog-koeralelu-hai-piiksuga-24x14cm\/","title":{"rendered":"Freedog koeralelu hai piiksuga 24x14cm"},"content":{"rendered":"<p><b>Freedog kvaliteetne ja vastupidav m\u00e4nguasi koerale, mis sobib suurep\u00e4raselt intensiivseks m\u00e4nguks.<\/b>&#13;<\/p>\n<li>P\u00f5nev hai kujuga disain muudab m\u00e4nguasja atraktiivseks ja l\u00f5busaks.<\/li>\n<p>&#13;<\/p>\n<li>Tugevdatud kangast valmistatud m\u00e4nguasi peab vastu ka tugevama n\u00e4rimise korral.<\/li>\n<p>&#13;<\/p>\n<li>Piiksuga lelu stimuleerib koera loomuomast saagiinstinkti ja hoiab tema t\u00e4helepanu.<\/li>\n","protected":false},"excerpt":{"rendered":"<p>Vastupidavast materjalist m\u00e4nguasi, mis sobib aktiivsetele koertele.<\/p>\n","protected":false},"featured_media":18636,"template":"","meta":[],"product_cat":[1326,688],"product_tag":[],"class_list":{"0":"post-18635","1":"product","2":"type-product","3":"status-publish","4":"has-post-thumbnail","6":"product_cat-koerte-manguasjad","7":"product_cat-koerad","8":"pa_brand-freedog","9":"pa_ean-3319","10":"pa_kaal-0-170","11":"pa_tootjariik-hiina","13":"first","14":"instock","15":"taxable","16":"shipping-taxable","17":"purchasable","18":"product-type-simple"},"_links":{"self":[{"href":"https:\/\/kasskoer.ee\/en\/wp-json\/wp\/v2\/product\/18635","targetHints":{"allow":["GET"]}}],"collection":[{"href":"https:\/\/kasskoer.ee\/en\/wp-json\/wp\/v2\/product"}],"about":[{"href":"https:\/\/kasskoer.ee\/en\/wp-json\/wp\/v2\/types\/product"}],"wp:featuredmedia":[{"embeddable":true,"href":"https:\/\/kasskoer.ee\/en\/wp-json\/wp\/v2\/media\/18636"}],"wp:attachment":[{"href":"https:\/\/kasskoer.ee\/en\/wp-json\/wp\/v2\/media?parent=18635"}],"wp:term":[{"taxonomy":"product_cat","embeddable":true,"href":"https:\/\/kasskoer.ee\/en\/wp-json\/wp\/v2\/product_cat?post=18635"},{"taxonomy":"product_tag","embeddable":true,"href":"https:\/\/kasskoer.ee\/en\/wp-json\/wp\/v2\/product_tag?post=18635"}],"curies":[{"name":"wp","href":"https:\/\/api.w.org\/{rel}","templated":true}]}}