{"id":18637,"date":"2026-04-20T03:05:22","date_gmt":"2026-04-20T00:05:22","guid":{"rendered":"https:\/\/kasskoer.ee\/product\/freedog-koeralelu-ujuv-piiksuga-part-24x155-cm\/"},"modified":"2026-04-20T03:05:24","modified_gmt":"2026-04-20T00:05:24","slug":"freedog-koeralelu-ujuv-piiksuga-part-24x155-cm","status":"publish","type":"product","link":"https:\/\/kasskoer.ee\/en\/toode\/freedog-koeralelu-ujuv-piiksuga-part-24x155-cm\/","title":{"rendered":"Freedog koeralelu ujuv piiksuga part 24&#215;15,5 cm"},"content":{"rendered":"<p><b>Freedog kvaliteetne m\u00e4nguasi koerale, mis sobib suurep\u00e4raselt veem\u00e4ngudeks.<\/b>&#13;<\/p>\n<li>Erksinine v\u00e4rv ja pardi kujuline disain muudavad m\u00e4nguasja koera jaoks atraktiivseks.<\/li>\n<p>&#13;<\/p>\n<li>Piiksuga lelu ergutab koera m\u00e4ngima ja hoiab tema t\u00e4helepanu.<\/li>\n<p>&#13;<\/p>\n<li>Ujuv disain teeb sellest ideaalse kaaslase vee- ja rannam\u00e4ngudeks suvisel ajal.<\/li>\n<p>&#13;<\/p>\n<li>Valmistatud vastupidavast kangast, mis peab vastu ka intensiivsemale m\u00e4ngule.<\/li>\n","protected":false},"excerpt":{"rendered":"<p>Vastupidavast materjalist valmistatud vees h\u00f5ljuv piiksuga m\u00e4nguasi koerale.<\/p>\n","protected":false},"featured_media":18638,"template":"","meta":[],"product_cat":[1326,688],"product_tag":[],"class_list":{"0":"post-18637","1":"product","2":"type-product","3":"status-publish","4":"has-post-thumbnail","6":"product_cat-koerte-manguasjad","7":"product_cat-koerad","8":"pa_brand-freedog","9":"pa_ean-3320","10":"pa_kaal-0-130","11":"pa_tootjariik-hiina","13":"first","14":"instock","15":"taxable","16":"shipping-taxable","17":"purchasable","18":"product-type-simple"},"_links":{"self":[{"href":"https:\/\/kasskoer.ee\/en\/wp-json\/wp\/v2\/product\/18637","targetHints":{"allow":["GET"]}}],"collection":[{"href":"https:\/\/kasskoer.ee\/en\/wp-json\/wp\/v2\/product"}],"about":[{"href":"https:\/\/kasskoer.ee\/en\/wp-json\/wp\/v2\/types\/product"}],"wp:featuredmedia":[{"embeddable":true,"href":"https:\/\/kasskoer.ee\/en\/wp-json\/wp\/v2\/media\/18638"}],"wp:attachment":[{"href":"https:\/\/kasskoer.ee\/en\/wp-json\/wp\/v2\/media?parent=18637"}],"wp:term":[{"taxonomy":"product_cat","embeddable":true,"href":"https:\/\/kasskoer.ee\/en\/wp-json\/wp\/v2\/product_cat?post=18637"},{"taxonomy":"product_tag","embeddable":true,"href":"https:\/\/kasskoer.ee\/en\/wp-json\/wp\/v2\/product_tag?post=18637"}],"curies":[{"name":"wp","href":"https:\/\/api.w.org\/{rel}","templated":true}]}}