{"id":18639,"date":"2026-04-20T03:10:48","date_gmt":"2026-04-20T00:10:48","guid":{"rendered":"https:\/\/kasskoer.ee\/product\/kimo-kuivatatud-puhvli-liha-100g\/"},"modified":"2026-04-20T03:10:51","modified_gmt":"2026-04-20T00:10:51","slug":"kimo-kuivatatud-puhvli-liha-100g","status":"publish","type":"product","link":"https:\/\/kasskoer.ee\/en\/toode\/kimo-kuivatatud-puhvli-liha-100g\/","title":{"rendered":"Kimo kuivatatud p\u00fchvli liha 100g"},"content":{"rendered":"<p><b>Kimo naturaalne n\u00e4rimismaius koerale &#8211; kuivatatud p\u00fchvli liha.<\/b>&#13;<\/p>\n<li>100% naturaalne.<\/li>\n<p>&#13;<\/p>\n<li>Ilma keemiliste lisandite, v\u00e4rvainete ja kunstlike l\u00f5hnaaineteta.<\/li>\n<p>&#13;<br \/>\n<br \/>&#13;<br \/>\n<b>Koostis<\/b><br \/>&#13;<br \/>\nNaturaalne p\u00fchvli liha.<br \/>&#13;<br \/>\n<br \/>&#13;<br \/>\n<b>Anal\u00fc\u00fctilised koostisosad<\/b><br \/>&#13;<br \/>\nToorvalk 78%, toorrasv 9%, toortuhk 4%, niiskus 9%.<br \/>&#13;<br \/>\n<br \/>&#13;<br \/>\n<b>Toitmine<\/b><br \/>&#13;<br \/>\nAnda nagu maiustust olenevalt koera suurusest. V\u00e4rske vesi peab olema alati saadaval.<br \/> Hoida kuivas ja jahedas, kaitstuna otsese p\u00e4ikesevalguse eest.<\/p>\n","protected":false},"excerpt":{"rendered":"<p>Kimo naturaalne n\u00e4rimismaius koerale.<\/p>\n","protected":false},"featured_media":18640,"template":"","meta":[],"product_cat":[1317,688],"product_tag":[],"class_list":{"0":"post-18639","1":"product","2":"type-product","3":"status-publish","4":"has-post-thumbnail","6":"product_cat-koerte-narimismaiused","7":"product_cat-koerad","8":"pa_brand-kimo","9":"pa_ean-1122","10":"pa_kaal-0-100","11":"pa_tootjariik-india","13":"first","14":"outofstock","15":"taxable","16":"shipping-taxable","17":"purchasable","18":"product-type-simple"},"_links":{"self":[{"href":"https:\/\/kasskoer.ee\/en\/wp-json\/wp\/v2\/product\/18639","targetHints":{"allow":["GET"]}}],"collection":[{"href":"https:\/\/kasskoer.ee\/en\/wp-json\/wp\/v2\/product"}],"about":[{"href":"https:\/\/kasskoer.ee\/en\/wp-json\/wp\/v2\/types\/product"}],"wp:featuredmedia":[{"embeddable":true,"href":"https:\/\/kasskoer.ee\/en\/wp-json\/wp\/v2\/media\/18640"}],"wp:attachment":[{"href":"https:\/\/kasskoer.ee\/en\/wp-json\/wp\/v2\/media?parent=18639"}],"wp:term":[{"taxonomy":"product_cat","embeddable":true,"href":"https:\/\/kasskoer.ee\/en\/wp-json\/wp\/v2\/product_cat?post=18639"},{"taxonomy":"product_tag","embeddable":true,"href":"https:\/\/kasskoer.ee\/en\/wp-json\/wp\/v2\/product_tag?post=18639"}],"curies":[{"name":"wp","href":"https:\/\/api.w.org\/{rel}","templated":true}]}}