{"id":18641,"date":"2026-04-20T03:05:22","date_gmt":"2026-04-20T00:05:22","guid":{"rendered":"https:\/\/kasskoer.ee\/product\/freedog-veekindel-autoistmekate-137x147cm\/"},"modified":"2026-04-20T03:05:24","modified_gmt":"2026-04-20T00:05:24","slug":"freedog-veekindel-autoistmekate-137x147cm","status":"publish","type":"product","link":"https:\/\/kasskoer.ee\/en\/toode\/freedog-veekindel-autoistmekate-137x147cm\/","title":{"rendered":"Freedog veekindel autoistmekate 137x147cm"},"content":{"rendered":"<p><b>Freedog veekindel autoistmekate on praktiline ja vastupidav lahendus igale lemmikloomaomanikule, kes reisib koos koeraga.<\/b>&#13;<\/p>\n<li>Komplektis on lisaks turvav\u00f6\u00f6ga rihm, kokkupandav reisikauss ja hoiukott.<\/li>\n<p>&#13;<\/p>\n<li>Suur m\u00f5\u00f5t: 137 \u00d7 147 cm \u2013 sobib enamikele s\u00f5iduautodele ja maasturitele.<\/li>\n<p>&#13;<\/p>\n<li>Hammock-t\u00fc\u00fcpi disain kaitseb ka esiistmete seljatugesid ning takistab lemmikut ette h\u00fcppamast.<\/li>\n<p>&#13;<\/p>\n<li>Kinnitub nelja reguleeritava rihmaga peatugede k\u00fclge \u2013 kiire paigaldus ja eemaldamine.<\/li>\n","protected":false},"excerpt":{"rendered":"<p>Tugevast ja veekindlast kangast valmistatud istmekate kaitseb autoistmeid mustuse ja karvade eest.<\/p>\n","protected":false},"featured_media":18642,"template":"","meta":[],"product_cat":[688,365],"product_tag":[],"class_list":{"0":"post-18641","1":"product","2":"type-product","3":"status-publish","4":"has-post-thumbnail","6":"product_cat-koerad","7":"product_cat-koerte-tarvikud","8":"pa_brand-freedog","9":"pa_ean-3321","10":"pa_kaal-1-900","11":"pa_tootjariik-hiina","13":"first","14":"instock","15":"taxable","16":"shipping-taxable","17":"purchasable","18":"product-type-simple"},"_links":{"self":[{"href":"https:\/\/kasskoer.ee\/en\/wp-json\/wp\/v2\/product\/18641","targetHints":{"allow":["GET"]}}],"collection":[{"href":"https:\/\/kasskoer.ee\/en\/wp-json\/wp\/v2\/product"}],"about":[{"href":"https:\/\/kasskoer.ee\/en\/wp-json\/wp\/v2\/types\/product"}],"wp:featuredmedia":[{"embeddable":true,"href":"https:\/\/kasskoer.ee\/en\/wp-json\/wp\/v2\/media\/18642"}],"wp:attachment":[{"href":"https:\/\/kasskoer.ee\/en\/wp-json\/wp\/v2\/media?parent=18641"}],"wp:term":[{"taxonomy":"product_cat","embeddable":true,"href":"https:\/\/kasskoer.ee\/en\/wp-json\/wp\/v2\/product_cat?post=18641"},{"taxonomy":"product_tag","embeddable":true,"href":"https:\/\/kasskoer.ee\/en\/wp-json\/wp\/v2\/product_tag?post=18641"}],"curies":[{"name":"wp","href":"https:\/\/api.w.org\/{rel}","templated":true}]}}