{"id":18644,"date":"2026-04-20T03:05:22","date_gmt":"2026-04-20T00:05:22","guid":{"rendered":"https:\/\/kasskoer.ee\/product\/freedog-shiva-punane-kakakotihoidja\/"},"modified":"2026-04-20T03:05:24","modified_gmt":"2026-04-20T00:05:24","slug":"freedog-shiva-punane-kakakotihoidja","status":"publish","type":"product","link":"https:\/\/kasskoer.ee\/en\/toode\/freedog-shiva-punane-kakakotihoidja\/","title":{"rendered":"Freedog Shiva punane kakakotihoidja"},"content":{"rendered":"<p><b>Freedog Shiva kotidispenser on kerge, vastupidav ja lihtsalt kinnitatav abivahend, mis teeb lemmiku j\u00e4rel koristamise lihtsaks ja kiireks.<\/b>&#13;<\/p>\n<li>Valmistatud kvaliteetsest vastupidavast materjalist.<\/li>\n<p>&#13;<\/p>\n<li>Lihtne avada ja t\u00e4ita.<\/li>\n<p>&#13;<\/p>\n<li>Saab lihtsalt kinnitada rihma, koti v\u00f5i v\u00f6\u00f6 k\u00fclge.<\/li>\n","protected":false},"excerpt":{"rendered":"<p>Kompaktne ja praktiline kotihoidja.<\/p>\n","protected":false},"featured_media":18645,"template":"","meta":[],"product_cat":[688,365],"product_tag":[],"class_list":{"0":"post-18644","1":"product","2":"type-product","3":"status-publish","4":"has-post-thumbnail","6":"product_cat-koerad","7":"product_cat-koerte-tarvikud","8":"pa_brand-freedog","9":"pa_ean-3322","10":"pa_kaal-0-030","11":"pa_tootjariik-hiina","13":"first","14":"instock","15":"taxable","16":"shipping-taxable","17":"purchasable","18":"product-type-simple"},"_links":{"self":[{"href":"https:\/\/kasskoer.ee\/en\/wp-json\/wp\/v2\/product\/18644","targetHints":{"allow":["GET"]}}],"collection":[{"href":"https:\/\/kasskoer.ee\/en\/wp-json\/wp\/v2\/product"}],"about":[{"href":"https:\/\/kasskoer.ee\/en\/wp-json\/wp\/v2\/types\/product"}],"wp:featuredmedia":[{"embeddable":true,"href":"https:\/\/kasskoer.ee\/en\/wp-json\/wp\/v2\/media\/18645"}],"wp:attachment":[{"href":"https:\/\/kasskoer.ee\/en\/wp-json\/wp\/v2\/media?parent=18644"}],"wp:term":[{"taxonomy":"product_cat","embeddable":true,"href":"https:\/\/kasskoer.ee\/en\/wp-json\/wp\/v2\/product_cat?post=18644"},{"taxonomy":"product_tag","embeddable":true,"href":"https:\/\/kasskoer.ee\/en\/wp-json\/wp\/v2\/product_tag?post=18644"}],"curies":[{"name":"wp","href":"https:\/\/api.w.org\/{rel}","templated":true}]}}