{"id":18646,"date":"2026-04-20T03:05:22","date_gmt":"2026-04-20T00:05:22","guid":{"rendered":"https:\/\/kasskoer.ee\/product\/freedog-k2-pro-seljakott-sinine-27x27x43cm\/"},"modified":"2026-04-20T03:05:24","modified_gmt":"2026-04-20T00:05:24","slug":"freedog-k2-pro-sinine-seljakott-27x27x43cm","status":"publish","type":"product","link":"https:\/\/kasskoer.ee\/en\/toode\/freedog-k2-pro-sinine-seljakott-27x27x43cm\/","title":{"rendered":"Freedog K2 Pro sinine seljakott 27x27x43cm"},"content":{"rendered":"<p><b>Freedog K2 Pro seljakott, mis \u00fchendab vastupidavuse, kerge kaalu ja maksimaalse mugavuse v\u00e4ikestele lemmikloomadele.<\/b>&#13;<\/p>\n<li>Valmistatud tugevast ja turvalisest kangast, mis tagab pikaajalise kasutuse.<\/li>\n<p>&#13;<\/p>\n<li>Sisemine pehmendus pakub lemmikloomale mugavust ja kaitset reisi ajal.<\/li>\n<p>&#13;<\/p>\n<li>V\u00f5rgust aknad tagavad hea ventilatsiooni ja v\u00f5imaldavad lemmikloomal \u00fcmbrust j\u00e4lgida.<\/li>\n<p>&#13;<\/p>\n<li>Reguleeritavad \u00f5larihmad ja pehme k\u00e4epide v\u00f5imaldavad mugavat kandmist seljas v\u00f5i k\u00e4es.<\/li>\n<p>&#13;<\/p>\n<li>Sisemine turvarihm, millega saab kinnitada kaelarihma v\u00f5i traksid.<\/li>\n<p>&#13;<\/p>\n<li>Praktiline k\u00fcljetasku v\u00e4iksemate asjade hoiustamiseks.<\/li>\n<p>&#13;<\/p>\n<li>Lihtsalt puhastatav ja kokkupandav disain.<\/li>\n<p>&#13;<\/p>\n<li>M\u00f5\u00f5dud: 27 \u00d7 27 \u00d7 43 cm \u2013 sobib v\u00e4ikestele lemmikloomadele (kuni 8kg).<\/li>\n","protected":false},"excerpt":{"rendered":"<p>Kerge ja vastupidav sinine transport seljakott lemmikule.<\/p>\n","protected":false},"featured_media":18647,"template":"","meta":[],"product_cat":[692,754],"product_tag":[],"class_list":{"0":"post-18646","1":"product","2":"type-product","3":"status-publish","4":"has-post-thumbnail","6":"product_cat-lemmikutele-lisaks","7":"product_cat-transpordikotid","8":"pa_brand-freedog","9":"pa_ean-3323","10":"pa_kaal-1-200","11":"pa_tootjariik-hiina","13":"first","14":"instock","15":"taxable","16":"shipping-taxable","17":"purchasable","18":"product-type-simple"},"_links":{"self":[{"href":"https:\/\/kasskoer.ee\/en\/wp-json\/wp\/v2\/product\/18646","targetHints":{"allow":["GET"]}}],"collection":[{"href":"https:\/\/kasskoer.ee\/en\/wp-json\/wp\/v2\/product"}],"about":[{"href":"https:\/\/kasskoer.ee\/en\/wp-json\/wp\/v2\/types\/product"}],"wp:featuredmedia":[{"embeddable":true,"href":"https:\/\/kasskoer.ee\/en\/wp-json\/wp\/v2\/media\/18647"}],"wp:attachment":[{"href":"https:\/\/kasskoer.ee\/en\/wp-json\/wp\/v2\/media?parent=18646"}],"wp:term":[{"taxonomy":"product_cat","embeddable":true,"href":"https:\/\/kasskoer.ee\/en\/wp-json\/wp\/v2\/product_cat?post=18646"},{"taxonomy":"product_tag","embeddable":true,"href":"https:\/\/kasskoer.ee\/en\/wp-json\/wp\/v2\/product_tag?post=18646"}],"curies":[{"name":"wp","href":"https:\/\/api.w.org\/{rel}","templated":true}]}}