{"id":18652,"date":"2026-04-20T03:05:22","date_gmt":"2026-04-20T00:05:22","guid":{"rendered":"https:\/\/kasskoer.ee\/product\/freedog-crossworld-transpordikott-sinine-51x23x35cm\/"},"modified":"2026-04-20T03:05:24","modified_gmt":"2026-04-20T00:05:24","slug":"freedog-crossworld-transpordikott-sinine-51x23x35cm","status":"publish","type":"product","link":"https:\/\/kasskoer.ee\/en\/toode\/freedog-crossworld-transpordikott-sinine-51x23x35cm\/","title":{"rendered":"Freedog Crossworld transpordikott sinine 51x23x35cm"},"content":{"rendered":"<p><b>Freedog kvaliteetne transpordikott koertele ja kassidele, mis \u00fchendab vastupidavuse, mugavuse ja praktilisuse.<\/b>&#13;<\/p>\n<li>Valmistatud tugevast ja turvalisest kangast, mis tagab pikaajalise kasutuse.<\/li>\n<p>&#13;<\/p>\n<li>Sisemine pehmendus pakub lemmikloomale mugavust ja kaitset reisi ajal.<\/li>\n<p> &#13;<\/p>\n<li>V\u00f5rgust aknad tagavad hea ventilatsiooni ja v\u00f5imaldavad lemmikloomal \u00fcmbrust j\u00e4lgida.<\/li>\n<p>  &#13;<\/p>\n<li>Topeltk\u00e4epide ja reguleeritav \u00f5larihm v\u00f5imaldavad mugavat kandmist.<\/li>\n<p>  &#13;<\/p>\n<li>Integreeritud turvav\u00f6\u00f6 kinnitused v\u00f5imaldavad transpordikoti kinnitamist autos v\u00f5i lennukis.<\/li>\n<p>  &#13;<\/p>\n<li>Kotil on kinnitusrihm, mille abil saab lemmiku seestpoolt kindlalt kinnitada tema kaelarihma v\u00f5i trakside k\u00fclge.<\/li>\n<p>  &#13;<\/p>\n<li>Lihtsalt puhastatav ja kokkupandav disain h\u00f5lbustab hoiustamist.<\/li>\n<p>  &#13;<\/p>\n<li>M\u00f5\u00f5dud: 51 \u00d7 23 \u00d7 35 cm \u2013 sobib v\u00e4ikestele ja keskmise suurusega lemmikloomadele.<\/li>\n","protected":false},"excerpt":{"rendered":"<p>Kvaliteetsest ja vastupidavast kangast valmistatud transpordikott, mis pakub lemmikloomale turvalist ja mugavat reisimist. Sobib ideaalselt nii autos\u00f5itudeks kui ka lennureisideks.<\/p>\n","protected":false},"featured_media":18653,"template":"","meta":[],"product_cat":[692,754],"product_tag":[],"class_list":{"0":"post-18652","1":"product","2":"type-product","3":"status-publish","4":"has-post-thumbnail","6":"product_cat-lemmikutele-lisaks","7":"product_cat-transpordikotid","8":"pa_brand-freedog","9":"pa_ean-3326","10":"pa_kaal-1-300","11":"pa_tootjariik-hiina","13":"first","14":"instock","15":"taxable","16":"shipping-taxable","17":"purchasable","18":"product-type-simple"},"_links":{"self":[{"href":"https:\/\/kasskoer.ee\/en\/wp-json\/wp\/v2\/product\/18652","targetHints":{"allow":["GET"]}}],"collection":[{"href":"https:\/\/kasskoer.ee\/en\/wp-json\/wp\/v2\/product"}],"about":[{"href":"https:\/\/kasskoer.ee\/en\/wp-json\/wp\/v2\/types\/product"}],"wp:featuredmedia":[{"embeddable":true,"href":"https:\/\/kasskoer.ee\/en\/wp-json\/wp\/v2\/media\/18653"}],"wp:attachment":[{"href":"https:\/\/kasskoer.ee\/en\/wp-json\/wp\/v2\/media?parent=18652"}],"wp:term":[{"taxonomy":"product_cat","embeddable":true,"href":"https:\/\/kasskoer.ee\/en\/wp-json\/wp\/v2\/product_cat?post=18652"},{"taxonomy":"product_tag","embeddable":true,"href":"https:\/\/kasskoer.ee\/en\/wp-json\/wp\/v2\/product_tag?post=18652"}],"curies":[{"name":"wp","href":"https:\/\/api.w.org\/{rel}","templated":true}]}}