{"id":18654,"date":"2026-04-20T03:05:22","date_gmt":"2026-04-20T00:05:22","guid":{"rendered":"https:\/\/kasskoer.ee\/product\/freedog-pocket-must-vihmajope-koerale-35cm\/"},"modified":"2026-04-20T03:05:23","modified_gmt":"2026-04-20T00:05:23","slug":"freedog-pocket-must-vihmajope-koerale-35cm","status":"publish","type":"product","link":"https:\/\/kasskoer.ee\/en\/toode\/freedog-pocket-must-vihmajope-koerale-35cm\/","title":{"rendered":"Freedog Pocket must vihmajope koerale 35cm"},"content":{"rendered":"<p><b>Freedog Pocket praktiline vihmajope hoiab sinu koera kuivana ja kaitseb tuule eest ka ootamatutes ilmaoludes.<\/b>&#13;<\/p>\n<li>Veekindel ja kerge materjal \u2013 sobib igap\u00e4evaseks kandmiseks vihmase v\u00f5i m\u00e4rja ilmaga.<\/li>\n<p>&#13;<\/p>\n<li>Jopel on praktiline tasku, millesse on v\u00f5imalik jope kokku voltida ja v\u00e4ga mugavalt ning kompaktselt kaasas kanda.<\/li>\n<p>&#13;<\/p>\n<li>Lihtne selga panna.<\/li>\n<p>&#13;<\/p>\n<li>Vihmakaitsega ava seljal, mis v\u00f5imaldab kasutada jalutusrihma trakside v\u00f5i kaelarihma k\u00fcljes.<\/li>\n","protected":false},"excerpt":{"rendered":"<p>Kerge ja veekindel koerajope igap\u00e4evaseks kasutamiseks vihmase v\u00f5i tuulise ilmaga.<\/p>\n","protected":false},"featured_media":18655,"template":"","meta":[],"product_cat":[2240],"product_tag":[],"class_list":{"0":"post-18654","1":"product","2":"type-product","3":"status-publish","4":"has-post-thumbnail","6":"product_cat-koerte-riided","7":"pa_brand-freedog","8":"pa_ean-3327","9":"pa_kaal-0-120","10":"pa_tootjariik-hiina","12":"first","13":"instock","14":"taxable","15":"shipping-taxable","16":"purchasable","17":"product-type-simple"},"_links":{"self":[{"href":"https:\/\/kasskoer.ee\/en\/wp-json\/wp\/v2\/product\/18654","targetHints":{"allow":["GET"]}}],"collection":[{"href":"https:\/\/kasskoer.ee\/en\/wp-json\/wp\/v2\/product"}],"about":[{"href":"https:\/\/kasskoer.ee\/en\/wp-json\/wp\/v2\/types\/product"}],"wp:featuredmedia":[{"embeddable":true,"href":"https:\/\/kasskoer.ee\/en\/wp-json\/wp\/v2\/media\/18655"}],"wp:attachment":[{"href":"https:\/\/kasskoer.ee\/en\/wp-json\/wp\/v2\/media?parent=18654"}],"wp:term":[{"taxonomy":"product_cat","embeddable":true,"href":"https:\/\/kasskoer.ee\/en\/wp-json\/wp\/v2\/product_cat?post=18654"},{"taxonomy":"product_tag","embeddable":true,"href":"https:\/\/kasskoer.ee\/en\/wp-json\/wp\/v2\/product_tag?post=18654"}],"curies":[{"name":"wp","href":"https:\/\/api.w.org\/{rel}","templated":true}]}}