{"id":18664,"date":"2026-04-20T03:05:14","date_gmt":"2026-04-20T00:05:14","guid":{"rendered":"https:\/\/kasskoer.ee\/product\/koiramo-treeningvorst-lambalihast-800g\/"},"modified":"2026-04-20T03:05:17","modified_gmt":"2026-04-20T00:05:17","slug":"koiramo-treeningvorst-lambalihast-800g","status":"publish","type":"product","link":"https:\/\/kasskoer.ee\/en\/toode\/koiramo-treeningvorst-lambalihast-800g\/","title":{"rendered":"Koiramo treeningvorst lambalihast 800g"},"content":{"rendered":"<p><b>Koiramo treeningvorst lambalihast on looduslikult maitsev ja funktsionaalne t\u00e4iends\u00f6\u00f6t lemmikule.<\/b>&#13;<\/p>\n<li>Gluteenivaba ja ilma tarbetute lisanditeta \u2013 puhas, l\u00e4bipaistev koostis, mida saad usaldada.<\/li>\n<p>&#13;<\/p>\n<li>Ideaalne treeninguks \u2013 pehme tekstuur v\u00f5imaldab kiiret ja mugavat jagamist v\u00e4ikesteks maiusteks.<\/li>\n<p>&#13;<\/p>\n<li>Ei murene ega m\u00e4\u00e4ri \u2013 hoia taskus, murra t\u00fckiks, premeeri koheselt.<\/li>\n<p>&#13;<\/p>\n<li>Ainult lambaliha &#8211; sobib suurep\u00e4raselt eriti tundliku seedimise v\u00f5i allergiaga lemmikutele.<\/li>\n<p>&#13;<\/p>\n<li>Sobib ka kassidele \u2013 naturaalne ja ohutu valik mitmele lemmikule korraga.<\/li>\n<p>&#13;<br \/>\n<br \/>&#13;<br \/>\n<b>Koostis<\/b><br \/>&#13;<br \/>\nLammas 97%, tapiokk &lt;3%, mineraalid.<br \/>&#13;<br \/>\n<br \/>&#13;<br \/>\n<b>Anal\u00fc\u00fctilised koostisosad<\/b><br \/>&#13;<br \/>\nToorvalk 9,1%, toorrasv 12,5%, toorkiud 0,4%, toortuhk 2,2%, niiskus 66,7%.<br \/>&#13;<br \/>\n<br \/>&#13;<br \/>\n<b>S\u00f6\u00f6dalisandid (kg kohta)<\/b><br \/>&#13;<br \/>\nToitainelised lisandid: A-vitamiin 2200 R\u00dc, D3-vitamiin 200 R\u00dc, E-vitamiin 75 mg.<br \/>&#13;<br \/>\n<br \/>&#13;<br \/>\n<b>Metaboliseeruv energia<\/b><br \/>&#13;<br \/>\n1510 kcal\/kg<\/p>\n","protected":false},"excerpt":{"rendered":"<p>Looduslikult maitsev ja funktsionaalne maius lemmikule.<\/p>\n","protected":false},"featured_media":18665,"template":"","meta":[],"product_cat":[1210,688],"product_tag":[],"class_list":{"0":"post-18664","1":"product","2":"type-product","3":"status-publish","4":"has-post-thumbnail","6":"product_cat-koerte-maiused","7":"product_cat-koerad","8":"pa_brand-koiramo","9":"pa_ean-3331","10":"pa_kaal-0-800","11":"pa_tootjariik-holland","13":"first","14":"instock","15":"taxable","16":"shipping-taxable","17":"purchasable","18":"product-type-simple"},"_links":{"self":[{"href":"https:\/\/kasskoer.ee\/en\/wp-json\/wp\/v2\/product\/18664","targetHints":{"allow":["GET"]}}],"collection":[{"href":"https:\/\/kasskoer.ee\/en\/wp-json\/wp\/v2\/product"}],"about":[{"href":"https:\/\/kasskoer.ee\/en\/wp-json\/wp\/v2\/types\/product"}],"wp:featuredmedia":[{"embeddable":true,"href":"https:\/\/kasskoer.ee\/en\/wp-json\/wp\/v2\/media\/18665"}],"wp:attachment":[{"href":"https:\/\/kasskoer.ee\/en\/wp-json\/wp\/v2\/media?parent=18664"}],"wp:term":[{"taxonomy":"product_cat","embeddable":true,"href":"https:\/\/kasskoer.ee\/en\/wp-json\/wp\/v2\/product_cat?post=18664"},{"taxonomy":"product_tag","embeddable":true,"href":"https:\/\/kasskoer.ee\/en\/wp-json\/wp\/v2\/product_tag?post=18664"}],"curies":[{"name":"wp","href":"https:\/\/api.w.org\/{rel}","templated":true}]}}