{"id":18677,"date":"2026-04-20T03:05:14","date_gmt":"2026-04-20T00:05:14","guid":{"rendered":"https:\/\/kasskoer.ee\/product\/select-obesity-koeratoit-10-kg\/"},"modified":"2026-04-20T03:05:16","modified_gmt":"2026-04-20T00:05:16","slug":"select-obesity-koeratoit-10-kg","status":"publish","type":"product","link":"https:\/\/kasskoer.ee\/en\/toode\/select-obesity-koeratoit-10-kg\/","title":{"rendered":"Select Obesity koeratoit 10 kg"},"content":{"rendered":"<p><b>Select Obesity super-premium t\u00e4iss\u00f6\u00f6t \u00fclekaalulistele t\u00e4iskasvanud koertele.<\/b><br \/>&#13;<\/p>\n<li>Soodustab kaalulangust &#8211; madal energiasisaldus aitab piirata kalorite tarbimist.<\/li>\n<p>&#13;<\/p>\n<li>Sisaldab L-karnitiini &#8211; aitab p\u00f5letada keharasva ja s\u00e4ilitada lihasmassi.<\/li>\n<p>&#13;<\/p>\n<li>Gl\u00fckoosamiin, kondroitiin ja L-karnitiin &#8211; toetavad liigeste t\u00f6\u00f6d.<\/li>\n<p>&#13;<\/p>\n<li>Kr\u00f5binad on suurema suurusega, mis aeglustab n\u00e4rimist ja soodustab sobiva koguse s\u00f6\u00f6mist.<\/li>\n<p>&#13;<\/p>\n<li>Suur kiudainesisaldus &#8211; aitab v\u00e4hendada lemmiku n\u00e4ljatunnet.<\/li>\n<p>&#13;<br \/>\n<br \/>&#13;<br \/>\n<b>Koostis<\/b><br \/>&#13;<br \/>\nDeh\u00fcdreeritud kanaliha (33%), mais, tsellulooskiud, herned, riis (6%), maisigluteen, kanarasv, h\u00fcdrol\u00fc\u00fcsitud liha, hernekiud, l\u00f5he\u00f5li (1%), mineraalained, gl\u00fckoosamiin (0,15%), kondroitiin (0,1%), t\u00e4\u00e4kliilia.<br \/>&#13;<br \/>\n<br \/> &#13;<br \/>\n<b>Anal\u00fc\u00fctiline koostis<\/b><br \/>&#13;<br \/>\nToorvalk 30%, toorrasv 9,6%, anorgaaniline aine 8,2%, toorkiud 10%.<br \/>&#13;<br \/>\n<br \/> &#13;<br \/>\n<b>S\u00f6\u00f6dalisandid (kg kohta)<\/b><br \/>&#13;<br \/>\nToitainelised lisandid: A-vitamiin 22500 R\u00dc, D3-vitamiin 1800 R\u00dc, E-vitamiin 110 R\u00dc, L-karnitiin 500 mg, DL-metioniin 0,5 g, raud (raud(II)sulfaat, monoh\u00fcdraat) 20 mg, jood (kaaliumjodaat) 1,5 mg, vask (metioniini h\u00fcdroks\u00fcanalogi kelaat) 5 mg, vask (vask(II)sulfaat, pentah\u00fcdraat) 5 mg, mangaan (metioniini h\u00fcdroks\u00fcanalogi kelaat) 4 mg, mangaan (mangaan(II)sulfaat, monoh\u00fcdraat) 8 mg, tsink (tsinksulfaat, monoh\u00fcdraat) 80 mg, tsink (metioniini h\u00fcdroks\u00fcanalogi kelaat) 40 mg, seleen (kaetud graanuldatud naatriumseleniit) 0,1 mg, seleen (seleenp\u00e4rm Saccharomyces cerevisiae NCYC R397, inaktiveeritud) 0,2 mg. Antioks\u00fcdandid: tokoferooliderikas taime\u00f5liekstrakt.<br \/>&#13;<br \/>\n<br \/> &#13;<br \/>\n<b>Toitmisjuhend<\/b><br \/>&#13;<br \/>\nAnda loomale vastavalt tabelis soovitatud kogusele. V\u00e4rske vesi peab alati olema saadaval.<br \/>&#13;<br \/>\nP\u00e4rast kasutamist sulgege pakend kindlalt. Hoida jahedas ja kuivas kohas.<\/p>\n","protected":false},"excerpt":{"rendered":"<p>Select kaalukontrolli ja liigeste funktsiooni toetav koeratoit.<\/p>\n","protected":false},"featured_media":18678,"template":"","meta":[],"product_cat":[688,64],"product_tag":[],"class_list":{"0":"post-18677","1":"product","2":"type-product","3":"status-publish","4":"has-post-thumbnail","6":"product_cat-koerad","7":"product_cat-koeratoit","8":"pa_brand-select","9":"pa_ean-3333","10":"pa_kaal-10-000","11":"pa_tootjariik-hispaania","13":"first","14":"instock","15":"taxable","16":"shipping-taxable","17":"purchasable","18":"product-type-simple"},"_links":{"self":[{"href":"https:\/\/kasskoer.ee\/en\/wp-json\/wp\/v2\/product\/18677","targetHints":{"allow":["GET"]}}],"collection":[{"href":"https:\/\/kasskoer.ee\/en\/wp-json\/wp\/v2\/product"}],"about":[{"href":"https:\/\/kasskoer.ee\/en\/wp-json\/wp\/v2\/types\/product"}],"wp:featuredmedia":[{"embeddable":true,"href":"https:\/\/kasskoer.ee\/en\/wp-json\/wp\/v2\/media\/18678"}],"wp:attachment":[{"href":"https:\/\/kasskoer.ee\/en\/wp-json\/wp\/v2\/media?parent=18677"}],"wp:term":[{"taxonomy":"product_cat","embeddable":true,"href":"https:\/\/kasskoer.ee\/en\/wp-json\/wp\/v2\/product_cat?post=18677"},{"taxonomy":"product_tag","embeddable":true,"href":"https:\/\/kasskoer.ee\/en\/wp-json\/wp\/v2\/product_tag?post=18677"}],"curies":[{"name":"wp","href":"https:\/\/api.w.org\/{rel}","templated":true}]}}