{"id":18680,"date":"2026-04-20T03:05:14","date_gmt":"2026-04-20T00:05:14","guid":{"rendered":"https:\/\/kasskoer.ee\/product\/profine-junior-large-chicken-potatoes-koeratoit-12-kg\/"},"modified":"2026-04-20T03:05:17","modified_gmt":"2026-04-20T00:05:17","slug":"profine-junior-large-chicken-potatoes-koeratoit-12-kg","status":"publish","type":"product","link":"https:\/\/kasskoer.ee\/en\/toode\/profine-junior-large-chicken-potatoes-koeratoit-12-kg\/","title":{"rendered":"Profine Junior Large Chicken &#038; Potatoes koeratoit 12 kg"},"content":{"rendered":"<p><b>Profine Junior Large Chicken superpremium koeratoit noortele suurt t\u00f5ugu koertele kana ja kartuliga.<\/b>&#13;<\/p>\n<li>Liigeste ja liikuvuse tugi &#8211; kondroprotektiivid ja mineraalid liigeste ja luustiku suurep\u00e4raseks seisundiks.<\/li>\n<p>&#13;<\/p>\n<li>Valkude ja rasvade suhe &#8211; \u00f5ige tasakaal soodustab tervislikku kasvu.<\/li>\n<p>&#13;<\/p>\n<li>Krevetid ja l\u00f5he\u00f5li &#8211; parandavad karva ja naha kvaliteeti.<\/li>\n<p>&#13;<\/p>\n<li>Sisaldab rohkelt kana &#8211; k\u00f5rge kana sisaldus tagab suurep\u00e4rase seeduvuse.<\/li>\n<p>&#13;<br \/>\n<br \/>&#13;<br \/>\n<b>Koostis<\/b><br \/>&#13;<br \/>\nKana 42% (kuivatatud kana 24%, kanajahu 18%), kartul (20%), mais, kuivatatud \u00f5unad, kanarasv (s\u00e4ilitatud segatud tokoferoolidega, E-vitamiini allikas) (6%), \u00f5llep\u00e4rm, h\u00fcdrol\u00fc\u00fcsitud kanamaks (2%), krevetijahu (1,5%), l\u00f5he\u00f5li (1%), kuivatatud merevetikad (0,5%), gl\u00fckoosamiin (0,025%), sigurijuure ekstrakt (mannan-oligosahhariidide allikas 0,02%), kuivatatud \u00fcrdisegu (apteegitill, basiilik, salvei 0,02%), frukto-oligosahhariidid (0,015%), t\u00e4\u00e4kliilia (0,015%), kondroitiinsulfaat (0,015%).<br \/>&#13;<br \/>\n<br \/>&#13;<br \/>\n<b>Anal\u00fc\u00fctiline koostis<\/b><br \/>&#13;<br \/>\nToorvalk 27%, toorrasv 14%, toorkiud 3%, niiskus 10%, toortuhk 7%, kaltsium 1,5%, fosfor 1,1%, oomega-3 0,25%, oomega-6 1,75%.<\/p>\n<p>&#13;<br \/>\n<b>Toitainelised lisandid (kg kohta)<\/b><br \/>&#13;<br \/>\nToitainelised lisandid: A-vitamiin (3a672a) 20 000 R\u00dc, D3-vitamiin (3a671) 2 000 R\u00dc, E-vitamiin (3a700) 600 mg, koliinkloriid (3a890) 850 mg, biotiin (3a880) 0,8 mg, niatsiinamiid (3a314) 18 mg, kaltsium-D-pantotenaat (3a841) 15 mg, B12-vitamiin (3a835) 0,06 mg, B2-vitamiin (3a825i) 5 mg, B1-vitamiin (3a820) 1,5 mg, B6-vitamiin (3a831) 2,0 mg, foolhape (3a316) 0,8 mg, raud (3b107) 95 mg, tsink (3b312) 115 mg, vask (3b407) 20 mg, kaaliumjodiid (3b201) 0,9 mg, mangaan (3b505) 50 mg, seleen (3b810) 0,2 mg, L-metioniin (3c305) 18 mg, L-l\u00fcsiin (3c322) 4 mg. Sisaldab antioks\u00fcdante.<br \/>&#13;<br \/>\n<br \/>&#13;<br \/>\n<b>Metaboliseeruv energia<\/b><br \/>&#13;<br \/>\n3700 kcal\/kg<br \/>&#13;<br \/>\n<br \/>&#13;<br \/>\n<b>Soovituslik p\u00e4evane kogus<\/b>&#13;<\/p>\n<table>\n<tbody>\n<tr class=\"subhead\">\n<td>Koera kaal (kg)<\/td>\n<td>30 kg<\/td>\n<td>40 kg<\/td>\n<td>50 kg<\/td>\n<td>60 kg<\/td>\n<td>70 kg<\/td>\n<td>80 kg<\/td>\n<td>90 kg<\/td>\n<\/tr>\n<tr>\n<td>Vanus (kuudes) \/ kuni 3 kuud<\/td>\n<td>410<\/td>\n<td>510<\/td>\n<td>530<\/td>\n<td>605<\/td>\n<td>680<\/td>\n<td>760<\/td>\n<td>820<\/td>\n<\/tr>\n<tr>\n<td>3 kuni 4 kuud<\/td>\n<td>460<\/td>\n<td>570<\/td>\n<td>620<\/td>\n<td>710<\/td>\n<td>800<\/td>\n<td>880<\/td>\n<td>960<\/td>\n<\/tr>\n<tr>\n<td>4 kuni 6 kuud<\/td>\n<td>470<\/td>\n<td>585<\/td>\n<td>700<\/td>\n<td>770<\/td>\n<td>865<\/td>\n<td>930<\/td>\n<td>1050<\/td>\n<\/tr>\n<tr>\n<td>6 kuni 12 kuud<\/td>\n<td>480<\/td>\n<td>595<\/td>\n<td>650<\/td>\n<td>810<\/td>\n<td>910<\/td>\n<td>930<\/td>\n<td>980<\/td>\n<\/tr>\n<tr>\n<td>12 kuni 18 kuud<\/td>\n<td>470<\/td>\n<td>580<\/td>\n<td>630<\/td>\n<td>785<\/td>\n<td>880<\/td>\n<td>900<\/td>\n<td>950<\/td>\n<\/tr>\n<tr>\n<td>18 kuni 24 kuud<\/td>\n<td>460<\/td>\n<td>570<\/td>\n<td>620<\/td>\n<td>760<\/td>\n<td>850<\/td>\n<td>890<\/td>\n<td>940<\/td>\n<\/tr>\n<tr>\n<td>24 kuni 30 kuud<\/td>\n<td class=\"cDogC007 cell-feed\" colspan=\"5\"><span>PROFINE ADULT LARGE<\/span><\/td>\n<td>810<\/td>\n<td>880<\/td>\n<\/tr>\n<\/tbody>\n<\/table>\n","protected":false},"excerpt":{"rendered":"<p>Profine t\u00e4iss\u00f6\u00f6t noortele suurt t\u00f5ugu koertele kana ja kartuliga.<\/p>\n","protected":false},"featured_media":18681,"template":"","meta":[],"product_cat":[688,64],"product_tag":[],"class_list":{"0":"post-18680","1":"product","2":"type-product","3":"status-publish","4":"has-post-thumbnail","6":"product_cat-koerad","7":"product_cat-koeratoit","8":"pa_brand-profine","9":"pa_ean-3334","10":"pa_kaal-12-000","11":"pa_tootjariik-tsehhi","13":"first","14":"instock","15":"taxable","16":"shipping-taxable","17":"purchasable","18":"product-type-simple"},"_links":{"self":[{"href":"https:\/\/kasskoer.ee\/en\/wp-json\/wp\/v2\/product\/18680","targetHints":{"allow":["GET"]}}],"collection":[{"href":"https:\/\/kasskoer.ee\/en\/wp-json\/wp\/v2\/product"}],"about":[{"href":"https:\/\/kasskoer.ee\/en\/wp-json\/wp\/v2\/types\/product"}],"wp:featuredmedia":[{"embeddable":true,"href":"https:\/\/kasskoer.ee\/en\/wp-json\/wp\/v2\/media\/18681"}],"wp:attachment":[{"href":"https:\/\/kasskoer.ee\/en\/wp-json\/wp\/v2\/media?parent=18680"}],"wp:term":[{"taxonomy":"product_cat","embeddable":true,"href":"https:\/\/kasskoer.ee\/en\/wp-json\/wp\/v2\/product_cat?post=18680"},{"taxonomy":"product_tag","embeddable":true,"href":"https:\/\/kasskoer.ee\/en\/wp-json\/wp\/v2\/product_tag?post=18680"}],"curies":[{"name":"wp","href":"https:\/\/api.w.org\/{rel}","templated":true}]}}