{"id":18685,"date":"2026-04-20T03:05:32","date_gmt":"2026-04-20T00:05:32","guid":{"rendered":"https:\/\/kasskoer.ee\/product\/tropical-vitality-color-flakes-kalatoit-20g-100ml\/"},"modified":"2026-04-20T03:05:32","modified_gmt":"2026-04-20T00:05:32","slug":"tropical-vitality-color-flakes-kalatoit-20g-100ml","status":"publish","type":"product","link":"https:\/\/kasskoer.ee\/en\/toode\/tropical-vitality-color-flakes-kalatoit-20g-100ml\/","title":{"rendered":"Tropical Vitality &#038; Color Flakes kalatoit 20g \/ 100ml"},"content":{"rendered":"<p><b>Vitality &#038; Color k\u00f5rge valgusisaldusega helbed v\u00e4rvi intensiivistavate ja eluj\u00f5udu suurendavate omadustega k\u00f5iges\u00f6\u00f6jatest ja r\u00f6\u00f6vkala liikidele.<\/b><br \/>&#13;<\/p>\n<li>Intensiivistab kalade v\u00e4rvust.<\/li>\n<p>&#13;<\/p>\n<li>Toetab kasvu ja arengut.<\/li>\n<p>&#13;<\/p>\n<li>Stimuleerib paljunemist.<\/li>\n<p>&#13;<\/p>\n<li>Soodustab tervisliku bakteriaalse mikrofloora arengut seedetraktis.<\/li>\n<p>&#13;<\/p>\n<li>Rikastatud L-karnitiiniga &#8211; soodustab rasvade ainevahetust.<\/li>\n<p>&#13;<\/p>\n<li>Parandab immuunsust.<\/li>\n<p>&#13;<br \/>\n<br \/>&#13;<br \/>\n<b>Koostis<\/b><br \/>&#13;<br \/>\nKala ja kalatooted, teraviljad, munad ja munatooted, taimse valgu ekstraktid, molluskid ja koorikloomad (sh krillijahu min. 8%), p\u00e4rm, taimset p\u00e4ritolu derivaadid, vetikad (Spirulina platensis min. 1%), \u00f5lid ja rasvad, mineraalid (sh tseoliit 1%).<br \/>&#13;<br \/>\n<br \/>&#13;<br \/>\n<b>Anal\u00fc\u00fctilised koostisosad<\/b><br \/>&#13;<br \/>\nToorvalk 49,0%, toor\u00f5lid ja -rasvad 12,5%, toorkiud 3,0%, niiskus 6,0%.<br \/>&#13;<br \/>\n<br \/>&#13;<br \/>\n<b>S\u00f6\u00f6dalisandid (kg kohta)<\/b><br \/>&#13;<br \/>\nVitamiinid, provitamiinid ja sarnase toimega keemiliselt m\u00e4\u00e4ratletud ained: vitamiin A 42 500 R\u00dc, vitamiin D3 2 650 R\u00dc, vitamiin E 180 mg, vitamiin C 320 mg, beeta-karoteen 145 mg, L-karnitiin 220 mg. Mikroelementide \u00fchendid: raud (Fe, E1) 40,0 mg, tsink (Zn, E6) 11,2 mg, mangaan (Mn, E5) 8,4 mg, vask (Cu, E4) 2,0 mg, jood (I, E2) 0,25 mg, seleen (Se, E8) 0,24 mg, mol\u00fcbdeen (Mo, E7) 0,06 mg. Letsitiin. V\u00e4rvained: astaksantiin 84 mg. Antioks\u00fcdandid.<\/p>\n","protected":false},"excerpt":{"rendered":"<p>V\u00e4rvi ja eluj\u00f5udu toetav toit akvaariumikaladele.<\/p>\n","protected":false},"featured_media":18686,"template":"","meta":[],"product_cat":[2973,3079,693],"product_tag":[],"class_list":{"0":"post-18685","1":"product","2":"type-product","3":"status-publish","4":"has-post-thumbnail","6":"product_cat-kalatoit","7":"product_cat-kalad","8":"product_cat-muud-loomad","9":"pa_brand-tropical","10":"pa_ean-3336","11":"pa_kaal-0-020","12":"pa_tootjariik-euroopa-liit","14":"first","15":"instock","16":"taxable","17":"shipping-taxable","18":"purchasable","19":"product-type-simple"},"_links":{"self":[{"href":"https:\/\/kasskoer.ee\/en\/wp-json\/wp\/v2\/product\/18685","targetHints":{"allow":["GET"]}}],"collection":[{"href":"https:\/\/kasskoer.ee\/en\/wp-json\/wp\/v2\/product"}],"about":[{"href":"https:\/\/kasskoer.ee\/en\/wp-json\/wp\/v2\/types\/product"}],"wp:featuredmedia":[{"embeddable":true,"href":"https:\/\/kasskoer.ee\/en\/wp-json\/wp\/v2\/media\/18686"}],"wp:attachment":[{"href":"https:\/\/kasskoer.ee\/en\/wp-json\/wp\/v2\/media?parent=18685"}],"wp:term":[{"taxonomy":"product_cat","embeddable":true,"href":"https:\/\/kasskoer.ee\/en\/wp-json\/wp\/v2\/product_cat?post=18685"},{"taxonomy":"product_tag","embeddable":true,"href":"https:\/\/kasskoer.ee\/en\/wp-json\/wp\/v2\/product_tag?post=18685"}],"curies":[{"name":"wp","href":"https:\/\/api.w.org\/{rel}","templated":true}]}}