{"id":18688,"date":"2026-04-20T03:05:32","date_gmt":"2026-04-20T00:05:32","guid":{"rendered":"https:\/\/kasskoer.ee\/product\/flamingo-kirbu-ja-puugivastane-vahend-majapidamisse-800ml\/"},"modified":"2026-04-20T03:05:35","modified_gmt":"2026-04-20T00:05:35","slug":"flamingo-kirbu-ja-puugivastane-vahend-majapidamisse-800ml","status":"publish","type":"product","link":"https:\/\/kasskoer.ee\/en\/toode\/flamingo-kirbu-ja-puugivastane-vahend-majapidamisse-800ml\/","title":{"rendered":"Flamingo kirbu- ja puugivastane vahend majapidamisse 800ml"},"content":{"rendered":"<li>Parasiidivastane aine, mille toimeaineks on dimetikoon, toimib (prof\u00fclaktikana) puukide, kirpude ja lestade vastu ja on m\u00f5eldud kasutamiseks m\u00f6\u00f6blil ja pindadel.<\/li>\n<p>&#13;<\/p>\n<li>Enne kogu piirkonna t\u00f6\u00f6tlemist tehke test v\u00e4rvimuutuste suhtes.<\/li>\n<p>&#13;<\/p>\n<li>See koosneb looduslikest koostisosadest, n\u00e4iteks dimetikoonist, et immobiliseerida kahjureid, ega sisalda insektitsiide.<\/li>\n","protected":false},"excerpt":{"rendered":"<p>Flamingo kirbu- ja puugivastane vahend lemmikloomadega majapidamises kasutamiseks.<\/p>\n","protected":false},"featured_media":18689,"template":"","meta":[],"product_cat":[688,365],"product_tag":[],"class_list":{"0":"post-18688","1":"product","2":"type-product","3":"status-publish","4":"has-post-thumbnail","6":"product_cat-koerad","7":"product_cat-koerte-tarvikud","8":"pa_brand-flamingo","9":"pa_ean-3337","10":"pa_kaal-0-800","11":"pa_tootjariik-euroopa-liit","13":"first","14":"outofstock","15":"taxable","16":"shipping-taxable","17":"purchasable","18":"product-type-simple"},"_links":{"self":[{"href":"https:\/\/kasskoer.ee\/en\/wp-json\/wp\/v2\/product\/18688","targetHints":{"allow":["GET"]}}],"collection":[{"href":"https:\/\/kasskoer.ee\/en\/wp-json\/wp\/v2\/product"}],"about":[{"href":"https:\/\/kasskoer.ee\/en\/wp-json\/wp\/v2\/types\/product"}],"wp:featuredmedia":[{"embeddable":true,"href":"https:\/\/kasskoer.ee\/en\/wp-json\/wp\/v2\/media\/18689"}],"wp:attachment":[{"href":"https:\/\/kasskoer.ee\/en\/wp-json\/wp\/v2\/media?parent=18688"}],"wp:term":[{"taxonomy":"product_cat","embeddable":true,"href":"https:\/\/kasskoer.ee\/en\/wp-json\/wp\/v2\/product_cat?post=18688"},{"taxonomy":"product_tag","embeddable":true,"href":"https:\/\/kasskoer.ee\/en\/wp-json\/wp\/v2\/product_tag?post=18688"}],"curies":[{"name":"wp","href":"https:\/\/api.w.org\/{rel}","templated":true}]}}