{"id":18699,"date":"2026-04-20T03:05:14","date_gmt":"2026-04-20T00:05:14","guid":{"rendered":"https:\/\/kasskoer.ee\/product\/ziwi-peak-steam-dried-chicken-koeratoit-15kg\/"},"modified":"2026-04-20T03:05:16","modified_gmt":"2026-04-20T00:05:16","slug":"ziwi-peak-steam-dried-chicken-koeratoit-15kg","status":"publish","type":"product","link":"https:\/\/kasskoer.ee\/en\/toode\/ziwi-peak-steam-dried-chicken-koeratoit-15kg\/","title":{"rendered":"Ziwi Peak Steam &#038; Dried Chicken koeratoit 1,5kg"},"content":{"rendered":"<p><b>Ziwi Peak Steam &#038; Dried kana ja puuviljadega tasakaalustatud t\u00e4iss\u00f6\u00f6t igas vanuses koertele.<\/b>&#13;<\/p>\n<li>85% kvaliteetset toorest liha ja siseelundeid.<\/li>\n<p>&#13;<\/p>\n<li>Mugav alternatiiv toortoidule \u2013 lihtsalt serveeri.<\/li>\n<p>&#13;<\/p>\n<li>Ideaalne nii t\u00e4isv\u00e4\u00e4rtusliku toiduna kui ka lisandina.<\/li>\n<p>&#13;<\/p>\n<li>Lisatud prebiootikumid ja kiudained seedimise toetamiseks.<\/li>\n<p>&#13;<\/p>\n<li>K\u00f5rvits on rikkalik kiudainete allikas, mis toetab tervislikku seedimist.<\/li>\n<p>&#13;<\/p>\n<li>Inuliin on toitaine, mida leidub sigurijuures ning mis toimib loodusliku prebiootikumina, aidates soodustada kasulike soolebakterite kasvu.<\/li>\n<p>&#13;<\/p>\n<li>Gl\u00fckoosamiin ja kondroitiin &#8211; liigeste tervise s\u00e4ilitamiseks ja kulumise ennetamiseks.<\/li>\n<p>&#13;<\/p>\n<li>Oomega-3 rasvhapped &#8211; olulised aju tervisliku funktsiooni, kasvu ja arengu toetamiseks, eriti kutsikate puhul. Samuti m\u00e4ngivad need t\u00e4htsat rolli veresoonte, s\u00fcdame, immuuns\u00fcsteemi ja kopsude normaalses toimimises.<\/li>\n<p>&#13;<\/p>\n<li>Kaltsium &#8211; tagab tugevad luud ja hambad, kuid see on vajalik ka s\u00fcdame, lihaste ja n\u00e4rvis\u00fcsteemi normaalseks talitluseks.<\/li>\n<p>&#13;<\/p>\n<li>Z-MicroSteam tehnoloogia &#8211; \u00f5rnalt mikro-aurutatud ning seej\u00e4rel \u00f5hu k\u00e4es kuivatatud, et tagada optimaalne toitainete sisaldus ja maitsev tekstuur.<\/li>\n<p>&#13;<\/p>\n<li>Kogu tooraine p\u00e4rineb Uus-Meremaa farmide vabapidamisel ja hormoonivabalt kasvatatud loomadelt.<\/li>\n<p>&#13;<\/p>\n<li>Ei sisalda s\u00e4ilitusaineid ega l\u00f5hna- ja maitsetugevdajaid.<\/li>\n<p>&#13;<br \/>\n<br \/>&#13;<br \/>\n<b>Koostis<\/b><br \/>&#13;<br \/>\n80% kana ja kana siseelundid (sh kanaliha, maks, kaelad, luu, k\u00f5hred, s\u00fcda), 4% puuviljad (\u00f5un, pirn, kiivid, mustikad, hurmaa), 3% kuivatatud munavalge, kuivatatud rohelised herned, kuivatatud rohelised l\u00e4\u00e4tsed, kuivatatud kinoa, 2% kanarasv, kala\u00f5li, mineraalid, kuivatatud sigurijuur, kuivatatud pruunvetikas.<br \/>&#13;<br \/>\n<br \/>&#13;<br \/>\n<b>Anal\u00fc\u00fctilised koostisosad<\/b><br \/>&#13;<br \/>\nToorvalk 38,0 %, toorrasv 28,0 %, toorkiud 1,0 %, toortuhk 9,0 %, niiskus 9,0 %.<br \/>&#13;<br \/>\n<br \/>&#13;<br \/>\n<b>S\u00f6\u00f6dalisandid (kg kohta)<\/b><br \/>&#13;<br \/>\nToitainelised lisandid: vitamiin D3 671 R\u00dc, tsink (valguh\u00fcdrol\u00fcsaatide tsinkkelaadina) 55 mg, vask (valguh\u00fcdrol\u00fcsaatide vask(II) kelaadina) 6,7 mg, raud (gl\u00fctsiini raud(II)kelaadi h\u00fcdraadina) 35 mg, mangaan (valguh\u00fcdrol\u00fcsaatide mangaankelaadina) 4,3 mg. Tehnoloogilised lisandid: antioks\u00fcdandid (taime\u00f5lide tokoferooliekstraktid).<br \/>&#13;<br \/>\n<br \/>&#13;<br \/>\n<b>Metaboliseeruv energia<\/b><br \/>&#13;<br \/>\n4300 kcal\/kg<br \/>&#13;<br \/>\n<br \/>&#13;<br \/>\n<b>S\u00f6\u00f6tmisjuhend<\/b><br \/>&#13;<br \/>\nS\u00f6\u00f6da t\u00e4isv\u00e4\u00e4rtusliku, tasakaalustatud ja suure lihasisaldusega t\u00e4iss\u00f6\u00f6dana v\u00f5i toitainerikka lisandina. Soovituslik p\u00e4evane kogus vaata pakendilt. Toidu kogus s\u00f5ltub lemmiku aktiivsuse tasemest ja tema eluetapist. Kutsikas ja tiine koer: s\u00f6\u00f6da umbes kahekordne toidukogus, mis on jagatud 2-3 portsjoniks p\u00e4evas. Imetav koer: s\u00f6\u00f6da nii palju kui vajalik. Veendu alati, et v\u00e4rske vesi oleks saadaval.<\/p>\n","protected":false},"excerpt":{"rendered":"<p>Ziwi kana ja puuviljadega tervet seedimist toetav koeratoit.<\/p>\n","protected":false},"featured_media":18700,"template":"","meta":[],"product_cat":[688,64],"product_tag":[],"class_list":{"0":"post-18699","1":"product","2":"type-product","3":"status-publish","4":"has-post-thumbnail","6":"product_cat-koerad","7":"product_cat-koeratoit","8":"pa_brand-ziwi","9":"pa_ean-3341","10":"pa_kaal-1-500","11":"pa_tootjariik-uus-meremaa","13":"first","14":"outofstock","15":"taxable","16":"shipping-taxable","17":"purchasable","18":"product-type-simple"},"_links":{"self":[{"href":"https:\/\/kasskoer.ee\/en\/wp-json\/wp\/v2\/product\/18699","targetHints":{"allow":["GET"]}}],"collection":[{"href":"https:\/\/kasskoer.ee\/en\/wp-json\/wp\/v2\/product"}],"about":[{"href":"https:\/\/kasskoer.ee\/en\/wp-json\/wp\/v2\/types\/product"}],"wp:featuredmedia":[{"embeddable":true,"href":"https:\/\/kasskoer.ee\/en\/wp-json\/wp\/v2\/media\/18700"}],"wp:attachment":[{"href":"https:\/\/kasskoer.ee\/en\/wp-json\/wp\/v2\/media?parent=18699"}],"wp:term":[{"taxonomy":"product_cat","embeddable":true,"href":"https:\/\/kasskoer.ee\/en\/wp-json\/wp\/v2\/product_cat?post=18699"},{"taxonomy":"product_tag","embeddable":true,"href":"https:\/\/kasskoer.ee\/en\/wp-json\/wp\/v2\/product_tag?post=18699"}],"curies":[{"name":"wp","href":"https:\/\/api.w.org\/{rel}","templated":true}]}}