{"id":18703,"date":"2026-04-20T03:05:14","date_gmt":"2026-04-20T00:05:14","guid":{"rendered":"https:\/\/kasskoer.ee\/product\/ziwi-peak-mackerel-lamb-konserv-kassidele-85g\/"},"modified":"2026-04-20T03:05:16","modified_gmt":"2026-04-20T00:05:16","slug":"ziwi-peak-mackerel-lamb-konserv-kassidele-85g","status":"publish","type":"product","link":"https:\/\/kasskoer.ee\/en\/toode\/ziwi-peak-mackerel-lamb-konserv-kassidele-85g\/","title":{"rendered":"Ziwi Peak Mackerel &#038; Lamb konserv kassidele 85g"},"content":{"rendered":"<p><b>Ziwi Peak t\u00e4iss\u00f6\u00f6t Uus-Meremaa vabapidamisel kasvatatud lambast ja makrellist kassipoegadele ja t\u00e4iskasvanud kassidele.<\/b>&#13;<\/p>\n<li>Uus-Meremaa rohekarbid &#8211; looduslikud gl\u00fckoosamiini ja kondroitiini allikad, aitavad toetada liigeste pikaajalist tervist ja liikuvust.<\/li>\n<p>&#13;<\/p>\n<li>Makrell on tervislik ja maitsev kala, milles on rikkalikult eluks vajalikke oomega-3 rasvhappeid.<\/li>\n<p>&#13;<\/p>\n<li>Pruunvetikas &#8211; mikrotoitainete ja vitamiinide allikas, mida sinu lemmiklooma organism ise ei suuda toota. N\u00e4iteks jood, mis reguleerib kilpn\u00e4\u00e4rmehormooni.<\/li>\n<p>&#13;<\/p>\n<li>Ei sisalda suhkruid, tapiokit\u00e4rklist, gl\u00fctseriini, teravilja ega kartulit.<\/li>\n<p>&#13;<\/p>\n<li>Ei sisalda GMO-sid, hormoone ega antibiootikume.<\/li>\n<p>&#13;<\/p>\n<li>Ei sisalda kunstlikke s\u00e4ilitusaineid.<\/li>\n<p>&#13;<br \/>\n<br \/>&#13;<br \/>\n<b>Koostis<\/b><br \/>&#13;<br \/>\nMakrell 41%, lambaliha ja siseorganid 26% (sh lambaliha, kopsud, rupskid, s\u00fcda, maks, neerud, luud), kikerherned, Uus-Meremaa rohekarbid 3%, mineralid, kuivatatud pruunvetikad.<br \/>&#13;<br \/>\n<br \/>&#13;<br \/>\n<b>Anal\u00fc\u00fctiline koostis<\/b><br \/>&#13;<br \/>\nToorvalk 13,5%, toorrasv 5,5%, toortuhk 2,0%, toorkiud 0,5%, niiskus 75%.<br \/>&#13;<br \/>\n<br \/>&#13;<br \/>\n<b>S\u00f6\u00f6dalisandid (kg kohta)<\/b><br \/>&#13;<br \/>\nToitainelised lisandid: D3-vitamiin 690 R\u00dc, tsink (valguh\u00fcdrol\u00fcsaatide tsinkkelaat) 23 mg, vask (valguh\u00fcdrol\u00fcsaatide vask (II) kelaat) 3 mg, raud (gl\u00fctsiini raud (II) kelaadi h\u00fcdraat) 17 mg, mangaan (valguh\u00fcdrol\u00fcsaatide mangaankelaat) 3,3 mg.<br \/>&#13;<br \/>\n<br \/>&#13;<br \/>\n<b>Metaboliseeruv energia<\/b><br \/>&#13;<br \/>\n1075 kcal\/kg<\/p>\n","protected":false},"excerpt":{"rendered":"<p>Ziwi Peak konserv kassidele makrelli ja lambaga.<\/p>\n","protected":false},"featured_media":18704,"template":"","meta":[],"product_cat":[689,33],"product_tag":[],"class_list":{"0":"post-18703","1":"product","2":"type-product","3":"status-publish","4":"has-post-thumbnail","6":"product_cat-kassid","7":"product_cat-konservid-kassidele","8":"pa_brand-ziwi","9":"pa_ean-3343","10":"pa_kaal-0-085","11":"pa_tootjariik-uus-meremaa","13":"first","14":"instock","15":"taxable","16":"shipping-taxable","17":"purchasable","18":"product-type-simple"},"_links":{"self":[{"href":"https:\/\/kasskoer.ee\/en\/wp-json\/wp\/v2\/product\/18703","targetHints":{"allow":["GET"]}}],"collection":[{"href":"https:\/\/kasskoer.ee\/en\/wp-json\/wp\/v2\/product"}],"about":[{"href":"https:\/\/kasskoer.ee\/en\/wp-json\/wp\/v2\/types\/product"}],"wp:featuredmedia":[{"embeddable":true,"href":"https:\/\/kasskoer.ee\/en\/wp-json\/wp\/v2\/media\/18704"}],"wp:attachment":[{"href":"https:\/\/kasskoer.ee\/en\/wp-json\/wp\/v2\/media?parent=18703"}],"wp:term":[{"taxonomy":"product_cat","embeddable":true,"href":"https:\/\/kasskoer.ee\/en\/wp-json\/wp\/v2\/product_cat?post=18703"},{"taxonomy":"product_tag","embeddable":true,"href":"https:\/\/kasskoer.ee\/en\/wp-json\/wp\/v2\/product_tag?post=18703"}],"curies":[{"name":"wp","href":"https:\/\/api.w.org\/{rel}","templated":true}]}}