{"id":18705,"date":"2026-04-20T03:10:13","date_gmt":"2026-04-20T00:10:13","guid":{"rendered":"https:\/\/kasskoer.ee\/product\/ziwi-peak-original-mackerel-lamb-kassitoit-400g\/"},"modified":"2026-04-20T03:10:13","modified_gmt":"2026-04-20T00:10:13","slug":"ziwi-peak-original-mackerel-lamb-kassitoit-400g","status":"publish","type":"product","link":"https:\/\/kasskoer.ee\/en\/toode\/ziwi-peak-original-mackerel-lamb-kassitoit-400g\/","title":{"rendered":"Ziwi Peak Original Mackerel &#038; Lamb kassitoit 400g"},"content":{"rendered":"<p><b>Ziwi Peak Original \u00f5hu k\u00e4es kuivatatud vabapidamisel kasvatatud lambast ja makrellist t\u00e4istoit kassidele igaks eluetapiks.<\/b>&#13;<\/p>\n<li>58% kvaliteetset toorest Uus-Meremaa lambaliha ja siseelundeid.<\/li>\n<p>&#13;<\/p>\n<li>35% Uus-Meremaa makrelli.<\/li>\n<p>&#13;<\/p>\n<li>3% Uus-Meremaa rohekarbid &#8211; looduslikud gl\u00fckoosamiini ja kondroitiini allikad, aitavad toetada liigeste pikaajalist tervist ja liikuvust.<\/li>\n<p>&#13;<\/p>\n<li>Mugav alternatiiv toortoidule &#8211; lihtsalt serveeri.<\/li>\n<p>&#13;<\/p>\n<li>Ideaalne nii t\u00e4isv\u00e4\u00e4rtusliku toiduna kui ka lisandina v\u00f5i maiusena.<\/li>\n<p>&#13;<\/p>\n<li>Ei sisalda teravilju, kartulit, gl\u00fctseriini, t\u00f6\u00f6deldud liha ega k\u00f5rvalsaadusi.<\/li>\n<p>&#13;<br \/>\n<br \/>&#13;<br \/>\n<b>Koostis<\/b><br \/>&#13;<br \/>\nLambaliha ja siseorganid 58% (sh lambaliha, rupskid, kopsud, s\u00fcda, maks, neerud, p\u00f5rn, luud, k\u00f5hred), makrell 35%, Uus-Meremaa rohekarbid 3%, letsitiin, kuivatatud \u00f5unaj\u00e4\u00e4gid, petersell, mineraalid, kuivatatud pruunvetikad.<br \/>&#13;<br \/>\n<br \/>&#13;<br \/>\n<b>Anal\u00fc\u00fctilised koostisosad<\/b><br \/>&#13;<br \/>\nToorvalk 48,0 %, toorrasv 27,0 %, toorkiud 1,0 %, toortuhk 9,5 %, niiskus 9,0 %.<br \/>&#13;<br \/>\n<br \/>&#13;<br \/>\n<b>S\u00f6\u00f6dalisandid (kg kohta)<\/b><br \/>&#13;<br \/>\nToitainelised lisandid: vitamiin D3 458 R\u00dc, tsink (valguh\u00fcdrol\u00fcsaatide tsinkkelaat) 27 mg, vask (valguh\u00fcdrol\u00fcsaatide vask (II) kelaat) 2,9 mg, raud (gl\u00fctsiini raud (I1) kelaadi h\u00fcdraat) 22 mg, mangaan (valguh\u00fcdrol\u00fcsaatide mangaankelaat) 3,3 mg. Tehnoloogilised lisandid: antioks\u00fcdandid (taime\u00f5lide tokoferooliekstraktid).<br \/>&#13;<br \/>\n<br \/>&#13;<br \/>\n<b>Metaboliseeruv energia<\/b><br \/>&#13;<br \/>\n4500 kcal\/kg<br \/>&#13;<br \/>\n<br \/>&#13;<br \/>\n<b>S\u00f6\u00f6tmisjuhend<\/b><br \/>&#13;<br \/>\nS\u00f6\u00f6da t\u00e4isv\u00e4\u00e4rtusliku, tasakaalustatud ja suure lihasisaldusega t\u00e4iss\u00f6\u00f6dana v\u00f5i toitainerikka lisandina. Soovituslik p\u00e4evane kogus vaata pakendilt. Toidu kogus s\u00f5ltub lemmiku aktiivsuse tasemest ja tema eluetapist. Kassipoeg ja tiine kass: s\u00f6\u00f6da umbes kahekordne toidukogus, mis on jagatud 2-3 portsjoniks p\u00e4evas. Imetav kass: s\u00f6\u00f6da nii palju kui vajalik. Veendu alati, et v\u00e4rske vesi oleks saadaval.<\/p>\n","protected":false},"excerpt":{"rendered":"<p>Ziwi \u00f5hu k\u00e4es kuivatatud Uus-Meremaa makrelli- ja lambalihaga kassitoit.<\/p>\n","protected":false},"featured_media":18706,"template":"","meta":[],"product_cat":[689,75],"product_tag":[],"class_list":{"0":"post-18705","1":"product","2":"type-product","3":"status-publish","4":"has-post-thumbnail","6":"product_cat-kassid","7":"product_cat-kassitoit","8":"pa_brand-ziwi","9":"pa_ean-3344","10":"pa_kaal-0-400","11":"pa_tootjariik-uus-meremaa","13":"first","14":"instock","15":"taxable","16":"shipping-taxable","17":"purchasable","18":"product-type-simple"},"_links":{"self":[{"href":"https:\/\/kasskoer.ee\/en\/wp-json\/wp\/v2\/product\/18705","targetHints":{"allow":["GET"]}}],"collection":[{"href":"https:\/\/kasskoer.ee\/en\/wp-json\/wp\/v2\/product"}],"about":[{"href":"https:\/\/kasskoer.ee\/en\/wp-json\/wp\/v2\/types\/product"}],"wp:featuredmedia":[{"embeddable":true,"href":"https:\/\/kasskoer.ee\/en\/wp-json\/wp\/v2\/media\/18706"}],"wp:attachment":[{"href":"https:\/\/kasskoer.ee\/en\/wp-json\/wp\/v2\/media?parent=18705"}],"wp:term":[{"taxonomy":"product_cat","embeddable":true,"href":"https:\/\/kasskoer.ee\/en\/wp-json\/wp\/v2\/product_cat?post=18705"},{"taxonomy":"product_tag","embeddable":true,"href":"https:\/\/kasskoer.ee\/en\/wp-json\/wp\/v2\/product_tag?post=18705"}],"curies":[{"name":"wp","href":"https:\/\/api.w.org\/{rel}","templated":true}]}}