{"id":18709,"date":"2026-04-20T03:05:14","date_gmt":"2026-04-20T00:05:14","guid":{"rendered":"https:\/\/kasskoer.ee\/product\/canvit-yucca-schidigera-toidulisand-koertele-160g\/"},"modified":"2026-04-20T03:05:16","modified_gmt":"2026-04-20T00:05:16","slug":"canvit-yucca-schidigera-toidulisand-koertele-160g","status":"publish","type":"product","link":"https:\/\/kasskoer.ee\/en\/toode\/canvit-yucca-schidigera-toidulisand-koertele-160g\/","title":{"rendered":"Canvit Yucca Schidigera toidulisand koertele 160g"},"content":{"rendered":"<p><b>Canvit Yucca Schidigera seedimist ja organismi puhastamist toetav t\u00e4iends\u00f6\u00f6t koertele.<\/b>&#13;<\/p>\n<li>Yucca Schidigera on k\u00f5rbetaim, mis sisaldab rohkesti saponiine.<\/li>\n<p>&#13;<\/p>\n<li>Saponiinid &#8211;  looduslikud \u00fchendid, mis puhastavad t\u00f5husalt organismi.<\/li>\n<p>&#13;<\/p>\n<li>Yucca ekstrakti kasutatakse seedes\u00fcsteemi h\u00e4irete korral, s\u00f6\u00f6giisu ja maksa- ning neerutalitluse parandamiseks ning organismi \u00fcldiseks puhastamiseks.<\/li>\n<p>&#13;<\/p>\n<li>Yucca toetab ka sapip\u00f5ie ja k\u00f5hun\u00e4\u00e4rme t\u00f6\u00f6d, aitab ennetada p\u00f5letikke ja soodustab haavade paranemist. Sellel on positiivne m\u00f5ju seedimisele ning regulaarne kasutamine aitab v\u00e4hendada v\u00e4ljaheidete l\u00f5hna.<\/li>\n<p>&#13;<br \/>\n<br \/>&#13;<br \/>\n<b>Koostis<\/b><br \/>&#13;<br \/>\nYucca Schidigera ekstrakt 100%.<br \/>&#13;<br \/>\n<br \/>&#13;<br \/>\n<b>Anal\u00fc\u00fctiline koostis<\/b><br \/>&#13;<br \/>\nToorkiud 33,18%, toorrasv 1,49%, toorvalk 1,89%, toortuhk 8,60%.<br \/>&#13;<br \/>\n<br \/>&#13;<br \/>\n<b>S\u00f6\u00f6tmisjuhend<\/b><br \/>&#13;<br \/>\nSegada toidu hulka vastavalt soovitatud annusele. Parima tulemuse saavutamiseks v\u00f5ib p\u00e4evase koguse jagada 2\u20133 v\u00e4iksemaks osaks.<br \/>&#13;<br \/>\n<br \/>&#13;<br \/>\n<b>Soovituslik p\u00e4evane kogus<\/b>&#13;<\/p>\n<figure class=\"table\">\n<table>\n<tbody>\n<tr>\n<td><strong>Koera kaal (kg)<\/strong><\/td>\n<td>1-10<\/td>\n<td>10-25<\/td>\n<td>25-45<\/td>\n<td>45+<\/td>\n<\/tr>\n<tr>\n<td><strong>Teelusikat\u00e4it p\u00e4evas<\/strong><\/td>\n<td>1\/4<\/td>\n<td>1\/2<\/td>\n<td>3\/4<\/td>\n<td>1<\/td>\n<\/tr>\n<\/tbody>\n<\/table>\n<\/figure>\n","protected":false},"excerpt":{"rendered":"<p>Looduslik ens\u00fc\u00fcmide ja antioks\u00fcdantide allikas, mis toetab ainevahetust.<\/p>\n","protected":false},"featured_media":18710,"template":"","meta":[],"product_cat":[1318,688],"product_tag":[],"class_list":{"0":"post-18709","1":"product","2":"type-product","3":"status-publish","4":"has-post-thumbnail","6":"product_cat-koerte-toidulisandid","7":"product_cat-koerad","8":"pa_brand-canvit","9":"pa_ean-3345","10":"pa_kaal-0-160","11":"pa_tootjariik-tsehhi","13":"first","14":"instock","15":"taxable","16":"shipping-taxable","17":"purchasable","18":"product-type-simple"},"_links":{"self":[{"href":"https:\/\/kasskoer.ee\/en\/wp-json\/wp\/v2\/product\/18709","targetHints":{"allow":["GET"]}}],"collection":[{"href":"https:\/\/kasskoer.ee\/en\/wp-json\/wp\/v2\/product"}],"about":[{"href":"https:\/\/kasskoer.ee\/en\/wp-json\/wp\/v2\/types\/product"}],"wp:featuredmedia":[{"embeddable":true,"href":"https:\/\/kasskoer.ee\/en\/wp-json\/wp\/v2\/media\/18710"}],"wp:attachment":[{"href":"https:\/\/kasskoer.ee\/en\/wp-json\/wp\/v2\/media?parent=18709"}],"wp:term":[{"taxonomy":"product_cat","embeddable":true,"href":"https:\/\/kasskoer.ee\/en\/wp-json\/wp\/v2\/product_cat?post=18709"},{"taxonomy":"product_tag","embeddable":true,"href":"https:\/\/kasskoer.ee\/en\/wp-json\/wp\/v2\/product_tag?post=18709"}],"curies":[{"name":"wp","href":"https:\/\/api.w.org\/{rel}","templated":true}]}}