{"id":18725,"date":"2026-04-20T03:05:14","date_gmt":"2026-04-20T00:05:14","guid":{"rendered":"https:\/\/kasskoer.ee\/product\/select-adult-sensitive-sterilised-light-kassitoit-04kg\/"},"modified":"2026-04-20T03:05:16","modified_gmt":"2026-04-20T00:05:16","slug":"select-adult-sensitive-sterilised-light-kassitoit-04kg","status":"publish","type":"product","link":"https:\/\/kasskoer.ee\/en\/toode\/select-adult-sensitive-sterilised-light-kassitoit-04kg\/","title":{"rendered":"Select Adult Sensitive Sterilised &#8211; Light kassitoit 0,4kg"},"content":{"rendered":"<p><b>Picart Select Sensitive Sterilised &#8211; Light on t\u00e4isv\u00e4\u00e4rtuslik ja tasakaalustatud toit tundliku seedimisega t\u00e4iskasvanud steriliseeritud v\u00f5i \u00fclekaalulistele kassidele.<\/b><br \/>&#13;<\/p>\n<li>Sisaldab kergesti seeditavat ja h\u00fcpoallergeenset valku l\u00f5hest ja forellist, mis pakuvad k\u00f5rge bioloogilise v\u00e4\u00e4rtusega aminohappeid, samuti muna- ja plasmavalke.<\/li>\n<p>&#13;<\/p>\n<li>Tasakaalus valgu- ja energiatase &#8211; toetab lihasmassi s\u00e4ilimist ja tervislikku kehakaalu.<\/li>\n<p>&#13;<\/p>\n<li>Orgaanilised mikroelemendid &#8211; parandavad toitainete omastamist.<\/li>\n<p>&#13;<\/p>\n<li>Tauriin &#8211; toetab s\u00fcdame ja silman\u00e4gemise normaalset talitlust.<\/li>\n<p>&#13;<\/p>\n<li>Prebiootikumid (MOS) &#8211; toetavad soolestiku tervist.<\/li>\n<p>&#13;<\/p>\n<li>Plasmavalgud &#8211; kaitsevad sooleseina ja aitavad t\u00f5rjuda kahjulikke baktereid.<\/li>\n<p>&#13;<\/p>\n<li>Vitamiinid A ja E ning seleen ja vask &#8211; tugevdavad immuuns\u00fcsteemi ja aitavad v\u00f5idelda vabade radikaalidega.<\/li>\n<p>&#13;<\/p>\n<li>M\u00f5\u00f5dukas magneesiumi-, kaltsiumi- ja fosforisisaldus &#8211; aitab v\u00e4hendada kusekivide riski ja hoiab kuseteed tervena.<\/li>\n<p>&#13;<\/p>\n<li>Taimsed kiudained &#8211; soodustavad karvapallide l\u00e4bimist seedekulgla kaudu, v\u00e4hendades oksendamist ja ebamugavustunnet.<\/li>\n<p>&#13;<\/p>\n<li>Ei sisalda nisu, maisi ega kartulit.<\/li>\n<p>&#13;<br \/>\n<br \/>&#13;<br \/>\n<b>Koostis<\/b><br \/>&#13;<br \/>\nDeh\u00fcdreeritud kala 22% (deh\u00fcdreeritud l\u00f5he 12%, deh\u00fcdreeritud forell 10%), riis, taimne valk, bataat, kanarasv, deh\u00fcdreeritud muna, h\u00fcdrol\u00fc\u00fcsitud kana, deh\u00fcdreeritud plasma, hernekiud, p\u00e4rmiekstraktid, linnaseekstrakt, mineraalained, prebiootikum MOS.<br \/>&#13;<br \/>\n<br \/> &#13;<br \/>\n<b>Anal\u00fc\u00fctiline koostis<\/b><br \/>&#13;<br \/>\nToorvalk 32%, toorrasv 12%, anorgaaniline aine 7,3%, toorkiud 3,9%, tauriin 1580 mg\/kg.<br \/>&#13;<br \/>\n<br \/> &#13;<br \/>\n<b>S\u00f6\u00f6dalisandid (kg kohta)<\/b><br \/> Toitainelised lisandid: vitamiin A (retin\u00fc\u00fclatsetaat) 30 000 R\u00dc, vitamiin D3 (kolekaltsiferool) 1 800 R\u00dc, vitamiin E (all-rac-alfa-tokofer\u00fc\u00fclatsetaat) 110 R\u00dc, raud (raud(II)sulfaat, monoh\u00fcdraat) 25 mg, jood (kaetud granuleeritud kaltsiumjodaadi anh\u00fcdraat) 1 mg, vask (vaskmetioniini h\u00fcdroks\u00fcanaloogi kelaat) 5 mg, vask (vask(II)sulfaat, pentah\u00fcdraat) 5 mg, mangaan (mangaanmetioniini h\u00fcdroks\u00fcanaloogi kelaat) 4 mg, mangaan (mangaan(II)sulfaat, monoh\u00fcdraat) 8 mg, tsink (tsinksulfaat, monoh\u00fcdraat) 50 mg, tsink (tsinkmetioniini h\u00fcdroks\u00fcanaloogi kelaat) 30 mg, seleen (kaetud granuleeritud naatriumseleniit) 0,1 mg, seleen (orgaaniline seleen, toodetud p\u00e4rmist Saccharomyces cerevisiae CNCM I-3060, inaktiveeritud) 0,2 mg. Sisaldab antioks\u00fcdante: tokoferooliekstraktid taime\u00f5list.<br \/>&#13;<br \/>\n<br \/> &#13;<br \/>\n<b>Toitmisjuhend<\/b><br \/>&#13;<br \/>\nAnda loomale vastavalt tabelis soovitatud kogusele. V\u00e4rske vesi peab alati olema saadaval.<br \/>&#13;<br \/>\nP\u00e4rast kasutamist sulgege pakend kindlalt. Hoida jahedas ja kuivas kohas.&#13;<\/p>\n<figure class=\"table\">\n<table>\n<tbody>\n<tr>\n<td>\n<p><strong>Kassi kaal (kg)<\/strong><\/p>\n<\/td>\n<td>1<\/td>\n<td>1,5<\/td>\n<td>2<\/td>\n<td>2,5<\/td>\n<td>3<\/td>\n<td>3,5<\/td>\n<td>4<\/td>\n<td>4,5<\/td>\n<td>5<\/td>\n<td>5,5<\/td>\n<td>6<\/td>\n<\/tr>\n<tr>\n<td>\n<p><strong>P\u00e4evane kogus (g\/p\u00e4evas)<\/strong><\/p>\n<\/td>\n<td>17<\/td>\n<td>23<\/td>\n<td>28<\/td>\n<td>32<\/td>\n<td>36<\/td>\n<td>40<\/td>\n<td>44<\/td>\n<td>47<\/td>\n<td>51<\/td>\n<td>54<\/td>\n<td>57<\/td>\n<\/tr>\n<\/tbody>\n<\/table>\n<\/figure>\n","protected":false},"excerpt":{"rendered":"<p>Select t\u00e4istoit t\u00e4iskasvanud steriliseeritud kassidele l\u00f5he ja forelliga.<\/p>\n","protected":false},"featured_media":18726,"template":"","meta":[],"product_cat":[689,75],"product_tag":[],"class_list":{"0":"post-18725","1":"product","2":"type-product","3":"status-publish","4":"has-post-thumbnail","6":"product_cat-kassid","7":"product_cat-kassitoit","8":"pa_brand-select","9":"pa_ean-3351","10":"pa_kaal-0-400","11":"pa_tootjariik-hispaania","13":"first","14":"instock","15":"taxable","16":"shipping-taxable","17":"purchasable","18":"product-type-simple"},"_links":{"self":[{"href":"https:\/\/kasskoer.ee\/en\/wp-json\/wp\/v2\/product\/18725","targetHints":{"allow":["GET"]}}],"collection":[{"href":"https:\/\/kasskoer.ee\/en\/wp-json\/wp\/v2\/product"}],"about":[{"href":"https:\/\/kasskoer.ee\/en\/wp-json\/wp\/v2\/types\/product"}],"wp:featuredmedia":[{"embeddable":true,"href":"https:\/\/kasskoer.ee\/en\/wp-json\/wp\/v2\/media\/18726"}],"wp:attachment":[{"href":"https:\/\/kasskoer.ee\/en\/wp-json\/wp\/v2\/media?parent=18725"}],"wp:term":[{"taxonomy":"product_cat","embeddable":true,"href":"https:\/\/kasskoer.ee\/en\/wp-json\/wp\/v2\/product_cat?post=18725"},{"taxonomy":"product_tag","embeddable":true,"href":"https:\/\/kasskoer.ee\/en\/wp-json\/wp\/v2\/product_tag?post=18725"}],"curies":[{"name":"wp","href":"https:\/\/api.w.org\/{rel}","templated":true}]}}