{"id":18727,"date":"2026-04-20T03:05:14","date_gmt":"2026-04-20T00:05:14","guid":{"rendered":"https:\/\/kasskoer.ee\/product\/select-kitten-chicken-kassitoit-04kg\/"},"modified":"2026-04-20T03:05:16","modified_gmt":"2026-04-20T00:05:16","slug":"select-kitten-chicken-kassitoit-04kg","status":"publish","type":"product","link":"https:\/\/kasskoer.ee\/en\/toode\/select-kitten-chicken-kassitoit-04kg\/","title":{"rendered":"Select Kitten Chicken kassitoit 0,4kg"},"content":{"rendered":"<p><b>Picart Select Kitten on t\u00e4isv\u00e4\u00e4rtuslik ja tasakaalustatud toit kassipoegadele kuni 12 kuu vanuseni.<\/b><br \/>&#13;<\/p>\n<li>\u00dcle 85% valgusisaldusest p\u00e4rineb kergesti seeditavatest loomsetest allikatest (kana, muna, plasma).<\/li>\n<p>&#13;<\/p>\n<li>Tasakaalus valgu- ja energiatase &#8211; toetab lihaste arengut ja kasvu.<\/li>\n<p>&#13;<\/p>\n<li>Tauriin &#8211; toetab s\u00fcdame ja silman\u00e4gemise normaalset talitlust.<\/li>\n<p>&#13;<\/p>\n<li>Prebiootikumid (MOS) ja taimne kiudainesisaldus &#8211; aitavad kaasa soolestiku arengule.<\/li>\n<p>&#13;<\/p>\n<li>Plasmavalgud &#8211; kaitsevad sooleseina ja aitavad t\u00f5rjuda kahjulikke baktereid.<\/li>\n<p>&#13;<\/p>\n<li>Vitamiinid A ja E ning seleen ja vask &#8211; tugevdavad immuuns\u00fcsteemi ja aitavad v\u00f5idelda vabade radikaalidega.<\/li>\n<p>&#13;<\/p>\n<li>Mineraalide tasakaal &#8211; aitab v\u00e4ltida liigset eritumist uriiniga ja hoiab kuseteed tervena.<\/li>\n<p>&#13;<\/p>\n<li>Ei sisalda nisu, maisi ega kartulit.<\/li>\n<p>&#13;<br \/>\n<br \/>&#13;<br \/>\n<b>Koostis<\/b><br \/>&#13;<br \/>\nDeh\u00fcdreeritud kanaliha (40%), riis, kanarasv, deh\u00fcdreeritud muna, taimne valk, h\u00fcdrol\u00fc\u00fcsitud kana, kuivatatud plasma, p\u00e4rmiekstraktid, linnaseekstrakt, mineraalained, hernekiud, prebiootikum MOS.<br \/>&#13;<br \/>\n<br \/> &#13;<br \/>\n<b>Anal\u00fc\u00fctiline koostis<\/b><br \/>&#13;<br \/>\nToorvalk 36%, toorrasv 20%, anorgaaniline aine 8,6%, toorkiud 1,5%, tauriin 1720 mg\/kg.<br \/>&#13;<br \/>\n<br \/> &#13;<br \/>\n<b>S\u00f6\u00f6dalisandid (kg kohta)<\/b><br \/> Toitainelised lisandid: vitamiin A (retin\u00fc\u00fclatsetaat) 32 143 R\u00dc, vitamiin D3 (kolekaltsiferool) 1 929 R\u00dc, vitamiin E (all-rac-alfa-tokofer\u00fc\u00fclatsetaat) 118 R\u00dc, raud (raud(II)sulfaat, monoh\u00fcdraat) 26,8 mg, jood (kaetud granuleeritud kaltsiumjodaadi anh\u00fcdraat) 1,1 mg, vask (vaskmetioniini h\u00fcdroks\u00fcanaloogi kelaat) 5,4 mg, vask (vask(II)sulfaat, pentah\u00fcdraat) 5,4 mg, mangaan (mangaanmetioniini h\u00fcdroks\u00fcanaloogi kelaat) 4,3 mg, mangaan (mangaan(II)sulfaat, monoh\u00fcdraat) 8,6 mg, tsink (tsinksulfaat, monoh\u00fcdraat) 53,6 mg, tsink (tsinkmetioniini h\u00fcdroks\u00fcanaloogi kelaat) 32,1 mg, seleen (kaetud granuleeritud naatriumseleniit) 0,11 mg, seleen (orgaaniline seleen, toodetud p\u00e4rmist Saccharomyces cerevisiae CNCM I-3060, inaktiveeritud) 0,2 mg. Sisaldab antioks\u00fcdante: tokoferooliekstraktid taime\u00f5list.<br \/>&#13;<br \/>\n<br \/> &#13;<br \/>\n<b>Toitmisjuhend<\/b><br \/>&#13;<br \/>\nAnda loomale vastavalt tabelis soovitatud kogusele. V\u00e4rske vesi peab alati olema saadaval.<br \/>&#13;<br \/>\nP\u00e4rast kasutamist sulgege pakend kindlalt. Hoida jahedas ja kuivas kohas.<\/p>\n","protected":false},"excerpt":{"rendered":"<p>Select t\u00e4istoit kassipoegadele kanalihaga, sobib ka tiinetele ja imetavatele kassidele.<\/p>\n","protected":false},"featured_media":18728,"template":"","meta":[],"product_cat":[689,75],"product_tag":[],"class_list":{"0":"post-18727","1":"product","2":"type-product","3":"status-publish","4":"has-post-thumbnail","6":"product_cat-kassid","7":"product_cat-kassitoit","8":"pa_brand-select","9":"pa_ean-3352","10":"pa_kaal-0-400","11":"pa_tootjariik-hispaania","13":"first","14":"instock","15":"taxable","16":"shipping-taxable","17":"purchasable","18":"product-type-simple"},"_links":{"self":[{"href":"https:\/\/kasskoer.ee\/en\/wp-json\/wp\/v2\/product\/18727","targetHints":{"allow":["GET"]}}],"collection":[{"href":"https:\/\/kasskoer.ee\/en\/wp-json\/wp\/v2\/product"}],"about":[{"href":"https:\/\/kasskoer.ee\/en\/wp-json\/wp\/v2\/types\/product"}],"wp:featuredmedia":[{"embeddable":true,"href":"https:\/\/kasskoer.ee\/en\/wp-json\/wp\/v2\/media\/18728"}],"wp:attachment":[{"href":"https:\/\/kasskoer.ee\/en\/wp-json\/wp\/v2\/media?parent=18727"}],"wp:term":[{"taxonomy":"product_cat","embeddable":true,"href":"https:\/\/kasskoer.ee\/en\/wp-json\/wp\/v2\/product_cat?post=18727"},{"taxonomy":"product_tag","embeddable":true,"href":"https:\/\/kasskoer.ee\/en\/wp-json\/wp\/v2\/product_tag?post=18727"}],"curies":[{"name":"wp","href":"https:\/\/api.w.org\/{rel}","templated":true}]}}