{"id":18729,"date":"2026-04-20T03:05:32","date_gmt":"2026-04-20T00:05:32","guid":{"rendered":"https:\/\/kasskoer.ee\/product\/bubu-pets-kinnine-sinine-kassitualett-kuhvliga-50x35x33cm\/"},"modified":"2026-04-20T03:05:34","modified_gmt":"2026-04-20T00:05:34","slug":"bubu-pets-kinnine-sinine-kassitualett-kuhvliga-50x35x33cm","status":"publish","type":"product","link":"https:\/\/kasskoer.ee\/en\/toode\/bubu-pets-kinnine-sinine-kassitualett-kuhvliga-50x35x33cm\/","title":{"rendered":"Bubu Pets kinnine sinine kassitualett k\u00fchvliga 50x35x33cm"},"content":{"rendered":"<p><b>Bubu Pets p\u00f6\u00f6rduksega liivakast kassile.<\/b>&#13;<\/p>\n<li>T\u00e4ielikult suletud \u2013 hoiab \u00e4ra ebameeldivad l\u00f5hnad ja pritsmed.<\/li>\n<p>&#13;<\/p>\n<li>Liivakast on lahti v\u00f5etav ning seet\u00f5ttu ka lihtsasti puhastatav.<\/li>\n<p>&#13;<\/p>\n<li>Avar ja mugav.<\/li>\n<p>&#13;<\/p>\n<li>Komplekti kuulub liivak\u00fchvel.<\/li>\n","protected":false},"excerpt":{"rendered":"<p>Bubu Pets sinist v\u00e4rvi alusega liivakast kassile.<\/p>\n","protected":false},"featured_media":18730,"template":"","meta":[],"product_cat":[692,1001],"product_tag":[],"class_list":{"0":"post-18729","1":"product","2":"type-product","3":"status-publish","4":"has-post-thumbnail","6":"product_cat-lemmikutele-lisaks","7":"product_cat-tualetid","8":"pa_brand-bubu-pets","9":"pa_ean-3353","10":"pa_kaal-0-950","11":"pa_tootjariik-hiina","13":"first","14":"instock","15":"taxable","16":"shipping-taxable","17":"purchasable","18":"product-type-simple"},"_links":{"self":[{"href":"https:\/\/kasskoer.ee\/en\/wp-json\/wp\/v2\/product\/18729","targetHints":{"allow":["GET"]}}],"collection":[{"href":"https:\/\/kasskoer.ee\/en\/wp-json\/wp\/v2\/product"}],"about":[{"href":"https:\/\/kasskoer.ee\/en\/wp-json\/wp\/v2\/types\/product"}],"wp:featuredmedia":[{"embeddable":true,"href":"https:\/\/kasskoer.ee\/en\/wp-json\/wp\/v2\/media\/18730"}],"wp:attachment":[{"href":"https:\/\/kasskoer.ee\/en\/wp-json\/wp\/v2\/media?parent=18729"}],"wp:term":[{"taxonomy":"product_cat","embeddable":true,"href":"https:\/\/kasskoer.ee\/en\/wp-json\/wp\/v2\/product_cat?post=18729"},{"taxonomy":"product_tag","embeddable":true,"href":"https:\/\/kasskoer.ee\/en\/wp-json\/wp\/v2\/product_tag?post=18729"}],"curies":[{"name":"wp","href":"https:\/\/api.w.org\/{rel}","templated":true}]}}