{"id":18741,"date":"2026-04-20T03:05:45","date_gmt":"2026-04-20T00:05:45","guid":{"rendered":"https:\/\/kasskoer.ee\/product\/bubu-pets-kassilelu-hiir-varviliste-sulgedega-4tk\/"},"modified":"2026-04-20T03:05:48","modified_gmt":"2026-04-20T00:05:48","slug":"bubu-pets-kassilelu-hiir-varviliste-sulgedega-4tk","status":"publish","type":"product","link":"https:\/\/kasskoer.ee\/en\/toode\/bubu-pets-kassilelu-hiir-varviliste-sulgedega-4tk\/","title":{"rendered":"Bubu Pets kassilelu hiir v\u00e4rviliste sulgedega 4tk"},"content":{"rendered":"<li>Krabisev heli, v\u00e4rviline pl\u00fc\u00fcs ja suled \u2013 k\u00f6idavad kassi t\u00e4helepanu ja aitavad v\u00e4lja elada loomuomast k\u00e4itumist.<\/li>\n<p>&#13;<\/p>\n<li>Hammustamis- ja kriimustuskindel.<\/li>\n<p>&#13;<\/p>\n<li>V\u00e4ike ja kerge \u2013 lihtne m\u00e4ngida.<\/li>\n","protected":false},"excerpt":{"rendered":"<p>Atraktiivsed hiirekujulised m\u00e4nguasjad kassile.<\/p>\n","protected":false},"featured_media":18742,"template":"","meta":[],"product_cat":[1321],"product_tag":[],"class_list":{"0":"post-18741","1":"product","2":"type-product","3":"status-publish","4":"has-post-thumbnail","6":"product_cat-kasside-manguasjad","7":"pa_brand-bubu-pets","8":"pa_ean-3357","9":"pa_kaal-0-020","10":"pa_tootjariik-hiina","12":"first","13":"outofstock","14":"taxable","15":"shipping-taxable","16":"purchasable","17":"product-type-simple"},"_links":{"self":[{"href":"https:\/\/kasskoer.ee\/en\/wp-json\/wp\/v2\/product\/18741","targetHints":{"allow":["GET"]}}],"collection":[{"href":"https:\/\/kasskoer.ee\/en\/wp-json\/wp\/v2\/product"}],"about":[{"href":"https:\/\/kasskoer.ee\/en\/wp-json\/wp\/v2\/types\/product"}],"wp:featuredmedia":[{"embeddable":true,"href":"https:\/\/kasskoer.ee\/en\/wp-json\/wp\/v2\/media\/18742"}],"wp:attachment":[{"href":"https:\/\/kasskoer.ee\/en\/wp-json\/wp\/v2\/media?parent=18741"}],"wp:term":[{"taxonomy":"product_cat","embeddable":true,"href":"https:\/\/kasskoer.ee\/en\/wp-json\/wp\/v2\/product_cat?post=18741"},{"taxonomy":"product_tag","embeddable":true,"href":"https:\/\/kasskoer.ee\/en\/wp-json\/wp\/v2\/product_tag?post=18741"}],"curies":[{"name":"wp","href":"https:\/\/api.w.org\/{rel}","templated":true}]}}