{"id":18744,"date":"2026-04-20T03:05:14","date_gmt":"2026-04-20T00:05:14","guid":{"rendered":"https:\/\/kasskoer.ee\/product\/naude-pet-kapavaha-12g\/"},"modified":"2026-04-20T03:05:15","modified_gmt":"2026-04-20T00:05:15","slug":"naude-pet-kapavaha-12g","status":"publish","type":"product","link":"https:\/\/kasskoer.ee\/en\/toode\/naude-pet-kapavaha-12g\/","title":{"rendered":"Naude Pet k\u00e4pavaha 12g"},"content":{"rendered":"<p><b>Naude Pet k\u00e4pavaha aitab kaitsta \u00f5rna k\u00e4papadjandi nahka v\u00e4listest m\u00f5jutustest tingitud ohtude eest nii k\u00fclmas, kuumas, kui eba\u00fchtlase kattega teel ning looduses.<\/b><br \/>&#13;<\/p>\n<li>K\u00e4pavaha taimsed koostisosad aitavad kaitsta \u00f5rnu k\u00e4papadjandeid ka k\u00f5ige ekstreemsemates ilmastiku- ja teedeoludes.<\/li>\n<p>&#13;<\/p>\n<li>100% looduslik ja vegan.<\/li>\n<p>&#13;<\/p>\n<li>Kaitseb ja ennetab vigastusi.<\/li>\n<p>&#13;<\/p>\n<li>Hooldab h\u00f5\u00f5rdunud ja marrastunud k\u00e4ppasid.<\/li>\n<p>&#13;<\/p>\n<li>T\u00f5hus, aga ohutu koostis.<\/li>\n<p>&#13;<\/p>\n<li>Ilma l\u00f5hnaainete ja eeterlike \u00f5lideta.<\/li>\n<p>&#13;<\/p>\n<li>K\u00e4pavaha on toitev ja pehmendav segu 100% taimsetest \u00f5lidest.<\/li>\n<p>&#13;<\/p>\n<li>Talvel pakub vaha kaitset soolak\u00f5rvetuse eest ning hoiab \u00e4ra lume ja j\u00e4\u00e4 kogunemise k\u00e4papadjandite vahele.<\/li>\n<p>&#13;<\/p>\n<li>Suvekuumal liival ja asfaldil kaitseb vaha padjakesi kuivuse ja h\u00f5\u00f5rdumise eest.<\/li>\n<p>&#13;<br \/>\n<br \/>&#13;<br \/>\n<b>Koostis<\/b><br \/>&#13;<br \/>\nSheav\u00f5i, kandelilla vaha, avokaado\u00f5li, nisuidu\u00f5li, kastoor\u00f5li, vitamiin E.<br \/>&#13;<br \/>\n<br \/> &#13;<br \/>\n<b>Kasutusjuhend<\/b><br \/>&#13;<br \/>\nEt kaitsta ilmastikuolude eest, kanna vaha otse pulgalt k\u00e4ppadele ja padjandite vahele enne \u00f5ue minekut. Toas v\u00f5id peale vaha kasutamist k\u00e4ppadele sokikesed peale t\u00f5mmata, et p\u00f5randale ei j\u00e4\u00e4ks rasvaseid j\u00e4lgi. L\u00fckka \u00f5rnalt, kuid kindlalt pulga p\u00f5hja \u00fcles \u2013 kuid ainult nii palju, kui \u00fchekorraga tarvis. Vahapulka ei saa tagasi tuubi keerata nagu tavalist plastiktuubis huulepulka.<br \/>&#13;<br \/>\nAinult v\u00e4lispidiseks kasutamiseks.  Hoia k\u00e4pavaha kuivas ja jahedas, alla 25\u00b0C.<\/p>\n","protected":false},"excerpt":{"rendered":"<p>Looduslik vaha k\u00e4ppade hoolduseks ning kaitseks.<\/p>\n","protected":false},"featured_media":18745,"template":"","meta":[],"product_cat":[688,365],"product_tag":[],"class_list":{"0":"post-18744","1":"product","2":"type-product","3":"status-publish","4":"has-post-thumbnail","6":"product_cat-koerad","7":"product_cat-koerte-tarvikud","8":"pa_brand-naude","9":"pa_kaal-0-020","10":"pa_tootjariik-euroopa-liit","12":"first","13":"instock","14":"sale","15":"taxable","16":"shipping-taxable","17":"purchasable","18":"product-type-simple"},"_links":{"self":[{"href":"https:\/\/kasskoer.ee\/en\/wp-json\/wp\/v2\/product\/18744","targetHints":{"allow":["GET"]}}],"collection":[{"href":"https:\/\/kasskoer.ee\/en\/wp-json\/wp\/v2\/product"}],"about":[{"href":"https:\/\/kasskoer.ee\/en\/wp-json\/wp\/v2\/types\/product"}],"wp:featuredmedia":[{"embeddable":true,"href":"https:\/\/kasskoer.ee\/en\/wp-json\/wp\/v2\/media\/18745"}],"wp:attachment":[{"href":"https:\/\/kasskoer.ee\/en\/wp-json\/wp\/v2\/media?parent=18744"}],"wp:term":[{"taxonomy":"product_cat","embeddable":true,"href":"https:\/\/kasskoer.ee\/en\/wp-json\/wp\/v2\/product_cat?post=18744"},{"taxonomy":"product_tag","embeddable":true,"href":"https:\/\/kasskoer.ee\/en\/wp-json\/wp\/v2\/product_tag?post=18744"}],"curies":[{"name":"wp","href":"https:\/\/api.w.org\/{rel}","templated":true}]}}