{"id":18746,"date":"2026-04-20T03:05:14","date_gmt":"2026-04-20T00:05:14","guid":{"rendered":"https:\/\/kasskoer.ee\/product\/naude-pet-kapa-ja-ninasalv-30ml\/"},"modified":"2026-04-20T03:05:15","modified_gmt":"2026-04-20T00:05:15","slug":"naude-pet-kapa-ja-ninasalv-30ml","status":"publish","type":"product","link":"https:\/\/kasskoer.ee\/en\/toode\/naude-pet-kapa-ja-ninasalv-30ml\/","title":{"rendered":"Naude Pet k\u00e4pa- ja ninasalv 30ml"},"content":{"rendered":"<p><b>Naude Pet k\u00e4pa- ja ninasalv hoolitseb sinu karvase s\u00f5bra k\u00e4ppade ja nina eest. Hoolda kahjustunud kuiva nahka, koerte aknet, haavakesi, h\u00f5\u00f5rdumisi, marrastusi jpm.<\/b><br \/>&#13;<\/p>\n<li>Salvi v\u00f5ib kasutada kogu keha nahal, mis vajab kaitset ja hoolitsust.<\/li>\n<p>&#13;<\/p>\n<li>100% looduslik ja vegan.<\/li>\n<p>&#13;<\/p>\n<li>Hoiab ja kaitseb igal aastaajal.<\/li>\n<p>&#13;<\/p>\n<li>Hooldab h\u00f5\u00f5rdunud ja marrastunud k\u00e4ppasid.<\/li>\n<p>&#13;<\/p>\n<li>Niisutab kuiva nina.<\/li>\n<p>&#13;<\/p>\n<li>T\u00f5hus, aga ohutu koostis.<\/li>\n<p>&#13;<\/p>\n<li>Valmistatud Eestis ainult k\u00f5ige paremast toorainest.<\/li>\n<p>&#13;<\/p>\n<li>100% puhtad looduslikud \u00f5lid ja v\u00f5id aitavad hooldada ja kaitsta koera \u00f5rna nahka igal aastaajal.<\/li>\n<p>&#13;<\/p>\n<li>Talvel pakub salv kaitset soolak\u00f5rvetuse eest ning hoiab \u00e4ra lume ja j\u00e4\u00e4 kogunemise k\u00e4ppade vahele.<\/li>\n<p>&#13;<\/p>\n<li>Suvekuumal liival ja asfaldil kaitseb salv padjakesi kuivuse ja h\u00f5\u00f5rdumise eest.<\/li>\n<p>&#13;<br \/>\n<br \/>&#13;<br \/>\n<b>Koostis<\/b><br \/>&#13;<br \/>\nSheav\u00f5i, avokaado\u00f5li, p\u00e4evalille\u00f5li, nisuidu\u00f5li, kandelilla vaha, kastoor\u00f5li, saialille ekstrakt, vitamiin E.<br \/>&#13;<br \/>\n<br \/> &#13;<br \/>\n<b>Kasutusjuhend<\/b><br \/>&#13;<br \/>\nEt kaitsta ilmastikuolude eest, kanna salvi k\u00e4ppadele ja varvaste vahele enne \u00f5ue minekut. \u00d5rn kiht ninal aitab hoida nina kuivuse eest. Et hooldada kahjustunud kuiva nahka, koerte aknet, haavakesi, h\u00f5\u00f5rdumisi, marrastusi masseeri \u00f5rn kiht salvi enne \u00f6\u00f6und ning hoolitse, et koer ei lakuks kohe salvi maha \u2013 sel puhul on hea kasutada koonuskraed. Toas v\u00f5id peale salvi kasutamist k\u00e4ppadele sokikesed peale t\u00f5mmata, et p\u00f5randale ei j\u00e4\u00e4ks rasvaseid j\u00e4lgi. Kasuta pigem v\u00e4hem, kui rohkem.<br \/>&#13;<br \/>\nAinult v\u00e4lispidiseks kasutamiseks.  Hoia salvi kuivas ja jahedas, alla 25\u00b0C.<\/p>\n","protected":false},"excerpt":{"rendered":"<p>Looduslik salv nina ja k\u00e4ppade hoolduseks ning kaitseks.<\/p>\n","protected":false},"featured_media":18747,"template":"","meta":[],"product_cat":[688,365],"product_tag":[],"class_list":{"0":"post-18746","1":"product","2":"type-product","3":"status-publish","4":"has-post-thumbnail","6":"product_cat-koerad","7":"product_cat-koerte-tarvikud","8":"pa_brand-naude","9":"pa_ean-3359","10":"pa_kaal-0-030","11":"pa_tootjariik-euroopa-liit","13":"first","14":"instock","15":"sale","16":"taxable","17":"shipping-taxable","18":"purchasable","19":"product-type-simple"},"_links":{"self":[{"href":"https:\/\/kasskoer.ee\/en\/wp-json\/wp\/v2\/product\/18746","targetHints":{"allow":["GET"]}}],"collection":[{"href":"https:\/\/kasskoer.ee\/en\/wp-json\/wp\/v2\/product"}],"about":[{"href":"https:\/\/kasskoer.ee\/en\/wp-json\/wp\/v2\/types\/product"}],"wp:featuredmedia":[{"embeddable":true,"href":"https:\/\/kasskoer.ee\/en\/wp-json\/wp\/v2\/media\/18747"}],"wp:attachment":[{"href":"https:\/\/kasskoer.ee\/en\/wp-json\/wp\/v2\/media?parent=18746"}],"wp:term":[{"taxonomy":"product_cat","embeddable":true,"href":"https:\/\/kasskoer.ee\/en\/wp-json\/wp\/v2\/product_cat?post=18746"},{"taxonomy":"product_tag","embeddable":true,"href":"https:\/\/kasskoer.ee\/en\/wp-json\/wp\/v2\/product_tag?post=18746"}],"curies":[{"name":"wp","href":"https:\/\/api.w.org\/{rel}","templated":true}]}}