{"id":18755,"date":"2026-04-20T03:15:39","date_gmt":"2026-04-20T00:15:39","guid":{"rendered":"https:\/\/kasskoer.ee\/product\/canvit-silybum-marianum-toidulisand-koertele-160g\/"},"modified":"2026-04-20T03:15:42","modified_gmt":"2026-04-20T00:15:42","slug":"canvit-silybum-marianum-toidulisand-koertele-160g","status":"publish","type":"product","link":"https:\/\/kasskoer.ee\/en\/toode\/canvit-silybum-marianum-toidulisand-koertele-160g\/","title":{"rendered":"Canvit Silybum Marianum toidulisand koertele 160g"},"content":{"rendered":"<p><b>Canvit Silybum Marianum maksa t\u00f6\u00f6d toetav t\u00e4iends\u00f6\u00f6t koertele.<\/b>&#13;<\/p>\n<li>Piimaohaka (Silybum Marianum) seemned on rikkalik looduslik sil\u00fcmariini allikas.<\/li>\n<p>&#13;<\/p>\n<li>Sil\u00fcmariin toetab maksa tegevust ning aitab organismist eemaldada m\u00fcrgiseid \u00fchendeid.<\/li>\n<p>&#13;<\/p>\n<li>Parandab maksa talitlust, toetab maksarakkude teket ja uuenemist ning kaitseb uusi maksarakke.<\/li>\n<p>&#13;<\/p>\n<li>Puhastab organismi ja toetab ainevahetust loomulikul viisil.<\/li>\n<p>&#13;<br \/>\n<br \/>&#13;<br \/>\n<b>Koostis<\/b><br \/>&#13;<br \/>\nPiimaohakas (Silybum Marianum).<br \/>&#13;<br \/>\n<br \/>&#13;<br \/>\n<b>Anal\u00fc\u00fctiline koostis<\/b><br \/>&#13;<br \/>\nToorkiud 34,02%, toorvalk 17,84%, toorrasv 6,06%, toortuhk 4,94%.<br \/>&#13;<br \/>\n<br \/>&#13;<br \/>\n<b>S\u00f6\u00f6tmisjuhend<\/b><br \/>&#13;<br \/>\nSegada pulber toiduga vastavalt soovitatud pikaajalisele annusele (v\u00e4hemalt 6\u20138 n\u00e4dalat). P\u00f5letike ja m\u00fcrgistuste korral v\u00f5ib annust suurendada kuni 4 korda.<br \/>&#13;<br \/>\n<br \/>&#13;<br \/>\n<b>Soovituslik p\u00e4evane kogus<\/b>&#13;<\/p>\n<figure class=\"table\">\n<table>\n<tbody>\n<tr>\n<td><strong>Koera kaal (kg)<\/strong><\/td>\n<td>1-10<\/td>\n<td>10-25<\/td>\n<td>25-45<\/td>\n<td>45+<\/td>\n<\/tr>\n<tr>\n<td><strong>Teelusikat\u00e4it p\u00e4evas<\/strong><\/td>\n<td>1\/4<\/td>\n<td>1\/2<\/td>\n<td>3\/4<\/td>\n<td>1<\/td>\n<\/tr>\n<\/tbody>\n<\/table>\n<\/figure>\n","protected":false},"excerpt":{"rendered":"<p>Looduslik piimohaka allikas maksa talitluse toetamiseks.<\/p>\n","protected":false},"featured_media":18756,"template":"","meta":[],"product_cat":[1318,688],"product_tag":[],"class_list":{"0":"post-18755","1":"product","2":"type-product","3":"status-publish","4":"has-post-thumbnail","6":"product_cat-koerte-toidulisandid","7":"product_cat-koerad","8":"pa_brand-canvit","9":"pa_ean-3363","10":"pa_kaal-0-160","11":"pa_tootjariik-tsehhi","13":"first","14":"instock","15":"taxable","16":"shipping-taxable","17":"purchasable","18":"product-type-simple"},"_links":{"self":[{"href":"https:\/\/kasskoer.ee\/en\/wp-json\/wp\/v2\/product\/18755","targetHints":{"allow":["GET"]}}],"collection":[{"href":"https:\/\/kasskoer.ee\/en\/wp-json\/wp\/v2\/product"}],"about":[{"href":"https:\/\/kasskoer.ee\/en\/wp-json\/wp\/v2\/types\/product"}],"wp:featuredmedia":[{"embeddable":true,"href":"https:\/\/kasskoer.ee\/en\/wp-json\/wp\/v2\/media\/18756"}],"wp:attachment":[{"href":"https:\/\/kasskoer.ee\/en\/wp-json\/wp\/v2\/media?parent=18755"}],"wp:term":[{"taxonomy":"product_cat","embeddable":true,"href":"https:\/\/kasskoer.ee\/en\/wp-json\/wp\/v2\/product_cat?post=18755"},{"taxonomy":"product_tag","embeddable":true,"href":"https:\/\/kasskoer.ee\/en\/wp-json\/wp\/v2\/product_tag?post=18755"}],"curies":[{"name":"wp","href":"https:\/\/api.w.org\/{rel}","templated":true}]}}