{"id":18757,"date":"2026-04-20T03:05:14","date_gmt":"2026-04-20T00:05:14","guid":{"rendered":"https:\/\/kasskoer.ee\/product\/select-adult-sterilised-konserv-kassidele-95g\/"},"modified":"2026-04-20T03:05:16","modified_gmt":"2026-04-20T00:05:16","slug":"select-adult-sterilised-konserv-kassidele-95g","status":"publish","type":"product","link":"https:\/\/kasskoer.ee\/en\/toode\/select-adult-sterilised-konserv-kassidele-95g\/","title":{"rendered":"Select Adult Sterilised konserv kassidele 95g"},"content":{"rendered":"<p><b>Picart Select teraviljavaba konserv kana ja veisega. T\u00e4iss\u00f6\u00f6t steriliseeritud t\u00e4iskasvanud kassidele.<\/b>&#13;<\/p>\n<li>Spetsiaalne koostis steriliseeritud kasside vajaduste katmiseks.<\/li>\n<p>&#13;<\/p>\n<li>Aitab hoida sobivat kehakaalu ja \u00fcldist tervist kassidel, kelle energiavajadus on v\u00e4iksem kui steriliseerimata t\u00e4iskasvanud kassidel.<\/li>\n<p>&#13;<\/p>\n<li>Sisaldab 65% liha.<\/li>\n<p>&#13;<\/p>\n<li>L\u00f5he\u00f5list saadavad rasvhapped toetavad tervet nahka ja karva.<\/li>\n<p>&#13;<\/p>\n<li>Teraviljavaba.<\/li>\n<p>&#13;<\/p>\n<li>S\u00e4ilitus- ja v\u00e4rvainetevaba.<\/li>\n<p>&#13;<br \/>\n<br \/>&#13;<br \/>\n<b>Koostis<\/b><br \/>&#13;<br \/>\nKana (40%), veis (25%), l\u00f5he\u00f5li, mineraalid.<br \/>&#13;<br \/>\n<br \/>&#13;<br \/>\n<b>Anal\u00fc\u00fctiline koostis<\/b><br \/>&#13;<br \/>\nToorvalk 10.2%, toorrasv 9.1%, toortuhk 3.4%, toorkiud 0.5%, niiskus 78.3%.<br \/>&#13;<br \/>\n<br \/>&#13;<br \/>\n<b>S\u00f6\u00f6dalisandid<\/b><br \/>&#13;<br \/>\nToitainelised lisandid: A-vitamiin 2880 R\u00dc, E-vitamiin 7,20 R\u00dc, biotiin 0,92 mg, foolhape 1,54 mg, koliin 350 mg, tauriin 270 mg, vasksulfaat, pentah\u00fcdraat 2,67 mg, raud(II)karbonaat (sideriit) 10,51 mg, mangaan(II)oksiid 6,64 mg, tsinkoksiid 32,95 mg, kaaliumjodiid 1,30 mg.<\/p>\n","protected":false},"excerpt":{"rendered":"<p>Select super-premium teraviljavaba konserv steriliseeriutd kassidele.<\/p>\n","protected":false},"featured_media":18758,"template":"","meta":[],"product_cat":[689,33],"product_tag":[],"class_list":{"0":"post-18757","1":"product","2":"type-product","3":"status-publish","4":"has-post-thumbnail","6":"product_cat-kassid","7":"product_cat-konservid-kassidele","8":"pa_brand-select","9":"pa_ean-3364","10":"pa_kaal-0-095","11":"pa_tootjariik-hispaania","13":"first","14":"instock","15":"taxable","16":"shipping-taxable","17":"purchasable","18":"product-type-simple"},"_links":{"self":[{"href":"https:\/\/kasskoer.ee\/en\/wp-json\/wp\/v2\/product\/18757","targetHints":{"allow":["GET"]}}],"collection":[{"href":"https:\/\/kasskoer.ee\/en\/wp-json\/wp\/v2\/product"}],"about":[{"href":"https:\/\/kasskoer.ee\/en\/wp-json\/wp\/v2\/types\/product"}],"wp:featuredmedia":[{"embeddable":true,"href":"https:\/\/kasskoer.ee\/en\/wp-json\/wp\/v2\/media\/18758"}],"wp:attachment":[{"href":"https:\/\/kasskoer.ee\/en\/wp-json\/wp\/v2\/media?parent=18757"}],"wp:term":[{"taxonomy":"product_cat","embeddable":true,"href":"https:\/\/kasskoer.ee\/en\/wp-json\/wp\/v2\/product_cat?post=18757"},{"taxonomy":"product_tag","embeddable":true,"href":"https:\/\/kasskoer.ee\/en\/wp-json\/wp\/v2\/product_tag?post=18757"}],"curies":[{"name":"wp","href":"https:\/\/api.w.org\/{rel}","templated":true}]}}