{"id":18759,"date":"2026-04-20T03:05:14","date_gmt":"2026-04-20T00:05:14","guid":{"rendered":"https:\/\/kasskoer.ee\/product\/select-adult-chicken-konserv-kassidele-95g\/"},"modified":"2026-04-20T03:05:16","modified_gmt":"2026-04-20T00:05:16","slug":"select-adult-chicken-konserv-kassidele-95g","status":"publish","type":"product","link":"https:\/\/kasskoer.ee\/en\/toode\/select-adult-chicken-konserv-kassidele-95g\/","title":{"rendered":"Select Adult Chicken konserv kassidele 95g"},"content":{"rendered":"<p><b>Picart Select teraviljavaba konserv kana ja seaga. T\u00e4iss\u00f6\u00f6t t\u00e4iskasvanud kassidele.<\/b>&#13;<\/p>\n<li>Sisaldab 65% liha &#8211; tooraine v\u00e4rskus ja kvaliteet tagavad tootele suurep\u00e4rase maitse.<\/li>\n<p>&#13;<\/p>\n<li>L\u00f5he\u00f5list saadavad rasvhapped toetavad tervet nahka ja karva.<\/li>\n<p>&#13;<\/p>\n<li>Teraviljavaba.<\/li>\n<p>&#13;<\/p>\n<li>S\u00e4ilitus- ja v\u00e4rvainetevaba.<\/li>\n<p>&#13;<br \/>\n<br \/>&#13;<br \/>\n<b>Koostis<\/b><br \/>&#13;<br \/>\nKana (50%), siga (15%), l\u00f5he\u00f5li.<br \/>&#13;<br \/>\n<br \/>&#13;<br \/>\n<b>Anal\u00fc\u00fctiline koostis<\/b><br \/>&#13;<br \/>\nToorvalk 10.8%, toorrasv 7.6%, toortuhk 2.4%, toorkiud 0.5%, niiskus 77.8%.<br \/>&#13;<br \/>\n<br \/>&#13;<br \/>\n<b>S\u00f6\u00f6dalisandid<\/b><br \/>&#13;<br \/>\nToitainelised lisandid: A-vitamiin 600 R\u00dc, E-vitamiin 1,5 R\u00dc, biotiin 0,29 mg, foolhape 0,48 mg, koliin 108,50 mg, tauriin 60 mg, vasksulfaat, pentah\u00fcdraat 0,34 mg, raud(II)karbonaat (sideriit) 1,35 mg, mangaan(II)oksiid 0,85 mg, tsinkoksiid 4,22 mg, kaaliumjodiid 0,17 mg.<\/p>\n","protected":false},"excerpt":{"rendered":"<p>Select super-premium teraviljavaba konserv t\u00e4iskasvanud kassidele.<\/p>\n","protected":false},"featured_media":18760,"template":"","meta":[],"product_cat":[689,33],"product_tag":[],"class_list":{"0":"post-18759","1":"product","2":"type-product","3":"status-publish","4":"has-post-thumbnail","6":"product_cat-kassid","7":"product_cat-konservid-kassidele","8":"pa_brand-select","9":"pa_ean-3365","10":"pa_kaal-0-095","11":"pa_tootjariik-hispaania","13":"first","14":"instock","15":"taxable","16":"shipping-taxable","17":"purchasable","18":"product-type-simple"},"_links":{"self":[{"href":"https:\/\/kasskoer.ee\/en\/wp-json\/wp\/v2\/product\/18759","targetHints":{"allow":["GET"]}}],"collection":[{"href":"https:\/\/kasskoer.ee\/en\/wp-json\/wp\/v2\/product"}],"about":[{"href":"https:\/\/kasskoer.ee\/en\/wp-json\/wp\/v2\/types\/product"}],"wp:featuredmedia":[{"embeddable":true,"href":"https:\/\/kasskoer.ee\/en\/wp-json\/wp\/v2\/media\/18760"}],"wp:attachment":[{"href":"https:\/\/kasskoer.ee\/en\/wp-json\/wp\/v2\/media?parent=18759"}],"wp:term":[{"taxonomy":"product_cat","embeddable":true,"href":"https:\/\/kasskoer.ee\/en\/wp-json\/wp\/v2\/product_cat?post=18759"},{"taxonomy":"product_tag","embeddable":true,"href":"https:\/\/kasskoer.ee\/en\/wp-json\/wp\/v2\/product_tag?post=18759"}],"curies":[{"name":"wp","href":"https:\/\/api.w.org\/{rel}","templated":true}]}}