{"id":18761,"date":"2026-04-20T03:15:49","date_gmt":"2026-04-20T00:15:49","guid":{"rendered":"https:\/\/kasskoer.ee\/product\/eritex-hein-lemmikloomadele-500g\/"},"modified":"2026-04-20T03:15:50","modified_gmt":"2026-04-20T00:15:50","slug":"eritex-hein-lemmikloomadele-500g","status":"publish","type":"product","link":"https:\/\/kasskoer.ee\/en\/toode\/eritex-hein-lemmikloomadele-500g\/","title":{"rendered":"Eritex hein lemmikloomadele 500g"},"content":{"rendered":"<p><b>Eritex j\u00e4relkuivatatud k\u00f5rgekvaliteediline hein v\u00e4ikeloomadele.<\/b>&#13;<\/p>\n<li>Pakendatud s\u00e4ilitades k\u00f5rre loomulik struktuur.<\/li>\n<p>&#13;<\/p>\n<li>Eesti hein.<\/li>\n<p>&#13;<br \/>\n<br \/>&#13;<br \/>\n<b>Koostis<\/b><br \/>&#13;<br \/>\nHein.<br \/>&#13;<br \/>\n<br \/>&#13;<br \/>\n<b>Anal\u00fc\u00fctiline koostis<\/b><br \/>&#13;<br \/>\nToorproteiin 8,4%, happekiud 30,8%, neutraalkiud 52,2%, toortuhk 5,7%.<\/p>\n","protected":false},"excerpt":{"rendered":"<p>J\u00e4relkuivatatud k\u00f5rgekvaliteediline hein n\u00e4rilistele.<\/p>\n","protected":false},"featured_media":18762,"template":"","meta":[],"product_cat":[693,3078,52],"product_tag":[],"class_list":{"0":"post-18761","1":"product","2":"type-product","3":"status-publish","4":"has-post-thumbnail","6":"product_cat-muud-loomad","7":"product_cat-narilised","8":"product_cat-nariliste-toit","9":"pa_brand-eritex","10":"pa_ean-3367","11":"pa_kaal-0-500","12":"pa_tootjariik-eesti","14":"first","15":"outofstock","16":"taxable","17":"shipping-taxable","18":"purchasable","19":"product-type-simple"},"_links":{"self":[{"href":"https:\/\/kasskoer.ee\/en\/wp-json\/wp\/v2\/product\/18761","targetHints":{"allow":["GET"]}}],"collection":[{"href":"https:\/\/kasskoer.ee\/en\/wp-json\/wp\/v2\/product"}],"about":[{"href":"https:\/\/kasskoer.ee\/en\/wp-json\/wp\/v2\/types\/product"}],"wp:featuredmedia":[{"embeddable":true,"href":"https:\/\/kasskoer.ee\/en\/wp-json\/wp\/v2\/media\/18762"}],"wp:attachment":[{"href":"https:\/\/kasskoer.ee\/en\/wp-json\/wp\/v2\/media?parent=18761"}],"wp:term":[{"taxonomy":"product_cat","embeddable":true,"href":"https:\/\/kasskoer.ee\/en\/wp-json\/wp\/v2\/product_cat?post=18761"},{"taxonomy":"product_tag","embeddable":true,"href":"https:\/\/kasskoer.ee\/en\/wp-json\/wp\/v2\/product_tag?post=18761"}],"curies":[{"name":"wp","href":"https:\/\/api.w.org\/{rel}","templated":true}]}}