{"id":18765,"date":"2026-04-20T03:05:14","date_gmt":"2026-04-20T00:05:14","guid":{"rendered":"https:\/\/kasskoer.ee\/product\/millamore-timothy-hein-1kg\/"},"modified":"2026-04-20T03:05:16","modified_gmt":"2026-04-20T00:05:16","slug":"millamore-timothy-hein-1kg","status":"publish","type":"product","link":"https:\/\/kasskoer.ee\/en\/toode\/millamore-timothy-hein-1kg\/","title":{"rendered":"Millamore Timothy hein 1kg"},"content":{"rendered":"<p><b>Millamore Timothy hein sisaldab igaks p\u00e4evaks vajalikke toitaineid ja maitseb nii k\u00fc\u00fclikutele, merisigadele, deegudele kui ka t\u0161int\u0161iljadele.<\/b>&#13;<\/p>\n<li>Rohkelt toorkiudu (32%) &#8211; toetab optimaalset seedetrakti tervist.<\/li>\n<p>&#13;<\/p>\n<li>Terved hambad &#8211; looduslik abrasiivne tekstuur soodustab suuh\u00fcgieeni, aidates kulutada liiga pikaks kasvanud hambaid.<\/li>\n<p>&#13;<\/p>\n<li>Vaimselt ergutav &#8211; heina n\u00e4rimine m\u00f5jub loomale virgutavalt ja hoiab teda aktiivsena.<\/li>\n<p>&#13;<\/p>\n<li>Puhas ja toitev &#8211; ei sisalda kahjulikke lisandeid ega pestitsiide.<\/li>\n<p>&#13;<\/p>\n<li>V\u00e4rske, maitsev ja toitev.<\/li>\n","protected":false},"excerpt":{"rendered":"<p>Euroopa parimatelt p\u00f5ldudelt p\u00e4rit hein.<\/p>\n","protected":false},"featured_media":18766,"template":"","meta":[],"product_cat":[693,3078,52],"product_tag":[],"class_list":{"0":"post-18765","1":"product","2":"type-product","3":"status-publish","4":"has-post-thumbnail","6":"product_cat-muud-loomad","7":"product_cat-narilised","8":"product_cat-nariliste-toit","9":"pa_brand-millamore","10":"pa_ean-3369","11":"pa_kaal-1-000","12":"pa_tootjariik-euroopa-liit","14":"first","15":"instock","16":"taxable","17":"shipping-taxable","18":"purchasable","19":"product-type-simple"},"_links":{"self":[{"href":"https:\/\/kasskoer.ee\/en\/wp-json\/wp\/v2\/product\/18765","targetHints":{"allow":["GET"]}}],"collection":[{"href":"https:\/\/kasskoer.ee\/en\/wp-json\/wp\/v2\/product"}],"about":[{"href":"https:\/\/kasskoer.ee\/en\/wp-json\/wp\/v2\/types\/product"}],"wp:featuredmedia":[{"embeddable":true,"href":"https:\/\/kasskoer.ee\/en\/wp-json\/wp\/v2\/media\/18766"}],"wp:attachment":[{"href":"https:\/\/kasskoer.ee\/en\/wp-json\/wp\/v2\/media?parent=18765"}],"wp:term":[{"taxonomy":"product_cat","embeddable":true,"href":"https:\/\/kasskoer.ee\/en\/wp-json\/wp\/v2\/product_cat?post=18765"},{"taxonomy":"product_tag","embeddable":true,"href":"https:\/\/kasskoer.ee\/en\/wp-json\/wp\/v2\/product_tag?post=18765"}],"curies":[{"name":"wp","href":"https:\/\/api.w.org\/{rel}","templated":true}]}}