{"id":18767,"date":"2026-04-20T03:05:35","date_gmt":"2026-04-20T00:05:35","guid":{"rendered":"https:\/\/kasskoer.ee\/product\/record-meat-and-cheese-jahutav-maius-koerale-50g\/"},"modified":"2026-04-20T03:05:38","modified_gmt":"2026-04-20T00:05:38","slug":"record-meat-and-cheese-jahutav-maius-koerale-50g","status":"publish","type":"product","link":"https:\/\/kasskoer.ee\/en\/toode\/record-meat-and-cheese-jahutav-maius-koerale-50g\/","title":{"rendered":"Record Meat and Cheese jahutav maius koerale 50g"},"content":{"rendered":"<p><b>Record Gusto Bueno liha- ja juustumaitseline jahutav maius. T\u00e4iends\u00f6\u00f6t koerale.<\/b>&#13;<\/p>\n<li>T\u00e4iusliku maitsega v\u00e4rskendav preemia lemmikule.<\/li>\n<p>&#13;<\/p>\n<li>Enne kasutamist jahutada s\u00fcgavk\u00fclmas 30 minutit.<\/li>\n<p>&#13;<br \/>\n<br \/>&#13;<br \/>\n<b>Koostis<\/b><br \/>&#13;<br \/>\nRiis, nisu, kartulit\u00e4rklis, gl\u00fckoosisiirup, mineraalained, gl\u00fctseriin.<br \/>&#13;<br \/>\n<br \/>&#13;<br \/>\n<b>Anal\u00fc\u00fctiline koostis<\/b><br \/>&#13;<br \/>\nToorvalk 5 %, toorrasv 1,3 %, toorkiud 1 %, toortuhk 2,5 %, niiskus 18 %.<br \/>&#13;<br \/>\n<br \/>&#13;<br \/>\n<b>S\u00f6\u00f6dalisandid (kg kohta)<\/b><br \/>&#13;<br \/>\nMaitse- ja l\u00f5hnalisandid: liha- ja juustuaroom 20 mg\/kg, v\u00e4rvained. Tehnoloogilised lisandid: stabilisaatorid, propioonhape 500 mg\/kg, kaaliumsorbaat 1500 mg\/kg.<\/p>\n","protected":false},"excerpt":{"rendered":"<p>Gusto Bueno liha- ja juustumaitseline jahutav koeramaius.<\/p>\n","protected":false},"featured_media":18768,"template":"","meta":[],"product_cat":[1210,688],"product_tag":[],"class_list":{"0":"post-18767","1":"product","2":"type-product","3":"status-publish","4":"has-post-thumbnail","6":"product_cat-koerte-maiused","7":"product_cat-koerad","8":"pa_brand-record","9":"pa_ean-3370","10":"pa_kaal-0-050","11":"pa_tootjariik-euroopa-liit","13":"first","14":"outofstock","15":"taxable","16":"shipping-taxable","17":"purchasable","18":"product-type-simple"},"_links":{"self":[{"href":"https:\/\/kasskoer.ee\/en\/wp-json\/wp\/v2\/product\/18767","targetHints":{"allow":["GET"]}}],"collection":[{"href":"https:\/\/kasskoer.ee\/en\/wp-json\/wp\/v2\/product"}],"about":[{"href":"https:\/\/kasskoer.ee\/en\/wp-json\/wp\/v2\/types\/product"}],"wp:featuredmedia":[{"embeddable":true,"href":"https:\/\/kasskoer.ee\/en\/wp-json\/wp\/v2\/media\/18768"}],"wp:attachment":[{"href":"https:\/\/kasskoer.ee\/en\/wp-json\/wp\/v2\/media?parent=18767"}],"wp:term":[{"taxonomy":"product_cat","embeddable":true,"href":"https:\/\/kasskoer.ee\/en\/wp-json\/wp\/v2\/product_cat?post=18767"},{"taxonomy":"product_tag","embeddable":true,"href":"https:\/\/kasskoer.ee\/en\/wp-json\/wp\/v2\/product_tag?post=18767"}],"curies":[{"name":"wp","href":"https:\/\/api.w.org\/{rel}","templated":true}]}}