{"id":18775,"date":"2026-04-20T03:15:18","date_gmt":"2026-04-20T00:15:18","guid":{"rendered":"https:\/\/kasskoer.ee\/product\/millamore-pesamaterjal-50g\/"},"modified":"2026-04-20T03:15:18","modified_gmt":"2026-04-20T00:15:18","slug":"millamore-pesamaterjal-50g","status":"publish","type":"product","link":"https:\/\/kasskoer.ee\/en\/toode\/millamore-pesamaterjal-50g\/","title":{"rendered":"Millamore pesamaterjal 50g"},"content":{"rendered":"<p><b>Millamore haavapuust pesamaterjal. Sobib v\u00e4ikestele n\u00e4rilistele ja lindudele m\u00e4ngimiseks, urgude tegemiseks ja pesa ehitamiseks.<\/b>&#13;<\/p>\n<li>Rikastab puuri keskkonda, v\u00e4hendab stressi ja parandab lemmiklooma heaolu.<\/li>\n<p>&#13;<\/p>\n<li>100% naturaalsed ribad haavapuidust.<\/li>\n<p>&#13;<\/p>\n<li>Pehme ja tolmuvaba.<\/li>\n<p>&#13;<\/p>\n<li>Biolagunev ja kompostitav.<\/li>\n","protected":false},"excerpt":{"rendered":"<p>Eestis toodetud haavapuust pesamaterjal.<\/p>\n","protected":false},"featured_media":18776,"template":"","meta":[],"product_cat":[693,3078,924],"product_tag":[],"class_list":{"0":"post-18775","1":"product","2":"type-product","3":"status-publish","4":"has-post-thumbnail","6":"product_cat-muud-loomad","7":"product_cat-narilised","8":"product_cat-nariliste-tarvikud","9":"pa_brand-millamore","10":"pa_ean-3373","11":"pa_kaal-0-050","12":"pa_tootjariik-eesti","14":"first","15":"instock","16":"taxable","17":"shipping-taxable","18":"purchasable","19":"product-type-simple"},"_links":{"self":[{"href":"https:\/\/kasskoer.ee\/en\/wp-json\/wp\/v2\/product\/18775","targetHints":{"allow":["GET"]}}],"collection":[{"href":"https:\/\/kasskoer.ee\/en\/wp-json\/wp\/v2\/product"}],"about":[{"href":"https:\/\/kasskoer.ee\/en\/wp-json\/wp\/v2\/types\/product"}],"wp:featuredmedia":[{"embeddable":true,"href":"https:\/\/kasskoer.ee\/en\/wp-json\/wp\/v2\/media\/18776"}],"wp:attachment":[{"href":"https:\/\/kasskoer.ee\/en\/wp-json\/wp\/v2\/media?parent=18775"}],"wp:term":[{"taxonomy":"product_cat","embeddable":true,"href":"https:\/\/kasskoer.ee\/en\/wp-json\/wp\/v2\/product_cat?post=18775"},{"taxonomy":"product_tag","embeddable":true,"href":"https:\/\/kasskoer.ee\/en\/wp-json\/wp\/v2\/product_tag?post=18775"}],"curies":[{"name":"wp","href":"https:\/\/api.w.org\/{rel}","templated":true}]}}