{"id":18777,"date":"2026-04-20T03:15:18","date_gmt":"2026-04-20T00:15:18","guid":{"rendered":"https:\/\/kasskoer.ee\/product\/millamore-allapanu-supersoft-10l\/"},"modified":"2026-04-20T03:15:18","modified_gmt":"2026-04-20T00:15:18","slug":"millamore-allapanu-supersoft-10l","status":"publish","type":"product","link":"https:\/\/kasskoer.ee\/en\/toode\/millamore-allapanu-supersoft-10l\/","title":{"rendered":"Millamore allapanu Supersoft 10L"},"content":{"rendered":"<p><b>Millamore Supersoft haavapuust 100% naturaalne allapanu. Sobib v\u00e4ikestele n\u00e4rilistele: hamstritele, hiirtele, rottidele, liivahiirtele, samuti roomajatele ning karvututele ja tundliku nahaga v\u00e4ikeloomadele.<\/b>&#13;<\/p>\n<li>Allapanu kuivatatakse k\u00f5rgel temperatuuril (\u00fcle 100 \u00b0C), mist\u00f5ttu on see hea vedeliku imavusega, bakterite, hallituse ja seente vaba.<\/li>\n<p>&#13;<\/p>\n<li>Lisaks l\u00e4bivad Millamore allapanu tooted mitmetasandilise tolmu eraldamise protsessi, et v\u00e4listada tolmu ja allergeene.<\/li>\n<p>&#13;<\/p>\n<li>Eriline h\u00fcgieenilisus &#8211; laboratoorselt t\u00f5estatud ohutus, et allapanu ei sisalda haigustekitajaid ega kahjulikke keemilisi \u00fchendeid.<\/li>\n<p>&#13;<\/p>\n<li>Seob suurep\u00e4raselt ebameeldivad l\u00f5had.<\/li>\n<p>&#13;<\/p>\n<li>Ei ole kasutatud puidu- ega paberit\u00f6\u00f6tlemisj\u00e4\u00e4ke &#8211;  valmistatud puhtast, t\u00f6\u00f6tlemata haavapuust (Populus tremula).<\/li>\n<p>&#13;<\/p>\n<li>Haavapuust allapanu on soovitatud ka loomaarstide poolt, sest haavapuul on okaspuudega v\u00f5rreldes madal vaigusisaldus ning on fenoolide vaba.<\/li>\n<p>&#13;<\/p>\n<li>Puuri ja toa puhtus \u2013 allapanu ei kleepu lemmiku k\u00e4ppade ega karva k\u00fclge ning looma liikumisel ei lendle puru laiali.<\/li>\n<p>&#13;<\/p>\n<li>Biolagunev ning valmistatud j\u00e4\u00e4tmevabalt taastuvenergiat kasutades.<\/li>\n<p>&#13;<\/p>\n<li>Valmistatud kontrollitud, FSC\u00ae sertifikaadiga puidust, millega on tagatud j\u00e4tkusuutlik ja vastutustundlik metsamajandamine.<\/li>\n","protected":false},"excerpt":{"rendered":"<p>Eestis toodetud haavapuust allapanu.<\/p>\n","protected":false},"featured_media":18778,"template":"","meta":[],"product_cat":[693,3078,924],"product_tag":[],"class_list":{"0":"post-18777","1":"product","2":"type-product","3":"status-publish","4":"has-post-thumbnail","6":"product_cat-muud-loomad","7":"product_cat-narilised","8":"product_cat-nariliste-tarvikud","9":"pa_brand-millamore","10":"pa_ean-3374","11":"pa_kaal-2-000","12":"pa_tootjariik-eesti","14":"first","15":"instock","16":"taxable","17":"shipping-taxable","18":"purchasable","19":"product-type-simple"},"_links":{"self":[{"href":"https:\/\/kasskoer.ee\/en\/wp-json\/wp\/v2\/product\/18777","targetHints":{"allow":["GET"]}}],"collection":[{"href":"https:\/\/kasskoer.ee\/en\/wp-json\/wp\/v2\/product"}],"about":[{"href":"https:\/\/kasskoer.ee\/en\/wp-json\/wp\/v2\/types\/product"}],"wp:featuredmedia":[{"embeddable":true,"href":"https:\/\/kasskoer.ee\/en\/wp-json\/wp\/v2\/media\/18778"}],"wp:attachment":[{"href":"https:\/\/kasskoer.ee\/en\/wp-json\/wp\/v2\/media?parent=18777"}],"wp:term":[{"taxonomy":"product_cat","embeddable":true,"href":"https:\/\/kasskoer.ee\/en\/wp-json\/wp\/v2\/product_cat?post=18777"},{"taxonomy":"product_tag","embeddable":true,"href":"https:\/\/kasskoer.ee\/en\/wp-json\/wp\/v2\/product_tag?post=18777"}],"curies":[{"name":"wp","href":"https:\/\/api.w.org\/{rel}","templated":true}]}}