{"id":18783,"date":"2026-04-20T03:05:38","date_gmt":"2026-04-20T00:05:38","guid":{"rendered":"https:\/\/kasskoer.ee\/product\/record-sanford-vihmajope-koerale-5xl\/"},"modified":"2026-04-20T03:05:39","modified_gmt":"2026-04-20T00:05:39","slug":"record-sanford-vihmajope-koerale-5xl","status":"publish","type":"product","link":"https:\/\/kasskoer.ee\/en\/toode\/record-sanford-vihmajope-koerale-5xl\/","title":{"rendered":"Record Sanford vihmajope koerale 5XL"},"content":{"rendered":"<p><b>Record Sanford vihmajope koerale.<\/b>&#13;<\/p>\n<li>Praktiline vee- ja tuulekindel pealiskangas.<\/li>\n<p>&#13;<\/p>\n<li>M\u00f5lemal k\u00fcljel on helkurribad, mis parandavad n\u00e4htavust pimedas.<\/li>\n<p>&#13;<\/p>\n<li>Hingav v\u00f5rkkangaga sisemine polsterdus lisab kandmismugavust.<\/li>\n<p>&#13;<\/p>\n<li>Seljal on jalutusrihma ava, mis teeb mantli sobivaks ka trakside v\u00f5i kaelarihma kandmisel.<\/li>\n<p>&#13;<\/p>\n<li>N\u00f6\u00f6pidega eemaldatav tepitud sisevooder.<\/li>\n<p>&#13;<\/p>\n<li>Reguleeritav v\u00f6\u00f6 kinnitusklambriga.<\/li>\n<p>&#13;<\/p>\n<li>Sobilik koerale seljapikkusega 70cm.<\/li>\n","protected":false},"excerpt":{"rendered":"<p>Sanford tuulekindel vihmajope koerale.<\/p>\n","protected":false},"featured_media":18784,"template":"","meta":[],"product_cat":[2240],"product_tag":[],"class_list":{"0":"post-18783","1":"product","2":"type-product","3":"status-publish","4":"has-post-thumbnail","6":"product_cat-koerte-riided","7":"pa_brand-record","8":"pa_ean-3377","9":"pa_kaal-0-670","10":"pa_tootjariik-hiina","12":"first","13":"instock","14":"taxable","15":"shipping-taxable","16":"purchasable","17":"product-type-simple"},"_links":{"self":[{"href":"https:\/\/kasskoer.ee\/en\/wp-json\/wp\/v2\/product\/18783","targetHints":{"allow":["GET"]}}],"collection":[{"href":"https:\/\/kasskoer.ee\/en\/wp-json\/wp\/v2\/product"}],"about":[{"href":"https:\/\/kasskoer.ee\/en\/wp-json\/wp\/v2\/types\/product"}],"wp:featuredmedia":[{"embeddable":true,"href":"https:\/\/kasskoer.ee\/en\/wp-json\/wp\/v2\/media\/18784"}],"wp:attachment":[{"href":"https:\/\/kasskoer.ee\/en\/wp-json\/wp\/v2\/media?parent=18783"}],"wp:term":[{"taxonomy":"product_cat","embeddable":true,"href":"https:\/\/kasskoer.ee\/en\/wp-json\/wp\/v2\/product_cat?post=18783"},{"taxonomy":"product_tag","embeddable":true,"href":"https:\/\/kasskoer.ee\/en\/wp-json\/wp\/v2\/product_tag?post=18783"}],"curies":[{"name":"wp","href":"https:\/\/api.w.org\/{rel}","templated":true}]}}