{"id":18803,"date":"2026-04-20T03:05:14","date_gmt":"2026-04-20T00:05:14","guid":{"rendered":"https:\/\/kasskoer.ee\/product\/carnilove-mackerel-with-raspberries-varske-lihaga-koeramaius-200g\/"},"modified":"2026-04-20T03:05:15","modified_gmt":"2026-04-20T00:05:15","slug":"carnilove-mackerel-with-raspberries-varske-lihaga-koeramaius-200g","status":"publish","type":"product","link":"https:\/\/kasskoer.ee\/en\/toode\/carnilove-mackerel-with-raspberries-varske-lihaga-koeramaius-200g\/","title":{"rendered":"Carnilove Mackerel with Raspberries v\u00e4rske lihaga koeramaius 200g"},"content":{"rendered":"<p><b>Carnilove kr\u00f5be maius makrelli ja vaarikatega. T\u00e4iends\u00f6\u00f6t igat t\u00f5ugu koertele.<\/b>&#13;<\/p>\n<li>Ideaalne maiuspala ja suurep\u00e4rane t\u00e4iendus sinu koera tavatoidule.<\/li>\n<p>&#13;<\/p>\n<li>Vaarikad &#8211; looduslik antioks\u00fcdantide allikas ja toetavad tugevat immuunsust.<\/li>\n<p>&#13;<\/p>\n<li>Teravilja- ja kartulivaba.<\/li>\n<p>&#13;<\/p>\n<li>Ei sisalda lisatud suhkrut.<\/li>\n<p>&#13;<\/p>\n<li>V\u00e4rske liha.<\/li>\n<p>&#13;<br \/>\n<br \/>&#13;<br \/>\n<b>Koostis<\/b><br \/>&#13;<br \/>\nMakrell 50% (kuivatatud makrell 35%, v\u00e4rske makrell 15%), k\u00f5rvits 15%, kollased herned 8%, kuivatatud \u00f5un 5%, porgand 5%, kikerherned 4%, vaarikad 4%, kanarasv (s\u00e4ilitatud tokoferoolidega) 4%, linaseemned 2%, kuivatatud spinat 2%, linaseemne\u00f5li 1%.<br \/>&#13;<br \/>\n<br \/>&#13;<br \/>\n<b>Anal\u00fc\u00fctilised koostisosad<\/b><br \/>&#13;<br \/>\nToorvalk 32,0%, rasvasisaldus 10,0%, niiskus 10,0%, toortuhk 7,2%, toorkiud 6,0%, kaltsium 1,2%, fosfor 0,8%, oomega-3 0,4%, oomega-6 1,4%.<br \/>&#13;<br \/>\n<br \/>&#13;<br \/>\n<b>Metaboliseeruv energia<\/b><br \/>&#13;<br \/>\n3350 kcal\/kg<\/p>\n","protected":false},"excerpt":{"rendered":"<p>Carnilove kr\u00f5be koeramaius makrelli ja vaarikatega.<\/p>\n","protected":false},"featured_media":18804,"template":"","meta":[],"product_cat":[1210,688],"product_tag":[],"class_list":{"0":"post-18803","1":"product","2":"type-product","3":"status-publish","4":"has-post-thumbnail","6":"product_cat-koerte-maiused","7":"product_cat-koerad","8":"pa_brand-carnilove","9":"pa_ean-3384","10":"pa_kaal-0-200","11":"pa_tootjariik-tsehhi","13":"first","14":"instock","15":"taxable","16":"shipping-taxable","17":"purchasable","18":"product-type-simple"},"_links":{"self":[{"href":"https:\/\/kasskoer.ee\/en\/wp-json\/wp\/v2\/product\/18803","targetHints":{"allow":["GET"]}}],"collection":[{"href":"https:\/\/kasskoer.ee\/en\/wp-json\/wp\/v2\/product"}],"about":[{"href":"https:\/\/kasskoer.ee\/en\/wp-json\/wp\/v2\/types\/product"}],"wp:featuredmedia":[{"embeddable":true,"href":"https:\/\/kasskoer.ee\/en\/wp-json\/wp\/v2\/media\/18804"}],"wp:attachment":[{"href":"https:\/\/kasskoer.ee\/en\/wp-json\/wp\/v2\/media?parent=18803"}],"wp:term":[{"taxonomy":"product_cat","embeddable":true,"href":"https:\/\/kasskoer.ee\/en\/wp-json\/wp\/v2\/product_cat?post=18803"},{"taxonomy":"product_tag","embeddable":true,"href":"https:\/\/kasskoer.ee\/en\/wp-json\/wp\/v2\/product_tag?post=18803"}],"curies":[{"name":"wp","href":"https:\/\/api.w.org\/{rel}","templated":true}]}}