{"id":18819,"date":"2026-04-20T03:10:39","date_gmt":"2026-04-20T00:10:39","guid":{"rendered":"https:\/\/kasskoer.ee\/product\/churu-kassimaius-tuunikala-ja-lohega-4x14g-2\/"},"modified":"2026-04-20T03:10:39","modified_gmt":"2026-04-20T00:10:39","slug":"churu-kassimaius-tuunikala-ja-lohega-4x14g","status":"publish","type":"product","link":"https:\/\/kasskoer.ee\/en\/toode\/churu-kassimaius-tuunikala-ja-lohega-4x14g\/","title":{"rendered":"Churu kassimaius tuunikala ja l\u00f5hega 4x14g"},"content":{"rendered":"<p>Need lakutavad maiuspalad kassidele on valmistatud 100% looduslikust tuunikalast ning l\u00f5hest.<br \/> Kasutada saab neid mitmel viisil: tuubikesest pigistades lakkuda v\u00f5i kasutada v\u00e4ga maitsva kuivtoidulisandina. <\/p>\n<ul>\n<li>Teravilja-, s\u00e4ilitusainete ja kunstlike v\u00e4rvainete vaba.<\/li>\n<li>Kreemjas tekstuur ja suurep\u00e4rane&nbsp;maitse.<\/li>\n<li>Maius sisaldab rohelise tee ekstrakti ja E-vitamiini.<\/li>\n<li>P\u00fcrees on palju niiskust, mis on kassi hea tervise jaoks h\u00e4davajalik.<\/li>\n<li>V\u00e4he kaloreid.<\/li>\n<li>Uuenduslik interaktiivne viis lemmikloomaga koos aja veetmiseks.<\/li>\n<li>Iga pakend sisaldab nelja \u00fcksikut pakki, et s\u00e4ilitada maksimaalne v\u00e4rskus.<\/li>\n<\/ul>\n<p style=\"margin-left: 0px;\"><strong>Koostis<\/strong><\/p>\n<p style=\"margin-left: 0px;\">Tuunikala (28,2%), l\u00f5he&nbsp;(1,8%), tapiokk, tuunikala&nbsp;ekstrakt, kollageen, rohelise tee ekstrakt.<\/p>\n<p style=\"margin-left: 0px;\"><strong>Anal\u00fc\u00fctilised koostisosad<\/strong><\/p>\n<p style=\"margin-left: 0px;\">Toorvalk 8,5%, toorrasv&nbsp;0,5%, toortuhk 1,5%, toorkiud 0,1%,&nbsp;niiskus 88%.<\/p>\n<p> <strong>Tehnoloogilised lisaained<\/strong><br \/> Guarkummi (E412) 9g.<\/p>\n<p style=\"margin-left: 0px;\"><strong>Metaboliseeruv energia<\/strong><\/p>\n<p style=\"margin-left: 0px;\">430 kcal\/kg<\/p>\n","protected":false},"excerpt":{"rendered":"<p>Churu naturaalne lakutav tuunikala ja l\u00f5hega maius kassile.<\/p>\n","protected":false},"featured_media":18824,"template":"","meta":[],"product_cat":[1211],"product_tag":[],"class_list":{"0":"post-18819","1":"product","2":"type-product","3":"status-publish","4":"has-post-thumbnail","6":"product_cat-kasside-maiused","7":"pa_brand-churu","8":"pa_ean-1057","9":"pa_kaal-0-056","10":"pa_tootjariik-tai","12":"first","13":"instock","14":"taxable","15":"shipping-taxable","16":"purchasable","17":"product-type-simple"},"_links":{"self":[{"href":"https:\/\/kasskoer.ee\/en\/wp-json\/wp\/v2\/product\/18819","targetHints":{"allow":["GET"]}}],"collection":[{"href":"https:\/\/kasskoer.ee\/en\/wp-json\/wp\/v2\/product"}],"about":[{"href":"https:\/\/kasskoer.ee\/en\/wp-json\/wp\/v2\/types\/product"}],"wp:featuredmedia":[{"embeddable":true,"href":"https:\/\/kasskoer.ee\/en\/wp-json\/wp\/v2\/media\/18824"}],"wp:attachment":[{"href":"https:\/\/kasskoer.ee\/en\/wp-json\/wp\/v2\/media?parent=18819"}],"wp:term":[{"taxonomy":"product_cat","embeddable":true,"href":"https:\/\/kasskoer.ee\/en\/wp-json\/wp\/v2\/product_cat?post=18819"},{"taxonomy":"product_tag","embeddable":true,"href":"https:\/\/kasskoer.ee\/en\/wp-json\/wp\/v2\/product_tag?post=18819"}],"curies":[{"name":"wp","href":"https:\/\/api.w.org\/{rel}","templated":true}]}}