{"id":18820,"date":"2026-04-20T03:10:42","date_gmt":"2026-04-20T00:10:42","guid":{"rendered":"https:\/\/kasskoer.ee\/product\/churu-pops-kassimaius-tuunikala-ja-kanaga-4x15g-2\/"},"modified":"2026-04-20T03:10:44","modified_gmt":"2026-04-20T00:10:44","slug":"churu-pops-kassimaius-tuunikala-ja-kanaga-4x15g","status":"publish","type":"product","link":"https:\/\/kasskoer.ee\/en\/toode\/churu-pops-kassimaius-tuunikala-ja-kanaga-4x15g\/","title":{"rendered":"Churu Pops kassimaius tuunikala ja kanaga 4x15g"},"content":{"rendered":"<p>Maius on valmistatud 100% looduslikust tuunikalast ning talus kasvatatud kanast.<br \/> Kasutada saab neid mitmel viisil: tuubikesest pigistades v\u00f5i kasutada v\u00e4ga maitsva kuivtoidulisandina. <\/p>\n<ul>\n<li>Teravilja-, s\u00e4ilitusainete ja kunstlike v\u00e4rvainete vaba.<\/li>\n<li>Mahlane tekstuur ja suurep\u00e4rane&nbsp;maitse.<\/li>\n<li>Maius sisaldab rohelise tee ekstrakti ja E-vitamiini.<\/li>\n<li>Pakendis on palju niiskust, mis on kassi hea tervise jaoks h\u00e4davajalik.<\/li>\n<li>V\u00e4he kaloreid.<\/li>\n<li>Uuenduslik interaktiivne viis lemmikloomaga koos aja veetmiseks.<\/li>\n<li>Iga pakend sisaldab nelja \u00fcksikut pakki, et s\u00e4ilitada maksimaalne v\u00e4rskus.<\/li>\n<\/ul>\n<p style=\"margin-left: 0px;\"><strong>Koostis<\/strong><\/p>\n<p style=\"margin-left: 0px;\">Tuunikala (16,7%), kanaliha (16,7%), tuunikala ekstrakt, rohelise tee ekstrakt.<\/p>\n<p style=\"margin-left: 0px;\"><strong>Anal\u00fc\u00fctilised koostisosad<\/strong><\/p>\n<p style=\"margin-left: 0px;\">Toorvalk 9%, toorrasv&nbsp;0,6%, toortuhk 1,3%, toorkiud 0,1%,&nbsp;niiskus 88%.<\/p>\n<p> <strong>Tehnoloogilised lisaained<\/strong><br \/> Guarkummi (E412) 6,7g.<\/p>\n<p style=\"margin-left: 0px;\"><strong>Metaboliseeruv energia<\/strong><\/p>\n<p style=\"margin-left: 0px;\">460 kcal\/kg<\/p>\n","protected":false},"excerpt":{"rendered":"<p>Churu naturaalne tuunikala ja kanaga maius kassile.<\/p>\n","protected":false},"featured_media":18825,"template":"","meta":[],"product_cat":[1211],"product_tag":[],"class_list":{"0":"post-18820","1":"product","2":"type-product","3":"status-publish","4":"has-post-thumbnail","6":"product_cat-kasside-maiused","7":"pa_brand-churu","8":"pa_ean-891","9":"pa_kaal-0-060","10":"pa_tootjariik-tai","12":"first","13":"instock","14":"taxable","15":"shipping-taxable","16":"purchasable","17":"product-type-simple"},"_links":{"self":[{"href":"https:\/\/kasskoer.ee\/en\/wp-json\/wp\/v2\/product\/18820","targetHints":{"allow":["GET"]}}],"collection":[{"href":"https:\/\/kasskoer.ee\/en\/wp-json\/wp\/v2\/product"}],"about":[{"href":"https:\/\/kasskoer.ee\/en\/wp-json\/wp\/v2\/types\/product"}],"wp:featuredmedia":[{"embeddable":true,"href":"https:\/\/kasskoer.ee\/en\/wp-json\/wp\/v2\/media\/18825"}],"wp:attachment":[{"href":"https:\/\/kasskoer.ee\/en\/wp-json\/wp\/v2\/media?parent=18820"}],"wp:term":[{"taxonomy":"product_cat","embeddable":true,"href":"https:\/\/kasskoer.ee\/en\/wp-json\/wp\/v2\/product_cat?post=18820"},{"taxonomy":"product_tag","embeddable":true,"href":"https:\/\/kasskoer.ee\/en\/wp-json\/wp\/v2\/product_tag?post=18820"}],"curies":[{"name":"wp","href":"https:\/\/api.w.org\/{rel}","templated":true}]}}