{"id":18832,"date":"2026-04-20T03:05:14","date_gmt":"2026-04-20T00:05:14","guid":{"rendered":"https:\/\/kasskoer.ee\/product\/inaba-dashi-delights-chicken-with-tuna-scallop-konserv-kassile-70g\/"},"modified":"2026-04-20T03:05:15","modified_gmt":"2026-04-20T00:05:15","slug":"inaba-dashi-delights-chicken-with-tuna-scallop-konserv-kassile-70g","status":"publish","type":"product","link":"https:\/\/kasskoer.ee\/en\/toode\/inaba-dashi-delights-chicken-with-tuna-scallop-konserv-kassile-70g\/","title":{"rendered":"Inaba Dashi Delights Chicken with Tuna &#038; Scallop konserv kassile 70g"},"content":{"rendered":"<p><b>Inaba Dashi kana, tuunikala ja kammkarbiga h\u00f5rgutis &#8211; t\u00e4iends\u00f6\u00f6t kassile.<\/b><br \/>&#13;<\/p>\n<li>Umami elamus &#8211; \u00f5rn puljong, mis on valmistatud metsikult p\u00fc\u00fctud kuivatatud tuunikalast (bonito helbed) ja rikastatud hoolikalt valitud esmaklassiliste valkudega, avab sinu kassile t\u00e4iesti uue maitseelamuse.<\/li>\n<p>&#13;<\/p>\n<li>Niisutav ja maitsev lisand &#8211; t\u00e4ienda oma kassi toidukorda h\u00fcdreeriva ja maitsva lisandiga, mis ei sisalda teravilja, s\u00e4ilitusaineid, karrageeni ega kunstlikke v\u00e4rvaineid.<\/li>\n<p>&#13;<\/p>\n<li>E-vitamiin &#8211; toetab immuuns\u00fcsteemi.<\/li>\n<p>&#13;<\/p>\n<li>Rohelise tee ekstrakt &#8211; looduslik antioks\u00fcdant.<\/li>\n<p>&#13;<br \/>\n<br \/>&#13;<br \/>\n<b>Koostis<\/b><br \/>&#13;<br \/>\nKammkarbipuljong, kana (37,4%), tuunikala (1,3%), kammkarp (1,3%), tapiokk (kuivatatud), bonito helbed.<br \/>&#13;<br \/>\n<br \/> &#13;<br \/>\n<b>Anal\u00fc\u00fctiline koostis<\/b><br \/>&#13;<br \/>\nToorvalk 11,2%, toorrasv 0,5%, toorkiud 0,1%, toortuhk 1,0%, niiskus 86,0%.<br \/>&#13;<br \/>\n<br \/> &#13;<br \/>\n<b>S\u00f6\u00f6dalisandid (kg kohta)<\/b><br \/>&#13;<br \/>\nTehnoloogilised lisandid: guarkummi. L\u00f5hna- ja maitseained: maitseained, Camellia thea Link. Toitainelised lisandid: E-vitamiin 345 mg.<br \/>&#13;<br \/>\n<br \/>&#13;<br \/>\n<b>Metaboliseeruv energia<\/b><br \/>&#13;<br \/>\n460 kcal\/kg<br \/>&#13;<br \/>\n<br \/>&#13;<br \/>\n<b>S\u00f6\u00f6tmisjuhend<\/b><br \/>&#13;<br \/>\nPaku kassile maiusena. Toode ei ole m\u00f5eldud t\u00e4iss\u00f6\u00f6giks. Tagada alati puhas ja v\u00e4rske joogivesi.<\/p>\n","protected":false},"excerpt":{"rendered":"<p>Dashi maitsvatest ja kvaliteetsetest koostisosadest lisand kassile.<\/p>\n","protected":false},"featured_media":18833,"template":"","meta":[],"product_cat":[689,33],"product_tag":[],"class_list":{"0":"post-18832","1":"product","2":"type-product","3":"status-publish","4":"has-post-thumbnail","6":"product_cat-kassid","7":"product_cat-konservid-kassidele","8":"pa_brand-inaba","9":"pa_ean-3391","10":"pa_kaal-0-070","11":"pa_tootjariik-tai","13":"first","14":"instock","15":"taxable","16":"shipping-taxable","17":"purchasable","18":"product-type-simple"},"_links":{"self":[{"href":"https:\/\/kasskoer.ee\/en\/wp-json\/wp\/v2\/product\/18832","targetHints":{"allow":["GET"]}}],"collection":[{"href":"https:\/\/kasskoer.ee\/en\/wp-json\/wp\/v2\/product"}],"about":[{"href":"https:\/\/kasskoer.ee\/en\/wp-json\/wp\/v2\/types\/product"}],"wp:featuredmedia":[{"embeddable":true,"href":"https:\/\/kasskoer.ee\/en\/wp-json\/wp\/v2\/media\/18833"}],"wp:attachment":[{"href":"https:\/\/kasskoer.ee\/en\/wp-json\/wp\/v2\/media?parent=18832"}],"wp:term":[{"taxonomy":"product_cat","embeddable":true,"href":"https:\/\/kasskoer.ee\/en\/wp-json\/wp\/v2\/product_cat?post=18832"},{"taxonomy":"product_tag","embeddable":true,"href":"https:\/\/kasskoer.ee\/en\/wp-json\/wp\/v2\/product_tag?post=18832"}],"curies":[{"name":"wp","href":"https:\/\/api.w.org\/{rel}","templated":true}]}}