{"id":18840,"date":"2026-04-20T03:05:14","date_gmt":"2026-04-20T00:05:14","guid":{"rendered":"https:\/\/kasskoer.ee\/product\/brit-premium-by-nature-konserv-fish-with-fish-skin-koertele-800g\/"},"modified":"2026-04-20T03:05:15","modified_gmt":"2026-04-20T00:05:15","slug":"brit-premium-by-nature-konserv-fish-with-fish-skin-koertele-800g","status":"publish","type":"product","link":"https:\/\/kasskoer.ee\/en\/toode\/brit-premium-by-nature-konserv-fish-with-fish-skin-koertele-800g\/","title":{"rendered":"Brit Premium by Nature konserv Fish with Fish Skin koertele 800g"},"content":{"rendered":"<p><b>Brit Premium konserv on ideaalne kasutamiseks t\u00e4iss\u00f6\u00f6dana, einena v\u00f5i kuivtoidu maitsestamiseks igat t\u00f5ugu t\u00e4iskasvanud koertele. Aitab muuta toitu isu\u00e4ratavamaks ja varustada vedelikuga.<\/b>&#13;<\/p>\n<li>V\u00e4ga h\u00e4sti seeduv ja suurep\u00e4rase maitsega.<\/li>\n<p>&#13;<\/p>\n<li>Tasakaalustatud toitainete, vitamiinide ja mineraalainete kogused.<\/li>\n<p>&#13;<\/p>\n<li>Ei sisalda teravilja, soja ega GMO-sid.<\/li>\n<p>&#13;<br \/>\n<br \/>&#13;<br \/>\n<b>Koostis<\/b>&#13;<br \/>\nKala (36%), kana (22%), kalanahk (4%), l\u00f5he\u00f5li (1,5%), hernejahu, lignotselluloos.<br \/>&#13;<br \/>\n<br \/>&#13;<br \/>\n<b>Anal\u00fc\u00fctilised koostisosad<\/b><br \/>&#13;<br \/>\nToorvalk 8,5%, toorrasv 5,0%, toorkiud 0,3%, toortuhk 2,8%, niiskus 78,0%, kaltsium 0,3%, fosfor 0,3%, naatrium 0,5%.<br \/>&#13;<br \/>\n<br \/>&#13;<br \/>\n<b>S\u00f6\u00f6dalisandid (kg kohta)<\/b><br \/>&#13;<br \/>\nToitainelised lisandid: vitamiin A (3a672a) 800 R\u00dc, vitamiin D3 (3a671) 200 R\u00dc, vitamiin E (3a700) 100 mg, vitamiin B1 (3a821) 1,3 mg, biotiin (3a880) 0,5 mg, tsink (3b606) 10 mg, raud (3b106) 8 mg, mangaan (3b504) 2 mg, jood (3b201) 0,5 mg.<br \/>&#13;<br \/>\n<br \/>&#13;<br \/>\n<b>Metaboliseeruv energia<\/b><br \/>&#13;<br \/>\n1 000 kcal\/kg<br \/>&#13;<br \/>\n<br \/>&#13;<br \/>\n<b>Toitmisjuhend<\/b><br \/>&#13;<br \/>\nP\u00e4evane annus v\u00f5ib varieeruda s\u00f5ltuvalt keskkonnast, suurusest, vanusest ja aktiivsusest. Andke toatemperatuuril. Kui te annate toodet toidu ja maitsete mitmekesistamiseks, v\u00e4hendage vastavalt igap\u00e4evase toidu p\u00e4evast annust. Tagage koerale juurdep\u00e4\u00e4s v\u00e4rskele joogiveele. S\u00e4ilitage kuivas ja jahedas kohas. P\u00e4rast avamist hoidke k\u00fclmkapis. K\u00f5lblik kuni ja partii number: vt pakendilt.&#13;<\/p>\n<figure class=\"table\">\n<table>\n<thead>\n<tr>\n<th rowspan=\"1\">Koera kehakaal \/ p\u00e4evane annus<\/th>\n<th>T\u00e4iss\u00f6\u00f6dana&nbsp;<\/th>\n<th>T\u00e4iends\u00f6\u00f6dana, 50% p\u00e4evasest annusest<\/th>\n<th>T\u00e4iends\u00f6\u00f6dana, 25% p\u00e4evasest annusest<\/th>\n<\/tr>\n<\/thead>\n<tbody>\n<tr>\n<th rowspan=\"1\">V\u00e4ike (1-10 kg)<\/th>\n<td>100-500<\/td>\n<td>50-250<\/td>\n<td>25-125<\/td>\n<\/tr>\n<tr>\n<th rowspan=\"1\">Keskmine (10-25 kg)<\/th>\n<td>500-1000<\/td>\n<td>250-500<\/td>\n<td>125-250<\/td>\n<\/tr>\n<tr>\n<th rowspan=\"1\">Suur (25-50 kg)<\/th>\n<td>1000-1650<\/td>\n<td>500-825<\/td>\n<td>250-415<\/td>\n<\/tr>\n<tr>\n<th rowspan=\"1\">Eriti suur (50-70 kg)<\/th>\n<td>1650-2100<\/td>\n<td>825-1050<\/td>\n<td>415-525<\/td>\n<\/tr>\n<\/tbody>\n<\/table>\n<\/figure>\n","protected":false},"excerpt":{"rendered":"<p>Brit Premium kala ja kalanahaga pasteet koertele.<\/p>\n","protected":false},"featured_media":18864,"template":"","meta":[],"product_cat":[688,106],"product_tag":[],"class_list":{"0":"post-18840","1":"product","2":"type-product","3":"status-publish","4":"has-post-thumbnail","6":"product_cat-koerad","7":"product_cat-konservid-koertele","8":"pa_brand-brit-premium","9":"pa_ean-3404","10":"pa_kaal-0-800","11":"pa_tootjariik-tsehhi","13":"first","14":"instock","15":"taxable","16":"shipping-taxable","17":"purchasable","18":"product-type-simple"},"_links":{"self":[{"href":"https:\/\/kasskoer.ee\/en\/wp-json\/wp\/v2\/product\/18840","targetHints":{"allow":["GET"]}}],"collection":[{"href":"https:\/\/kasskoer.ee\/en\/wp-json\/wp\/v2\/product"}],"about":[{"href":"https:\/\/kasskoer.ee\/en\/wp-json\/wp\/v2\/types\/product"}],"wp:featuredmedia":[{"embeddable":true,"href":"https:\/\/kasskoer.ee\/en\/wp-json\/wp\/v2\/media\/18864"}],"wp:attachment":[{"href":"https:\/\/kasskoer.ee\/en\/wp-json\/wp\/v2\/media?parent=18840"}],"wp:term":[{"taxonomy":"product_cat","embeddable":true,"href":"https:\/\/kasskoer.ee\/en\/wp-json\/wp\/v2\/product_cat?post=18840"},{"taxonomy":"product_tag","embeddable":true,"href":"https:\/\/kasskoer.ee\/en\/wp-json\/wp\/v2\/product_tag?post=18840"}],"curies":[{"name":"wp","href":"https:\/\/api.w.org\/{rel}","templated":true}]}}