{"id":18843,"date":"2026-04-20T03:05:14","date_gmt":"2026-04-20T00:05:14","guid":{"rendered":"https:\/\/kasskoer.ee\/product\/churu-chicken-varieties-multipakk-kassimaius-20-x-14g\/"},"modified":"2026-04-20T03:05:15","modified_gmt":"2026-04-20T00:05:15","slug":"churu-chicken-varieties-multipakk-kassimaius-20-x-14g","status":"publish","type":"product","link":"https:\/\/kasskoer.ee\/en\/toode\/churu-chicken-varieties-multipakk-kassimaius-20-x-14g\/","title":{"rendered":"Churu Chicken Varieties multipakk kassimaius 20 x 14g"},"content":{"rendered":"<p>Erinevad 100% talus kasvatatud kanaga lakutavad maiuspalad kassidele.<br \/>&#13;<br \/>\nKasutada saab neid mitmel viisil: tuubikesest pigistades lakkuda v\u00f5i kasutada v\u00e4ga maitsva kuivtoidulisandina.&#13;<\/p>\n<li>Multipakk sisaldab 4 erineva koostisega maiust &#8211; kanaga, kana ja kammkarbiga, kana ja juustuga, kana ja krabiga.<\/li>\n<p>&#13;<\/p>\n<li>Teravilja-, s\u00e4ilitusainete ja kunstlike v\u00e4rvainete vaba.<\/li>\n<p>&#13;<\/p>\n<li>Kreemjas tekstuur ja suurep\u00e4rane maitse.<\/li>\n<p>&#13;<\/p>\n<li>Maius sisaldab rohelise tee ekstrakti ja E-vitamiini.<\/li>\n<p>&#13;<\/p>\n<li>P\u00fcrees on palju niiskust, mis on kassi hea tervise jaoks h\u00e4davajalik.<\/li>\n<p>&#13;<\/p>\n<li>V\u00e4he kaloreid.<\/li>\n<p>&#13;<\/p>\n<li>Uuenduslik interaktiivne viis lemmikloomaga koos aja veetmiseks.<\/li>\n<p>&#13;<\/p>\n<li>Iga pakend sisaldab 20 \u00fcksikut pakki, et s\u00e4ilitada maksimaalne v\u00e4rskus.<\/li>\n<p>&#13;<br \/>\n<br \/>&#13;<br \/>\n<b>Koostis<\/b><br \/>&#13;<br \/>\nKanaga: kana (30,0%), tapiokk (kuivatatud), kammkarbi ekstrakt, kollageen.<br \/>&#13;<br \/>\nKana ja kammkarbiga: kana (28,2%), tapiokk (kuivatatud), kammkarp (1,8%), kammkarbi ekstrakt, kollageen.<br \/>&#13;<br \/>\nKana ja juustuga: kana (27,9%), tapiokk (kuivatatud), juust (2,1%), kanaekstrakt, kollageen.<br \/>&#13;<br \/>\nKana ja krabimaitseline: kana (30,0%), tapiokk (kuivatatud), krabiekstrakt (0,7%), kollageen.<br \/>&#13;<br \/>\n<br \/>&#13;<br \/>\n<b>Anal\u00fc\u00fctilised koostisosad<\/b><br \/>&#13;<br \/>\nToorvalk 8,5%, toorrasv 0,5%, toortuhk 1,5%, toorkiud 0,1%, niiskus 88%.<br \/>&#13;<br \/>\n<br \/>&#13;<br \/>\n<b>S\u00f6\u00f6dalisandid (kg kohta)<\/b><br \/>&#13;<br \/>\nTehnoloogilised lisandid: guarkummi (E412) 7,2 g. L\u00f5hna- ja maitseained: maitseained, botaaniliselt m\u00e4\u00e4ratletud looduslikud tooted (2b), Camellia thea Link. Toitainelised lisandid: vitamiin E (3a700) 574 mg.<br \/>&#13;<br \/>\n<br \/>&#13;<br \/>\n<b>Metaboliseeruv energia<\/b><br \/>&#13;<br \/>\n440 kcal\/kg<br \/>&#13;<br \/>\n<br \/>&#13;<br \/>\n<b>S\u00f6\u00f6tmisjuhend<\/b><br \/>&#13;<br \/>\nPaku kassile maiusena. P\u00e4rast avamist hoida k\u00fclmkapis ja tarvitada 1 p\u00e4eva jooksul. Tagada alati puhas ja v\u00e4rske joogivesi.<\/p>\n","protected":false},"excerpt":{"rendered":"<p>Churu naturaalne lakutav kanaga t\u00e4iends\u00f6\u00f6t kassile.<\/p>\n","protected":false},"featured_media":18844,"template":"","meta":[],"product_cat":[1211],"product_tag":[],"class_list":{"0":"post-18843","1":"product","2":"type-product","3":"status-publish","4":"has-post-thumbnail","6":"product_cat-kasside-maiused","7":"pa_brand-churu","8":"pa_ean-3394","9":"pa_kaal-0-280","10":"pa_tootjariik-tai","12":"first","13":"instock","14":"taxable","15":"shipping-taxable","16":"purchasable","17":"product-type-simple"},"_links":{"self":[{"href":"https:\/\/kasskoer.ee\/en\/wp-json\/wp\/v2\/product\/18843","targetHints":{"allow":["GET"]}}],"collection":[{"href":"https:\/\/kasskoer.ee\/en\/wp-json\/wp\/v2\/product"}],"about":[{"href":"https:\/\/kasskoer.ee\/en\/wp-json\/wp\/v2\/types\/product"}],"wp:featuredmedia":[{"embeddable":true,"href":"https:\/\/kasskoer.ee\/en\/wp-json\/wp\/v2\/media\/18844"}],"wp:attachment":[{"href":"https:\/\/kasskoer.ee\/en\/wp-json\/wp\/v2\/media?parent=18843"}],"wp:term":[{"taxonomy":"product_cat","embeddable":true,"href":"https:\/\/kasskoer.ee\/en\/wp-json\/wp\/v2\/product_cat?post=18843"},{"taxonomy":"product_tag","embeddable":true,"href":"https:\/\/kasskoer.ee\/en\/wp-json\/wp\/v2\/product_tag?post=18843"}],"curies":[{"name":"wp","href":"https:\/\/api.w.org\/{rel}","templated":true}]}}