{"id":18849,"date":"2026-04-20T03:05:14","date_gmt":"2026-04-20T00:05:14","guid":{"rendered":"https:\/\/kasskoer.ee\/product\/churu-fun-bites-chicken-recipe-wraps-chicken-with-pumpkin-kassimaius-8-x-12g\/"},"modified":"2026-04-20T03:05:15","modified_gmt":"2026-04-20T00:05:15","slug":"churu-fun-bites-chicken-recipe-wraps-chicken-with-pumpkin-kassimaius-8-x-12g","status":"publish","type":"product","link":"https:\/\/kasskoer.ee\/en\/toode\/churu-fun-bites-chicken-recipe-wraps-chicken-with-pumpkin-kassimaius-8-x-12g\/","title":{"rendered":"Churu FUN BITES Chicken Recipe wraps Chicken with Pumpkin kassimaius 8 x 12g"},"content":{"rendered":"<p><b>Churu Fun Bites kanast maiused kana ja k\u00f5rvitsa t\u00e4idisega. T\u00e4iends\u00f6\u00f6t kassidele.<\/b>&#13;<\/p>\n<li>Kahekordne tekstuur &#8211; padjakujuline maius algab pehmest, k\u00fcpsetatud kanapastast, mis ei sisalda teravilja, s\u00e4ilitusaineid, karagenaani ega kunstlikke v\u00e4rvaineid. Maiuse sees on Churu kreemjas t\u00e4idis, mis pakub kassile topeltelamust.<\/li>\n<p>&#13;<\/p>\n<li>Igas t\u00fckis on 65% niiskust, mis toetab kasside vedelikutarbimist.<\/li>\n<p>&#13;<\/p>\n<li>Maius sisaldab ainult umbes 17 kcal, mist\u00f5ttu on tegu madala kalorsusega maiusega, mida v\u00f5ib julgelt pakkuda.<\/li>\n<p>&#13;<\/p>\n<li>Lisaainetena on lisatud E-vitamiin immuunsuse toetamiseks ja rohelise tee ekstrakt antioks\u00fcdandina.<\/li>\n<p>&#13;<\/p>\n<li>Karp sisaldab 8 maiusepakki, et s\u00e4ilitada maksimaalne v\u00e4rskus.<\/li>\n<p>&#13;<br \/>\n<br \/>&#13;<br \/>\n<b>Koostis<\/b><br \/>&#13;<br \/>\nKana (56,9%), tuunikala (13,5%), tapiokk (kuivatatud), munavalgepulber, k\u00f5rvits (1,1%), naatriumkaseinaat, kanaekstrakt (0,65%), p\u00e4rmiekstrakt.<br \/>&#13;<br \/>\n<br \/>&#13;<br \/>\n<b>Anal\u00fc\u00fctilised koostisosad<\/b><br \/>&#13;<br \/>\nToorvalk 27,3%, toorrasv 4,4%, toorkiud 0,1%, toortuhk 1,9%, niiskus 65%.<br \/>&#13;<br \/>\n<br \/>&#13;<br \/>\n<b>S\u00f6\u00f6dalisandid (kg kohta)<\/b><br \/>&#13;<br \/>\nTehnoloogilised lisandid: guarkummi. L\u00f5hna- ja maitseained: maitseained, paprika oleoresiin, Camellia thea Link. Toitainelised lisandid: vitamiin E 81 mg.<br \/>&#13;<br \/>\n<br \/>&#13;<br \/>\n<b>Metaboliseeruv energia<\/b><br \/>&#13;<br \/>\n1700 kcal\/kg<br \/>&#13;<br \/>\n<br \/>&#13;<br \/>\n<b>S\u00f6\u00f6tmisjuhend<\/b><br \/>&#13;<br \/>\nPaku kassile maiusena. Tagada alati puhas ja v\u00e4rske joogivesi. P\u00e4rast avamist hoida k\u00fclmkapis ja tarbida v\u00f5imalikult kiiresti.<\/p>\n","protected":false},"excerpt":{"rendered":"<p>Churu maitsvad kahe tekstuuriga maiused valivatele kassidele.<\/p>\n","protected":false},"featured_media":18850,"template":"","meta":[],"product_cat":[1211],"product_tag":[],"class_list":{"0":"post-18849","1":"product","2":"type-product","3":"status-publish","4":"has-post-thumbnail","6":"product_cat-kasside-maiused","7":"pa_brand-churu","8":"pa_ean-3397","9":"pa_kaal-0-096","10":"pa_tootjariik-tai","12":"first","13":"instock","14":"taxable","15":"shipping-taxable","16":"purchasable","17":"product-type-simple"},"_links":{"self":[{"href":"https:\/\/kasskoer.ee\/en\/wp-json\/wp\/v2\/product\/18849","targetHints":{"allow":["GET"]}}],"collection":[{"href":"https:\/\/kasskoer.ee\/en\/wp-json\/wp\/v2\/product"}],"about":[{"href":"https:\/\/kasskoer.ee\/en\/wp-json\/wp\/v2\/types\/product"}],"wp:featuredmedia":[{"embeddable":true,"href":"https:\/\/kasskoer.ee\/en\/wp-json\/wp\/v2\/media\/18850"}],"wp:attachment":[{"href":"https:\/\/kasskoer.ee\/en\/wp-json\/wp\/v2\/media?parent=18849"}],"wp:term":[{"taxonomy":"product_cat","embeddable":true,"href":"https:\/\/kasskoer.ee\/en\/wp-json\/wp\/v2\/product_cat?post=18849"},{"taxonomy":"product_tag","embeddable":true,"href":"https:\/\/kasskoer.ee\/en\/wp-json\/wp\/v2\/product_tag?post=18849"}],"curies":[{"name":"wp","href":"https:\/\/api.w.org\/{rel}","templated":true}]}}