{"id":18857,"date":"2026-04-20T03:05:38","date_gmt":"2026-04-20T00:05:38","guid":{"rendered":"https:\/\/kasskoer.ee\/product\/botaniqa-active-line-sleek-it-up-karvahooldus-mask-koertele-1l\/"},"modified":"2026-04-20T03:05:41","modified_gmt":"2026-04-20T00:05:41","slug":"botaniqa-active-line-sleek-it-up-karvahooldus-mask-koertele-1l","status":"publish","type":"product","link":"https:\/\/kasskoer.ee\/en\/toode\/botaniqa-active-line-sleek-it-up-karvahooldus-mask-koertele-1l\/","title":{"rendered":"Botaniqa Active Line Sleek It Up karvahooldus mask koertele 1L"},"content":{"rendered":"<p>Aktiivsete koostisosade rikas intensiivne toitev karvkatte mask, mis muudab karva siidiselt siledaks, l\u00e4ikivaks ja kaunilt korrastatatuks. Maski professionaalne koostis hoiab \u00e4ra staatilise elektri tekkimise karvas ning j\u00e4tab sellele imelise v\u00e4limuse.&#13;<br \/>\n<br \/>&#13;<br \/>\n<br \/><b>Kasutamine<\/b><br \/>&#13;<br \/>\nLahjendage toode veega (1:30). Peale \u0161ampooniga pesemist, kasutage maski, masseerides seda \u00f5rnalt karva sisse. Hoidke peal 2-5 minutit ja loputage hoolikalt v\u00e4lja. Oluline on, et kuivataksite karva enne harjamist.<\/p>\n<p>&#13;<br \/>\n<b>Koostis<\/b><br \/>&#13;<br \/>\nVesi, dimetikoon, tsetear\u00fc\u00fclalkohol, gl\u00fctseriin, Benenth-25, behentrimoiumkloriid, Cocos Nuvcifera \u00f5li, isonon\u00fc\u00fcliononanoaat, kollageen, h\u00fcdrol\u00fc\u00fcsitud siid, h\u00fcdrol\u00fc\u00fcsitud keratiin, h\u00fcdrol\u00fc\u00fcsitud Ceratonia Siliqua seemneekstrakt, Zea maisi t\u00e4rklis, Prunus Armeniaca puuviljaekstrakt, Prunus Persicia puuviljaekstrakt, Pyrus Malus puuviljaekstrakt, Theobroma Grandiflorum seemnev\u00f5i, Butyrospermum Parkii v\u00f5iekstrakt, \u00e4\u00e4dikas, guarh\u00fcdroks\u00fcprop\u00fc\u00fcltrimooniumkloriid, pol\u00fckvaternium-7, pol\u00fcsorbaat 80, parf\u00fc\u00fcm, prop\u00fcleengl\u00fckool, PEG-40 h\u00fcdrogeenitud kastoor\u00f5li, trietanoolamiin, s\u00e4ilitusaine.<\/p>\n","protected":false},"excerpt":{"rendered":"<p>Botaniqa Active Line Sleek It Up mask koerakarvale.<\/p>\n","protected":false},"featured_media":18858,"template":"","meta":[],"product_cat":[2123],"product_tag":[],"class_list":{"0":"post-18857","1":"product","2":"type-product","3":"status-publish","4":"has-post-thumbnail","6":"product_cat-sampoonid","7":"pa_brand-botaniqa","8":"pa_ean-3401","9":"pa_kaal-1-000","10":"pa_tootjariik-poola","12":"first","13":"instock","14":"taxable","15":"shipping-taxable","16":"purchasable","17":"product-type-simple"},"_links":{"self":[{"href":"https:\/\/kasskoer.ee\/en\/wp-json\/wp\/v2\/product\/18857","targetHints":{"allow":["GET"]}}],"collection":[{"href":"https:\/\/kasskoer.ee\/en\/wp-json\/wp\/v2\/product"}],"about":[{"href":"https:\/\/kasskoer.ee\/en\/wp-json\/wp\/v2\/types\/product"}],"wp:featuredmedia":[{"embeddable":true,"href":"https:\/\/kasskoer.ee\/en\/wp-json\/wp\/v2\/media\/18858"}],"wp:attachment":[{"href":"https:\/\/kasskoer.ee\/en\/wp-json\/wp\/v2\/media?parent=18857"}],"wp:term":[{"taxonomy":"product_cat","embeddable":true,"href":"https:\/\/kasskoer.ee\/en\/wp-json\/wp\/v2\/product_cat?post=18857"},{"taxonomy":"product_tag","embeddable":true,"href":"https:\/\/kasskoer.ee\/en\/wp-json\/wp\/v2\/product_tag?post=18857"}],"curies":[{"name":"wp","href":"https:\/\/api.w.org\/{rel}","templated":true}]}}