{"id":18861,"date":"2026-04-20T03:05:38","date_gmt":"2026-04-20T00:05:38","guid":{"rendered":"https:\/\/kasskoer.ee\/product\/botaniqa-love-me-long-palsam-koertele-1l\/"},"modified":"2026-04-20T03:05:41","modified_gmt":"2026-04-20T00:05:41","slug":"botaniqa-love-me-long-palsam-koertele-1l","status":"publish","type":"product","link":"https:\/\/kasskoer.ee\/en\/toode\/botaniqa-love-me-long-palsam-koertele-1l\/","title":{"rendered":"Botaniqa Love Me Long palsam koertele 1L"},"content":{"rendered":"<p>100% looduslikust Cupua\u00e7u ja Shea puuviljav\u00f5ist valmistatud palsam on spetsiaalselt v\u00e4lja t\u00f6\u00f6tatud pikakarvalistele koertele, et lisada karvkattele s\u00e4ra ja siidisust. Palsam niisutab ja hooldab nahka ning karvkatet.<br \/>&#13;<br \/>\n<br \/>&#13;<br \/>\n<b>Kasutamine<\/b><br \/>&#13;<br \/>\nP\u00e4rast Love Me Long \u0161ampooni kasutamist kandke lahjendatud palsam (soovitatav lahjendus on 1:5) niiskele karvkattele, v\u00e4ltides kokkupuudet silmade ja k\u00f5rvadega. Oodake m\u00f5ni minut ja loputage seej\u00e4rel sooja veega. Kuivatage koer ja kammige nagu tavaliselt.<br \/>&#13;<br \/>\n<br \/>&#13;<br \/>\n<b>Koostis<\/b><br \/>&#13;<br \/>\nVesi, tsetear\u00fc\u00fclalkohol, tsetrimooniumkloriid, Butyrospermum Parkii v\u00f5i, isoprop\u00fc\u00fclm\u00fcristaat Theobroma Grandiflorum Seemnev\u00f5i, Pol\u00fckvaternium-7, linoolhape, linoleenhape, BHT, dinaatrium-EDTA, DMDM h\u00fcdantoiin, met\u00fc\u00fclkloroisol\u00fcolotsool.&#13;<br \/>\n<br \/>Parabeenide, sulfaatide, v\u00e4rvainete, silikoonide, nafta k\u00f5rvalsaaduste ja loomset p\u00e4ritolu koostisainete vaba!<\/p>\n","protected":false},"excerpt":{"rendered":"<p>Botaniqa Love Me Long palsam pikakarvalistele koertele.<\/p>\n","protected":false},"featured_media":18862,"template":"","meta":[],"product_cat":[2123],"product_tag":[],"class_list":{"0":"post-18861","1":"product","2":"type-product","3":"status-publish","4":"has-post-thumbnail","6":"product_cat-sampoonid","7":"pa_brand-botaniqa","8":"pa_ean-3403","9":"pa_kaal-1-000","10":"pa_tootjariik-poola","12":"first","13":"outofstock","14":"taxable","15":"shipping-taxable","16":"purchasable","17":"product-type-simple"},"_links":{"self":[{"href":"https:\/\/kasskoer.ee\/en\/wp-json\/wp\/v2\/product\/18861","targetHints":{"allow":["GET"]}}],"collection":[{"href":"https:\/\/kasskoer.ee\/en\/wp-json\/wp\/v2\/product"}],"about":[{"href":"https:\/\/kasskoer.ee\/en\/wp-json\/wp\/v2\/types\/product"}],"wp:featuredmedia":[{"embeddable":true,"href":"https:\/\/kasskoer.ee\/en\/wp-json\/wp\/v2\/media\/18862"}],"wp:attachment":[{"href":"https:\/\/kasskoer.ee\/en\/wp-json\/wp\/v2\/media?parent=18861"}],"wp:term":[{"taxonomy":"product_cat","embeddable":true,"href":"https:\/\/kasskoer.ee\/en\/wp-json\/wp\/v2\/product_cat?post=18861"},{"taxonomy":"product_tag","embeddable":true,"href":"https:\/\/kasskoer.ee\/en\/wp-json\/wp\/v2\/product_tag?post=18861"}],"curies":[{"name":"wp","href":"https:\/\/api.w.org\/{rel}","templated":true}]}}