{"id":18866,"date":"2026-04-20T03:15:36","date_gmt":"2026-04-20T00:15:36","guid":{"rendered":"https:\/\/kasskoer.ee\/product\/botaniqa-show-line-pusavastane-karvapiim-250ml\/"},"modified":"2026-04-20T03:15:38","modified_gmt":"2026-04-20T00:15:38","slug":"botaniqa-show-line-pusavastane-karvapiim-250ml","status":"publish","type":"product","link":"https:\/\/kasskoer.ee\/en\/toode\/botaniqa-show-line-pusavastane-karvapiim-250ml\/","title":{"rendered":"Botaniqa Show Line pusavastane karvapiim 250ml"},"content":{"rendered":"<p><b>Loodusliku p\u00e4ritoluga koostisosadel p\u00f5hinev pusavastane sprei, mis on loodud aitama hoida karva pusavabana.<\/b><br \/>&#13;<br \/>\nPusavastane piim aitab toime tulla karva hooldamise raskustega, nagu pusad, vildistumine ja s\u00f5lmed. Ei muuda karva struktuuri, muudab kammimise lihtsamaks ja ei m\u00f5juta karva v\u00e4rvi. Piimjas koostis v\u00f5imaldab toodet kanda otse pusadele ja vildistunud kohtadele.<br \/>&#13;<br \/>\n<br \/>&#13;<br \/>\n<b>Kasutamine<\/b><br \/>&#13;<br \/>\nPihusta niiskele v\u00f5i kuivale karvale. Harja l\u00e4bi, et toode \u00fchtlaselt jaotuks. Kasuta alati, kui vaja. Loputamine ei ole vajalik. Pusade eemaldamiseks kanna otse pusale, oota minut ja seej\u00e4rel kammi.<br \/>&#13;<br \/>\n<br \/>&#13;<br \/>\n<b>Koostis<\/b><br \/>&#13;<br \/>\nVesi, gl\u00fctseriin, kvaternium-98, h\u00fcdrol\u00fc\u00fcsitud jaanikaunaseemne ekstrakt, avokaadovilja ekstrakt, punavetikate ekstrakt, pol\u00fcg\u00fctser\u00fc\u00fcl-6 kaprilaat, pol\u00fcg\u00fctser\u00fc\u00fcl-3 kookos\u00f5li derivaat, pol\u00fcg\u00fctser\u00fc\u00fcl-4 kapraat, pol\u00fcg\u00fctser\u00fc\u00fcl-6 ritsinoleaat, l\u00f5hnaaine, s\u00e4ilitusaine.<br \/>&#13;<br \/>\n<br \/>&#13;<br \/>\nParabeenide, sulfaatide, v\u00e4rvainete, PEG-ide, alkoholi ja silikoonide vaba!<\/p>\n","protected":false},"excerpt":{"rendered":"<p>Botaniqa pusavastane sprei koertele.<\/p>\n","protected":false},"featured_media":18867,"template":"","meta":[],"product_cat":[2123],"product_tag":[],"class_list":{"0":"post-18866","1":"product","2":"type-product","3":"status-publish","4":"has-post-thumbnail","6":"product_cat-sampoonid","7":"pa_brand-botaniqa","8":"pa_ean-3405","9":"pa_kaal-0-250","10":"pa_tootjariik-poola","12":"first","13":"instock","14":"taxable","15":"shipping-taxable","16":"purchasable","17":"product-type-simple"},"_links":{"self":[{"href":"https:\/\/kasskoer.ee\/en\/wp-json\/wp\/v2\/product\/18866","targetHints":{"allow":["GET"]}}],"collection":[{"href":"https:\/\/kasskoer.ee\/en\/wp-json\/wp\/v2\/product"}],"about":[{"href":"https:\/\/kasskoer.ee\/en\/wp-json\/wp\/v2\/types\/product"}],"wp:featuredmedia":[{"embeddable":true,"href":"https:\/\/kasskoer.ee\/en\/wp-json\/wp\/v2\/media\/18867"}],"wp:attachment":[{"href":"https:\/\/kasskoer.ee\/en\/wp-json\/wp\/v2\/media?parent=18866"}],"wp:term":[{"taxonomy":"product_cat","embeddable":true,"href":"https:\/\/kasskoer.ee\/en\/wp-json\/wp\/v2\/product_cat?post=18866"},{"taxonomy":"product_tag","embeddable":true,"href":"https:\/\/kasskoer.ee\/en\/wp-json\/wp\/v2\/product_tag?post=18866"}],"curies":[{"name":"wp","href":"https:\/\/api.w.org\/{rel}","templated":true}]}}