{"id":18869,"date":"2026-04-20T03:10:24","date_gmt":"2026-04-20T00:10:24","guid":{"rendered":"https:\/\/kasskoer.ee\/product\/botaniqa-active-line-smooth-control-karvakreem-150ml\/"},"modified":"2026-04-20T03:10:24","modified_gmt":"2026-04-20T00:10:24","slug":"botaniqa-active-line-smooth-control-karvakreem-150ml","status":"publish","type":"product","link":"https:\/\/kasskoer.ee\/en\/toode\/botaniqa-active-line-smooth-control-karvakreem-150ml\/","title":{"rendered":"Botaniqa Active Line Smooth Control karvakreem 150ml"},"content":{"rendered":"<p><b>Intensiivselt silendav kreem aitab koheselt karva vormida ja kontrollida vol\u00fc\u00fcmi, lisades samas lisas\u00e4ra.<\/b><br \/>&#13;<br \/>\nKreem muudab karva siledaks, raskemaks ning j\u00e4tab meeldivalt loomuliku tunde ilma kleepuvuseta. Suurep\u00e4rane abivahend karva kontrolli all hoidmiseks igal ajal, k\u00f5igile karvat\u00fc\u00fcpidele.<br \/>&#13;<br \/>\n<br \/>&#13;<br \/>\n<b>Kasutamine<\/b><br \/>&#13;<br \/>\nKanna 2\u20133 pumbat\u00e4it kreemi k\u00e4tele ja jaota \u00fchtlaselt pestud karvale. Seej\u00e4rel f\u00f6\u00f6nita ja harja, et luua soovitud vorm.&#13;<br \/>\nV\u00f5ib kasutada ka kuival karval \u2013 kanna kreem nagu eelnevalt, seej\u00e4rel harja l\u00e4bi, et saavutada soovitud efekt.&#13;<br \/>\nKui soovid vaid anda karvale raskust, kanna kontrollkreem karvale ja j\u00e4ta sisse, seej\u00e4rel harja hoolikalt.<br \/>&#13;<br \/>\n<br \/>&#13;<br \/>\n<b>Koostis<\/b><br \/>&#13;<br \/>\nVesi, gl\u00fctseriin, kapr\u00fc\u00fcl-\/kapetrahappelised trigl\u00fctseriidid, gl\u00fctser\u00fc\u00fclstearaat, PEG-40 h\u00fcdrogeenitud ritsiini\u00f5li, akr\u00fclaadid\/C10\u201330 alkiil akr\u00fclaadi ristpol\u00fcmeer, dinatrium EDTA, tseetear\u00fc\u00fclalkohol, naatriumstear\u00fc\u00fcllaktaat, rapsi\/aleuritesfordi \u00f5li kopol\u00fcmeer, tokoferool (E-vitamiin), trietanoolamiin, bens\u00fc\u00fclalkohol, et\u00fc\u00fclheks\u00fc\u00fclgl\u00fctseriin, l\u00f5hnaaine, limoneen.<\/p>\n","protected":false},"excerpt":{"rendered":"<p>Botaniqa karva silendav ja kontrolliv kreem koertele.<\/p>\n","protected":false},"featured_media":18870,"template":"","meta":[],"product_cat":[2123],"product_tag":[],"class_list":{"0":"post-18869","1":"product","2":"type-product","3":"status-publish","4":"has-post-thumbnail","6":"product_cat-sampoonid","7":"pa_brand-botaniqa","8":"pa_ean-3406","9":"pa_kaal-0-220","10":"pa_tootjariik-poola","12":"first","13":"instock","14":"taxable","15":"shipping-taxable","16":"purchasable","17":"product-type-simple"},"_links":{"self":[{"href":"https:\/\/kasskoer.ee\/en\/wp-json\/wp\/v2\/product\/18869","targetHints":{"allow":["GET"]}}],"collection":[{"href":"https:\/\/kasskoer.ee\/en\/wp-json\/wp\/v2\/product"}],"about":[{"href":"https:\/\/kasskoer.ee\/en\/wp-json\/wp\/v2\/types\/product"}],"wp:featuredmedia":[{"embeddable":true,"href":"https:\/\/kasskoer.ee\/en\/wp-json\/wp\/v2\/media\/18870"}],"wp:attachment":[{"href":"https:\/\/kasskoer.ee\/en\/wp-json\/wp\/v2\/media?parent=18869"}],"wp:term":[{"taxonomy":"product_cat","embeddable":true,"href":"https:\/\/kasskoer.ee\/en\/wp-json\/wp\/v2\/product_cat?post=18869"},{"taxonomy":"product_tag","embeddable":true,"href":"https:\/\/kasskoer.ee\/en\/wp-json\/wp\/v2\/product_tag?post=18869"}],"curies":[{"name":"wp","href":"https:\/\/api.w.org\/{rel}","templated":true}]}}