{"id":18876,"date":"2026-04-20T03:05:11","date_gmt":"2026-04-20T00:05:11","guid":{"rendered":"https:\/\/kasskoer.ee\/product\/ravital-turkey-lamb-rabbit-konserv-kutsikatele-800g\/"},"modified":"2026-04-20T03:05:13","modified_gmt":"2026-04-20T00:05:13","slug":"ravital-turkey-lamb-rabbit-konserv-kutsikatele-800g","status":"publish","type":"product","link":"https:\/\/kasskoer.ee\/en\/toode\/ravital-turkey-lamb-rabbit-konserv-kutsikatele-800g\/","title":{"rendered":"Ravital Turkey, Lamb &#038; Rabbit konserv kutsikatele 800g"},"content":{"rendered":"<p><b>Ravital kalkuni-, lamba- ja k\u00fc\u00fclikulihaga funktsionaalne konserv. T\u00e4iss\u00f6\u00f6t kutsikatele ning tiinetele ja imetavatele koertele.<\/b>&#13;<\/p>\n<li>K\u00f5rge valgusisaldus.<\/li>\n<p>&#13;<\/p>\n<li>Rikkalikult oomega-3 ja oomega-6 rasvhappeid.<\/li>\n<p>&#13;<\/p>\n<li>Teravilja- ja gluteenivaba.<\/li>\n<p>&#13;<\/p>\n<li>Tasakaalustatud toitained.<\/li>\n<p>&#13;<\/p>\n<li>Toetab seedes\u00fcsteemi tervist.<\/li>\n<p>&#13;<br \/>\n<br \/>&#13;<br \/>\n<b>Koostis<\/b><br \/>&#13;<br \/>\n50% kalkun (28% kalkuniliha, 10% maks, 8% lihasmaod, 4% s\u00fcda), 10% lammas (8% lambaliha, 2% lihasmaod), 8% k\u00fc\u00fclik (k\u00fc\u00fclikuliha), 26,5% lihapuljong, 4% porgand, 1% mineraalid, 0,2% l\u00f5he\u00f5li, 0,1% \u00f5llep\u00e4rm, 0,1% Yucca Mojave ekstrakt, 0,1% spirulina.<br \/>&#13;<br \/>\n<br \/>&#13;<br \/>\n<b>Anal\u00fc\u00fctilised koostisosad<\/b><br \/>&#13;<br \/>\nToorvalk 11 %, toorrasv 7 %, toortuhk 1,4 %, toorkiud 0,6 %, niiskus 78 %, kaltsium 0,3 %, fosfor 0,2 %.<br \/>&#13;<br \/>\n<br \/>&#13;<br \/>\n<b>S\u00f6\u00f6dalisandid (kg kohta)<\/b><br \/>&#13;<br \/>\nToitainelised lisandid: vitamiin A 2670 R\u00dc, vitamiin D 290 R\u00dc, vitamiin E 50 mg, tsink (tsinksulfaadi monoh\u00fcdraat) 42 mg, mangaan (monoh\u00fcdraat) 1,5 mg, vask (vasksulfaat) 1,3 mg, jood (kaltsiumjodaat) 0,83 mg.<br \/>&#13;<br \/>\n<br \/>&#13;<br \/>\n<b>S\u00f6\u00f6tmisjuhend<\/b><br \/>&#13;<br \/>\nS\u00f6\u00f6ta toatemperatuuril. Avatuna s\u00e4ilitada k\u00fclmkapis ja tarbida 2 p\u00e4eva jooksul. Soovituslikud s\u00f6\u00f6tmisnormid vaata pakendil olevast tabelist. Individuaalsed vajadused s\u00f5ltuvad teguritest nagu vanus, t\u00f5ug ja aktiivsus. V\u00e4rske vesi peab alati olema saadaval.<\/p>\n","protected":false},"excerpt":{"rendered":"<p>Kasvamist toetav gluteenivaba konservtoit.<\/p>\n","protected":false},"featured_media":18877,"template":"","meta":[],"product_cat":[688,106],"product_tag":[],"class_list":{"0":"post-18876","1":"product","2":"type-product","3":"status-publish","4":"has-post-thumbnail","6":"product_cat-koerad","7":"product_cat-konservid-koertele","8":"pa_brand-ravital","9":"pa_ean-3410","10":"pa_kaal-0-800","11":"pa_tootjariik-poola","13":"first","14":"instock","15":"taxable","16":"shipping-taxable","17":"purchasable","18":"product-type-simple"},"_links":{"self":[{"href":"https:\/\/kasskoer.ee\/en\/wp-json\/wp\/v2\/product\/18876","targetHints":{"allow":["GET"]}}],"collection":[{"href":"https:\/\/kasskoer.ee\/en\/wp-json\/wp\/v2\/product"}],"about":[{"href":"https:\/\/kasskoer.ee\/en\/wp-json\/wp\/v2\/types\/product"}],"wp:featuredmedia":[{"embeddable":true,"href":"https:\/\/kasskoer.ee\/en\/wp-json\/wp\/v2\/media\/18877"}],"wp:attachment":[{"href":"https:\/\/kasskoer.ee\/en\/wp-json\/wp\/v2\/media?parent=18876"}],"wp:term":[{"taxonomy":"product_cat","embeddable":true,"href":"https:\/\/kasskoer.ee\/en\/wp-json\/wp\/v2\/product_cat?post=18876"},{"taxonomy":"product_tag","embeddable":true,"href":"https:\/\/kasskoer.ee\/en\/wp-json\/wp\/v2\/product_tag?post=18876"}],"curies":[{"name":"wp","href":"https:\/\/api.w.org\/{rel}","templated":true}]}}