{"id":18884,"date":"2026-04-20T03:05:11","date_gmt":"2026-04-20T00:05:11","guid":{"rendered":"https:\/\/kasskoer.ee\/product\/ravital-pork-lamb-konserv-koerale-400g\/"},"modified":"2026-04-20T03:05:14","modified_gmt":"2026-04-20T00:05:14","slug":"ravital-pork-lamb-konserv-koerale-400g","status":"publish","type":"product","link":"https:\/\/kasskoer.ee\/en\/toode\/ravital-pork-lamb-konserv-koerale-400g\/","title":{"rendered":"Ravital Pork &#038; Lamb konserv koerale 400g"},"content":{"rendered":"<p><b>Ravital sea- ja lambalihaga funktsionaalne konserv. T\u00e4iss\u00f6\u00f6t t\u00e4iskasvanud koertele.<\/b>&#13;<\/p>\n<li>Terve nahk ja karvkate \u2013 oomega-3 ja oomega-6 rasvhapped.<\/li>\n<p>&#13;<\/p>\n<li>K\u00f5rge valgusisaldus \u2013 toetab terveid lihaseid ja nahka.<\/li>\n<p>&#13;<\/p>\n<li>Gluteenivaba koostis \u2013 kergesti seeditav ja v\u00e4hendab allergiariski.<\/li>\n<p>&#13;<\/p>\n<li>Rikkalik vitamiinide ja mineraalide poolest \u2013 sisaldab vitamiini E ja biotiini.<\/li>\n<p>&#13;<\/p>\n<li>Toetab immuuns\u00fcsteemi \u2013 aitab hoida naha ja karvkatte tervist ning \u00fcldist heaolu.<\/li>\n<p>&#13;<br \/>\n<br \/>&#13;<br \/>\n<b>Koostis<\/b><br \/>&#13;<br \/>\n53% siga (28% liha, 12% kopsud, 8% maks, 5% hingetoru), 15% lammas (8% lamba liha, 4% lihasmaod, 3% hingetoru), 26,7% lihapuljong, 4% porgand, 1% mineraalid, 0,2% l\u00f5he\u00f5li, 0,1% basiilik.<br \/>&#13;<br \/>\n<br \/>&#13;<br \/>\n<b>Anal\u00fc\u00fctilised koostisosad<\/b><br \/>&#13;<br \/>\nToorvalk 10,5 %, toorrasv 7 %, toortuhk 1,4 %, toorkiud 0,6 %, niiskus 78 %, kaltsium 0,3 %, fosfor 0,2 %.<br \/>&#13;<br \/>\n<br \/>&#13;<br \/>\n<b>S\u00f6\u00f6dalisandid (kg kohta)<\/b><br \/>&#13;<br \/>\nToitainelised lisandid: vitamiin A 2670 R\u00dc, vitamiin D 290 R\u00dc, vitamiin E 50 mg, tsink (tsinksulfaadi monoh\u00fcdraat) 42 mg, mangaan (monoh\u00fcdraat) 1,5 mg, vask (vasksulfaat) 1,3 mg, jood (kaltsiumjodaat) 0,83 mg.<br \/>&#13;<br \/>\n<br \/>&#13;<br \/>\n<b>S\u00f6\u00f6tmisjuhend<\/b><br \/>&#13;<br \/>\nS\u00f6\u00f6ta toatemperatuuril. Avatuna s\u00e4ilitada k\u00fclmkapis ja tarbida 2 p\u00e4eva jooksul. Soovituslikud s\u00f6\u00f6tmisnormid vaata pakendil olevast tabelist. Individuaalsed vajadused s\u00f5ltuvad teguritest nagu vanus, t\u00f5ug ja aktiivsus. V\u00e4rske vesi peab alati olema saadaval.<\/p>\n","protected":false},"excerpt":{"rendered":"<p>Karva ja nahka toetav gluteenivaba konservtoit.<\/p>\n","protected":false},"featured_media":18885,"template":"","meta":[],"product_cat":[688,106],"product_tag":[],"class_list":{"0":"post-18884","1":"product","2":"type-product","3":"status-publish","4":"has-post-thumbnail","6":"product_cat-koerad","7":"product_cat-konservid-koertele","8":"pa_brand-ravital","9":"pa_ean-3414","10":"pa_kaal-0-400","11":"pa_tootjariik-poola","13":"first","14":"outofstock","15":"taxable","16":"shipping-taxable","17":"purchasable","18":"product-type-simple"},"_links":{"self":[{"href":"https:\/\/kasskoer.ee\/en\/wp-json\/wp\/v2\/product\/18884","targetHints":{"allow":["GET"]}}],"collection":[{"href":"https:\/\/kasskoer.ee\/en\/wp-json\/wp\/v2\/product"}],"about":[{"href":"https:\/\/kasskoer.ee\/en\/wp-json\/wp\/v2\/types\/product"}],"wp:featuredmedia":[{"embeddable":true,"href":"https:\/\/kasskoer.ee\/en\/wp-json\/wp\/v2\/media\/18885"}],"wp:attachment":[{"href":"https:\/\/kasskoer.ee\/en\/wp-json\/wp\/v2\/media?parent=18884"}],"wp:term":[{"taxonomy":"product_cat","embeddable":true,"href":"https:\/\/kasskoer.ee\/en\/wp-json\/wp\/v2\/product_cat?post=18884"},{"taxonomy":"product_tag","embeddable":true,"href":"https:\/\/kasskoer.ee\/en\/wp-json\/wp\/v2\/product_tag?post=18884"}],"curies":[{"name":"wp","href":"https:\/\/api.w.org\/{rel}","templated":true}]}}