{"id":18894,"date":"2026-04-20T03:05:11","date_gmt":"2026-04-20T00:05:11","guid":{"rendered":"https:\/\/kasskoer.ee\/product\/ravital-duck-wild-boar-rabbit-konserv-koerale-800g\/"},"modified":"2026-04-20T03:05:14","modified_gmt":"2026-04-20T00:05:14","slug":"ravital-duck-wild-boar-rabbit-konserv-koerale-800g","status":"publish","type":"product","link":"https:\/\/kasskoer.ee\/en\/toode\/ravital-duck-wild-boar-rabbit-konserv-koerale-800g\/","title":{"rendered":"Ravital Duck, Wild Boar &#038; Rabbit konserv koerale 800g"},"content":{"rendered":"<p><b>Ravital pardi, metssea ja k\u00fc\u00fclikulihaga funktsionaalne konserv. T\u00e4iss\u00f6\u00f6t t\u00e4iskasvanud koertele.<\/b>&#13;<\/p>\n<li>Vitamiinid C ja E \u2013 aitavad koeral t\u00f5husalt kaitsta end nakkuste ja haiguste eest.<\/li>\n<p>&#13;<\/p>\n<li>Mitmest allikast p\u00e4rit kvaliteetne valk \u2013 tugevdab lihaseid ja toetab koera \u00fcldist tervist.<\/li>\n<p>&#13;<\/p>\n<li>Gluteenivaba koostis \u2013 kergesti seeditav ja v\u00e4hendab allergiariski.<\/li>\n<p>&#13;<\/p>\n<li>Tasakaalustatud toitained \u2013 rikkalikult vitamiine, mineraale ja aminohappeid.<\/li>\n<p>&#13;<\/p>\n<li>Oomega-3 ja oomega-6 rasvhapped \u2013 aitavad hoida koera naha tervena ja karva l\u00e4ikivana.<\/li>\n<p>&#13;<br \/>\n<br \/>&#13;<br \/>\n<b>Koostis<\/b><br \/>&#13;<br \/>\n30% part (18% pardiliha, 8% maks, 4% s\u00fcda), 30% metssiga (metsssea liha), 8% k\u00fc\u00fclik (k\u00fc\u00fclikuliha), 26,7% lihapuljong, 3% \u00f5un, 1% mineraalid, 1% j\u00f5hvikad, 0,2% linaseemne\u00f5li, 0,1% kibuvits.<br \/>&#13;<br \/>\n<br \/>&#13;<br \/>\n<b>Anal\u00fc\u00fctilised koostisosad<\/b><br \/>&#13;<br \/>\nToorvalk 11,2 %, toorrasv 7,5 %, toortuhk 13 %, toorkiud 0,5 %, niiskus 77 %, kaltsium 0,3 %, fosfor 0,2 %.<br \/>&#13;<br \/>\n<br \/>&#13;<br \/>\n<b>S\u00f6\u00f6dalisandid (kg kohta)<\/b><br \/>&#13;<br \/>\nToitainelised lisandid: vitamiin A 2670 R\u00dc, vitamiin D 290 R\u00dc, vitamiin E 50 mg, tsink (tsinksulfaadi monoh\u00fcdraat) 42 mg, mangaan (monoh\u00fcdraat) 1,5 mg, vask (vasksulfaat) 1,3 mg, jood (kaltsiumjodaat) 0,83 mg.<br \/>&#13;<br \/>\n<br \/>&#13;<br \/>\n<b>S\u00f6\u00f6tmisjuhend<\/b><br \/>&#13;<br \/>\nS\u00f6\u00f6ta toatemperatuuril. Avatuna s\u00e4ilitada k\u00fclmkapis ja tarbida 2 p\u00e4eva jooksul. Soovituslikud s\u00f6\u00f6tmisnormid vaata pakendil olevast tabelist. Individuaalsed vajadused s\u00f5ltuvad teguritest nagu vanus, t\u00f5ug ja aktiivsus. V\u00e4rske vesi peab alati olema saadaval.<\/p>\n","protected":false},"excerpt":{"rendered":"<p>Immuunsust toetav gluteenivaba konservtoit.<\/p>\n","protected":false},"featured_media":18895,"template":"","meta":[],"product_cat":[688,106],"product_tag":[],"class_list":{"0":"post-18894","1":"product","2":"type-product","3":"status-publish","4":"has-post-thumbnail","6":"product_cat-koerad","7":"product_cat-konservid-koertele","8":"pa_brand-ravital","9":"pa_ean-3419","10":"pa_kaal-0-800","11":"pa_tootjariik-poola","13":"first","14":"outofstock","15":"taxable","16":"shipping-taxable","17":"purchasable","18":"product-type-simple"},"_links":{"self":[{"href":"https:\/\/kasskoer.ee\/en\/wp-json\/wp\/v2\/product\/18894","targetHints":{"allow":["GET"]}}],"collection":[{"href":"https:\/\/kasskoer.ee\/en\/wp-json\/wp\/v2\/product"}],"about":[{"href":"https:\/\/kasskoer.ee\/en\/wp-json\/wp\/v2\/types\/product"}],"wp:featuredmedia":[{"embeddable":true,"href":"https:\/\/kasskoer.ee\/en\/wp-json\/wp\/v2\/media\/18895"}],"wp:attachment":[{"href":"https:\/\/kasskoer.ee\/en\/wp-json\/wp\/v2\/media?parent=18894"}],"wp:term":[{"taxonomy":"product_cat","embeddable":true,"href":"https:\/\/kasskoer.ee\/en\/wp-json\/wp\/v2\/product_cat?post=18894"},{"taxonomy":"product_tag","embeddable":true,"href":"https:\/\/kasskoer.ee\/en\/wp-json\/wp\/v2\/product_tag?post=18894"}],"curies":[{"name":"wp","href":"https:\/\/api.w.org\/{rel}","templated":true}]}}