{"id":18920,"date":"2026-04-20T03:05:14","date_gmt":"2026-04-20T00:05:14","guid":{"rendered":"https:\/\/kasskoer.ee\/product\/bubu-pets-koeramaius-lambavorstikesed-500g\/"},"modified":"2026-04-20T03:05:14","modified_gmt":"2026-04-20T00:05:14","slug":"bubu-pets-koeramaius-lambavorstikesed-500g","status":"publish","type":"product","link":"https:\/\/kasskoer.ee\/en\/toode\/bubu-pets-koeramaius-lambavorstikesed-500g\/","title":{"rendered":"Bubu Pets koeramaius lambavorstikesed 500g"},"content":{"rendered":"<p><b>Bubu Pets lambavorstikesed &#8211; t\u00e4iends\u00f6\u00f6t t\u00e4iskasvanud koerale.<\/b>&#13;<\/p>\n<li>Suur taassuletav pakend &#8211; nii j\u00e4tkub lemmikule r\u00f5\u00f5mu pikemaks ajaks.<\/li>\n<p>&#13;<\/p>\n<li>V\u00e4ga maitsekad &#8211; isu\u00e4ratavad ka valivale lemmikule.<\/li>\n<p>&#13;<\/p>\n<li>Gluteenivaba &#8211; ideaalne koertele, kellel on gluteenitalumatus.<\/li>\n<p>&#13;<\/p>\n<li>Tervislik maius &#8211; k\u00f5rge valgusisaldus ja liha toetavad lihaste arengut.<\/li>\n<p>&#13;<br \/>\n<br \/>&#13;<br \/>\n<b>Koostis<\/b><br \/>&#13;<br \/>\nLammas 90%, maisit\u00e4rklis 4%, hernevalk 4%, gl\u00fctseriin 2%.<br \/>&#13;<br \/>\n<br \/>&#13;<br \/>\n<b>Anal\u00fc\u00fctilised koostisosad<\/b><br \/>&#13;<br \/>\nToorvalk 30%, toorkiud 2%, toorrasv 4%, toortuhk 3%, niiskus 22%.<br \/>&#13;<br \/>\n<br \/>&#13;<br \/>\n<b>S\u00f6\u00f6tmisjuhend<\/b><br \/>&#13;<br \/>\nAndke maiust vastavalt koera suurusele. Tagage koerale alati v\u00e4rske vee olemasolu. S\u00e4ilitada jahedas ja kuivas kohas suletuna.<\/p>\n","protected":false},"excerpt":{"rendered":"<p>Maitsvad ja toitainerikkad maiused lemmikule.<\/p>\n","protected":false},"featured_media":18921,"template":"","meta":[],"product_cat":[1210,688],"product_tag":[],"class_list":{"0":"post-18920","1":"product","2":"type-product","3":"status-publish","4":"has-post-thumbnail","6":"product_cat-koerte-maiused","7":"product_cat-koerad","8":"pa_brand-bubu-pets","9":"pa_ean-3428","10":"pa_kaal-0-500","11":"pa_tootjariik-hiina","13":"first","14":"instock","15":"taxable","16":"shipping-taxable","17":"purchasable","18":"product-type-simple"},"_links":{"self":[{"href":"https:\/\/kasskoer.ee\/en\/wp-json\/wp\/v2\/product\/18920","targetHints":{"allow":["GET"]}}],"collection":[{"href":"https:\/\/kasskoer.ee\/en\/wp-json\/wp\/v2\/product"}],"about":[{"href":"https:\/\/kasskoer.ee\/en\/wp-json\/wp\/v2\/types\/product"}],"wp:featuredmedia":[{"embeddable":true,"href":"https:\/\/kasskoer.ee\/en\/wp-json\/wp\/v2\/media\/18921"}],"wp:attachment":[{"href":"https:\/\/kasskoer.ee\/en\/wp-json\/wp\/v2\/media?parent=18920"}],"wp:term":[{"taxonomy":"product_cat","embeddable":true,"href":"https:\/\/kasskoer.ee\/en\/wp-json\/wp\/v2\/product_cat?post=18920"},{"taxonomy":"product_tag","embeddable":true,"href":"https:\/\/kasskoer.ee\/en\/wp-json\/wp\/v2\/product_tag?post=18920"}],"curies":[{"name":"wp","href":"https:\/\/api.w.org\/{rel}","templated":true}]}}